{"id":237,"date":"2016-02-03T10:39:54","date_gmt":"2016-02-03T08:39:54","guid":{"rendered":"http:\/\/aianduskool.ee\/maasikas6brad\/?page_id=237"},"modified":"2016-02-23T13:25:54","modified_gmt":"2016-02-23T11:25:54","slug":"kuumaasika-raviomadused-ja-toitevaartus","status":"publish","type":"page","link":"https:\/\/aianduskool.ee\/maasikas6brad\/artiklid\/kuumaasika-raviomadused-ja-toitevaartus\/","title":{"rendered":"Kuumaasika raviomadused ja toitev\u00e4\u00e4rtus"},"content":{"rendered":"<p><b>Kuumaasikas kui metsmaasika teisend evib k\u00f5iki neid v\u00e4\u00e4rtusi, mis metsmaasikaski. <\/b>Metsmaasikat kui ravimtaime tundsid ja kasutasid juba vanad Eesti h\u00f5imud. Kasutust leidis kogu taimne maapealne osa ehk \u00fcrt ja seda alates \u00f5itsemisest. Ravimina kasutati nii lehti, \u00f5isi, k\u00fcpsemata ja k\u00fcpsenud marju. <span style=\"color: #ccffcc;\"><strong>V\u00f5ib a<\/strong><b>rvata, et metsmaasikat oskas hinnata juba kiviaja inimene<\/b><\/span>. Keskajal kasvatati metsmaasikat ja kuumaasikat lossi- ning kloostriaedades nii ilu- kui ravimtaimena.<\/p>\n<p><span style=\"color: #ccffcc;\"><b>Metsmaasikad ja metsmaasika\u00fcrt aitavad v\u00e4ljutada organismist liigset vett ja halba kolesterooli, kusi- ja oblikhapet.<\/b><\/span> Seega sobivad nad v\u00e4ga h\u00e4sti s\u00fcdame ja veresoonkonnahaigetele, podagra leevendamisel, liigesevalude mahendamisel, maksavaevuste ja j\u00e4mesoolep\u00f5letike raviks. Metsmaasikaid soovitatakse s\u00fc\u00fca ka neerukivit\u00f5ve ja p\u00f5rnahaiguste korral. Metsmaasikatee t\u00f5stab \u00f5pi- ja t\u00f6\u00f6v\u00f5imet ning v\u00e4hendab organismi pingeseisundit ehk stressi.<\/p>\n<p>Maasikad sisaldavad ens\u00fc\u00fcmi nimetusega maleiinhape, mida leidub ka valgendavates hambapastades. Hammaste valgendamiseks v\u00f5ib v\u00e4rskelt purustatud maasikap\u00fcreed vastu hambaid h\u00f5\u00f5ruda v\u00f5i kasutada nagu hambapastat, lasta minut seista ja loputada seej\u00e4rel veega.<\/p>\n<p>Metsmaasikalehetee\u00a0 on tugevaim ravim kui maasikad ise. Selline tee puhastab organismi j\u00e4\u00e4kainetest. V\u00e4lispidiselt k\u00f5lbab sellise teega loputada suud ja kurku nii halva suul\u00f5hna mahendamiseks kui limaskestade haavandite parandamiseks.<\/p>\n<p>Kuna metsmaasikas on palju salits\u00fc\u00fclhapet, siis on ta v\u00e4ga hea looduslik palaviku alandaja. Salits\u00fc\u00fclhape on ka v\u00e4ga hea looduslik s\u00e4ilitusaine ja seega vajavad metsmaasikahoidised v\u00e4hem suhkrut. Kuumaasikatele piisab kui lisame neile maitse j\u00e4rgi suhkrut, p\u00fcreestame ja s\u00e4ilitame harilikus k\u00fclmikus m\u00f5ni n\u00e4dal. S\u00fcgavk\u00fclmikus v\u00f5ib sellist hoidist s\u00e4ilitada aga saagist saagini.<\/p>\n<p>Juba \u00fcsna v\u00e4ike kogus metsmaasikaid peletab n\u00e4ljatunnet, sest nad sisaldavad hulgaliselt meile vajalikke vitamiine ja mineraale. Just nende puudus igap\u00e4evases toidus p\u00f5hjustabki liigs\u00f6\u00f6mist. Eluliselt t\u00e4htsatest elementidest on maasikates palju kaaliumi, kaltsiumi, fosforit, rauda, magneesiumi, koobaltit ja mangaani. Vitamiinidest sisaldab metsmaasikas kaks korda rohkem C-vitamiini kui mandariin (pea 80-90 mg%), lisandub karoteen, B-r\u00fchma vitamiinid, E- ja K-vitamiin ning foolhape. Foolhape tugevdab m\u00e4lu ja sobib seega nii lapsele kui vanale, sest \u00f5ppimine olevat elukestev protsess. Maasikas sisaldab joodi ja kompenseerib joodivaegust igap\u00e4evases toidus ja joogivees. Maasikas sobib ka suhkruhaige toidulauale \u2014 tal on suhkrutaset alandav toime.<\/p>\n<p><span style=\"color: #ccffcc;\"><b>Parim viis kuumaasikaid s\u00e4ilitada on need \u00e4ra kuivatada<\/b>.<\/span> Selliselt saab neid kasutada rosinate asemel, segada m\u00fcsli koostisesse, s\u00fc\u00fca koos vahukoore, kohupiimakreemi ja j\u00e4\u00e4tisega. Eriti sobilikud on kuivatatud metsmaasikad toorsalatite lisandiks, sobides h\u00e4sti nii magusate kui soolaste toorsalatite maitsestamiseks, aga ka lihamarinaadidele. Kuivatamiseks laota metsmaasikad \u00f5hukese kihina kilele v\u00f5i j\u00f5upaberile. Kuivatamiseks on sobilik soe ja tuuline varjualune. V\u00e4iksema koguse korral on sobilik kasutada toidukuivatit ehk deh\u00fcdraatorit. Kuivatamiseks asetada maasikad s\u00f5eltele \u00fchekordse kihina. Kuivatamist alusta +40&#8230;+50\u00b0C ja l\u00f5peta\u00a0+60\u00b0C juures. Kuivatatud maasikad peavad olema s\u00f5rmede vahel muditavad, ega tohi eraldada mahla. S\u00e4ilita kuivatatud maasikaid paberpakendis v\u00f5i riidest kotis, toatemperatuuril ja kuivas kohas ning mitte \u00fcle kahe aasta.<\/p>\n<p><span style=\"color: #ccffcc;\"><b>NB! Kahjuks ei talu k\u00f5ik metsmaasikat ja seega ka kuumaasikat<\/b><\/span>. Piisab juba v\u00e4ikesest kogusest marjadest, et tekib nahapunetus, iiveldus ja k\u00f5hulahtisus. Seega \u00fclitundlikuse korral tuleb maasikatest loobuda. Iga uue kasutuskorraga v\u00f5ib selline reaktsioon pigem tugevneda kui kaduda. Sageli m\u00f5juvad just nii ainult mets- ja kuumaasikad, v\u00e4hem aedmaasikad.<\/p>\n<p><img loading=\"lazy\" decoding=\"async\" class=\"alignright wp-image-270 \" src=\"http:\/\/aianduskool.ee\/maasikas6brad\/wp-content\/uploads\/2016\/02\/832-373234-300x201.jpg\" alt=\"\" width=\"287\" height=\"192\" srcset=\"https:\/\/aianduskool.ee\/maasikas6brad\/wp-content\/uploads\/2016\/02\/832-373234-300x201.jpg 300w, https:\/\/aianduskool.ee\/maasikas6brad\/wp-content\/uploads\/2016\/02\/832-373234.jpg 480w\" sizes=\"auto, (max-width: 287px) 100vw, 287px\" \/><\/p>\n<ul>\n<li><span style=\"color: #ccffcc;\"><b>Hea ja s\u00fcgava une tee.<\/b><\/span>\u00a0V\u00f5ta v\u00f5rdsetes kogustes kuivatatud metsmaasika\u00fcrti, p\u00e4rna\u00f5isi ja melissi. V\u00f5ta 1 kuhjas tl mainitud segu, vala peale 1 klaas keeva vett ja lase kaane all t\u00f5mmata joodava temperatuurini. Magusta soovi korral meega. Veelgi parem on teha r\u00f6stsai ja m\u00e4\u00e4rida peale mett ning s\u00fc\u00fca see unetee k\u00f5rvale \u00e4ra. Sellist protseduuri soovitatakse teha 15 minutit enne magamaminekut. Ravikuur v\u00f5iks kesta paar n\u00e4dalat ja siis pidada n\u00e4dal vahet.<\/li>\n<li><span style=\"color: #ccffcc;\"><b>Organismi puhastav ja toidu seedimist soodustav maasikalehetee<\/b>.<\/span> V\u00f5ta 1 kuhjas sl kuivatatud lehti. Vala peale 1 klaas keeva vett ja lase termoses 10 minuti seista.\u00a0 Seej\u00e4rel kurna ja tarvita 1\/2 klaasi kolm korda p\u00e4evas enne s\u00f6\u00f6ki. Ravikuuri kestus 2 n\u00e4dalat.<\/li>\n<li><span style=\"color: #ccffcc;\"><b>Maasikamask<\/b>.<\/span> Kel on probleeme n\u00e4onahaga, saab samuti maasikast abi \u2014 ta eemaldab pigmendilaike ja tedret\u00e4hne. L\u00f5henenud n\u00e4onahale tee j\u00e4rgmine protseduur: m\u00e4\u00e4ri n\u00e4gu maasikamahlaga, aseta siis maasika viljaliha 20 minutiks n\u00e4ole ja h\u00f5\u00f5ru see vatitopiga nahasse. Pese sooja veega v\u00f5i k\u00fclmas piimas niisutatud vatitopiga. Hea on ka kohupiima-maasika mask.<\/li>\n<\/ul>\n<p><span style=\"color: #ccffcc;\"><strong>Tarkusi jagas \u00f5petaja Toivo Niiberg<\/strong><\/span><\/p>\n","protected":false},"excerpt":{"rendered":"<p>Kuumaasikas kui metsmaasika teisend evib k\u00f5iki neid v\u00e4\u00e4rtusi, mis metsmaasikaski. Metsmaasikat kui ravimtaime tundsid ja kasutasid juba vanad Eesti h\u00f5imud. Kasutust leidis kogu taimne maapealne osa ehk \u00fcrt ja seda alates \u00f5itsemisest. Ravimina kasutati nii lehti, \u00f5isi, k\u00fcpsemata ja k\u00fcpsenud marju. V\u00f5ib arvata, et metsmaasikat oskas hinnata juba kiviaja inimene. Keskajal kasvatati metsmaasikat ja kuumaasikat lossi- ning kloostriaedades nii ilu- kui ravimtaimena. Metsmaasikad ja metsmaasika\u00fcrt aitavad v\u00e4ljutada organismist liigset vett ja halba kolesterooli, kusi- ja oblikhapet. Seega sobivad nad v\u00e4ga h\u00e4sti s\u00fcdame ja veresoonkonnahaigetele, podagra leevendamisel, liigesevalude mahendamisel, maksavaevuste ja j\u00e4mesoolep\u00f5letike raviks. Metsmaasikaid soovitatakse s\u00fc\u00fca ka neerukivit\u00f5ve ja p\u00f5rnahaiguste korral&#8230;<\/p>\n","protected":false},"author":1,"featured_media":0,"parent":97,"menu_order":0,"comment_status":"closed","ping_status":"closed","template":"","meta":{"footnotes":""},"class_list":["post-237","page","type-page","status-publish","hentry"],"_links":{"self":[{"href":"https:\/\/aianduskool.ee\/maasikas6brad\/wp-json\/wp\/v2\/pages\/237","targetHints":{"allow":["GET"]}}],"collection":[{"href":"https:\/\/aianduskool.ee\/maasikas6brad\/wp-json\/wp\/v2\/pages"}],"about":[{"href":"https:\/\/aianduskool.ee\/maasikas6brad\/wp-json\/wp\/v2\/types\/page"}],"author":[{"embeddable":true,"href":"https:\/\/aianduskool.ee\/maasikas6brad\/wp-json\/wp\/v2\/users\/1"}],"replies":[{"embeddable":true,"href":"https:\/\/aianduskool.ee\/maasikas6brad\/wp-json\/wp\/v2\/comments?post=237"}],"version-history":[{"count":5,"href":"https:\/\/aianduskool.ee\/maasikas6brad\/wp-json\/wp\/v2\/pages\/237\/revisions"}],"predecessor-version":[{"id":562,"href":"https:\/\/aianduskool.ee\/maasikas6brad\/wp-json\/wp\/v2\/pages\/237\/revisions\/562"}],"up":[{"embeddable":true,"href":"https:\/\/aianduskool.ee\/maasikas6brad\/wp-json\/wp\/v2\/pages\/97"}],"wp:attachment":[{"href":"https:\/\/aianduskool.ee\/maasikas6brad\/wp-json\/wp\/v2\/media?parent=237"}],"curies":[{"name":"wp","href":"https:\/\/api.w.org\/{rel}","templated":true}]}}