{"id":310,"date":"2016-02-04T10:53:31","date_gmt":"2016-02-04T08:53:31","guid":{"rendered":"http:\/\/aianduskool.ee\/maasikas6brad\/?page_id=310"},"modified":"2016-03-08T14:10:39","modified_gmt":"2016-03-08T12:10:39","slug":"maasika-vaetamine","status":"publish","type":"page","link":"https:\/\/aianduskool.ee\/maasikas6brad\/artiklid\/maasika-vaetamine\/","title":{"rendered":"Maasika v\u00e4etamine"},"content":{"rendered":"<p>Maasikataimed on mullaviljakuse suhtes \u00fcpris n\u00f5udlikud taimed. Ainult viljakas mullas, kus on piisavas koguses toitaineid, kasvatavad taimed hea maasikasaagi. Sellet\u00f5ttu on v\u00e4etamine maasikataimede kasvatamisel v\u00e4ga t\u00e4htis. V\u00f5ib ju k\u00fcsida, et kuidas siis looduses kasvavad maasikad meile saaki annavad, sest neid taimi ju keegi ei v\u00e4eta. M\u00f5tleme sellele, millises taimekoosluses maasikad meil loodsuslikult kasvavad.<\/p>\n<p>Tavaliselt leiame maasikaid h\u00f5redamast metsast, raiesmikelt, puisniitudelt ja aasadelt, kus on piisavalt valgust ja ka puid-p\u00f5\u00f5said. Looduses kasvavate taimede v\u00e4etamise eest kannab hoolt loodus ise. Igal s\u00fcgisel langevad puudelt lehed, kolletub hein &#8211; kogu taimmaterjal hakkab lagunema, mille\u00a0tagaj\u00e4rjel tekib huumus. Mida rohkem on mullas huumust, seda viljakam on ka muld. Kodus saame igal s\u00fcgisel aiast kokku riisuda k\u00f5ik puulehed ja panna need komposti. Komposti saame aga taimede toitmiseks j\u00e4rgnevatel aastatel kasutada.<\/p>\n<p>Kui maasikataimi kasvatame peenral, siis me tihti korrastame seda, rohime umbrohtusid ja j\u00e4tame kasvama ainult maasikataimed. Selline taimede kasvatamine ei v\u00f5imalda kuigi palju huumusel tekkida. Pole sellist materjali, millest saaks palju huumust\u00a0tekkida. Sellep\u00e4rast\u00a0peamegi hakkama ise taimi toitma ehk v\u00e4etama.<\/p>\n<p>Veelgi keerukam on maasikataimi edukalt potis, toas\u00a0nagu m\u00f5nda toalille kasvatada. Potis on taime jaoks k\u00fcllaltki v\u00e4he mulda (v\u00f5rreldes aiapeenraga), mis sisaldab istutamise ajal piisavalt toitaineid. Kasvamise k\u00e4igus taim omastab juurte abil mullast toitaineid. Nii toitainete hulk potis olevast mullast v\u00e4heneb. Toitainete hulk v\u00e4heneb ka siis, kui me taime kastame, sest kastmisveega liiguvad toitained alustaldrikule.<\/p>\n<p>Kuna maasikataime juured ei saa kasvada mujal kui ainult mullas, mille oleme potti pannud ja aja jooksul toitainete hulk selles\u00a0v\u00e4heneb, v\u00f5ib taimedel tekkida toitainete puudus. Selle v\u00e4ltimiseks peame maasikataimi v\u00e4etama.<\/p>\n<div id=\"attachment_311\" style=\"width: 310px\" class=\"wp-caption alignright\"><img loading=\"lazy\" decoding=\"async\" aria-describedby=\"caption-attachment-311\" class=\"wp-image-311 size-medium\" src=\"http:\/\/aianduskool.ee\/maasikas6brad\/wp-content\/uploads\/2016\/02\/sp-7e08-300x297.jpg\" alt=\"toitainete puudus maasikataimedel\" width=\"300\" height=\"297\" srcset=\"https:\/\/aianduskool.ee\/maasikas6brad\/wp-content\/uploads\/2016\/02\/sp-7e08-300x297.jpg 300w, https:\/\/aianduskool.ee\/maasikas6brad\/wp-content\/uploads\/2016\/02\/sp-7e08-150x150.jpg 150w, https:\/\/aianduskool.ee\/maasikas6brad\/wp-content\/uploads\/2016\/02\/sp-7e08.jpg 360w\" sizes=\"auto, (max-width: 300px) 100vw, 300px\" \/><p id=\"caption-attachment-311\" class=\"wp-caption-text\">Joonis 1. Kloroos maasikalehtedel.<\/p><\/div>\n<h4><span style=\"color: #ccffcc;\">Kuidas ma aru saan, et maasikataimel on toidust puudu?<\/span><\/h4>\n<p>K\u00f5ige p\u00f5hilisem tunnus, mille j\u00e4rgi saab toitainetepuudust m\u00e4\u00e4rata v\u00f5i \u00e4ra tunda, on lehtede v\u00e4rvimuutused ja kolletumine. Kui maasikataime lehed muutuvad kollakasroheliseks\u00a0on selge, et taimel on toitainetepuudus. Selliste lehtede ilmnemisel on kindlasti tarvis hakata maasikataimi v\u00e4etama. Veelgi parem oleks, kui selliseid lehti taimele \u00fcldse ei teki.<\/p>\n<p>Sobilikke v\u00e4etiseid, mida kasutada on v\u00e4ga palju. V\u00e4etamisel v\u00f5ib kasutada nii looduslikke kui ka\u00a0tehislikke v\u00e4etiseid. Looduslikest v\u00e4etistest on meile aianduskauplustest k\u00e4ttesaadavad erinevad kompostid, mereadru- ja vetikaekstraktid. Tehislikke v\u00e4etiseid on samuti palju, mille hulgast valida. Pakkumises on nii spetsiaalselt maasika v\u00e4etamiseks m\u00f5eldud v\u00e4etisi kui ka universaalseid v\u00e4etisi, mis sobivad tihti ka maasikale.<\/p>\n<h4><strong><span style=\"color: #ccffcc;\">PANE T\u00c4HELE!<\/span><\/strong><\/h4>\n<ul>\n<li>Alati loe v\u00e4etise pakendil olevat kasutusjuhendit.<\/li>\n<li>Kasuta v\u00e4etist ainult nii nagu juhis \u00fctleb.<\/li>\n<li>N\u00e4rtsinud taime ei tohi v\u00e4etada. Kasta taime ja oota kuni taim on muutunud normaalseks. Alles siis v\u00e4eta.<\/li>\n<li>Kuivas mullas kasvavat taime ei tohi v\u00e4etada. Kasta enne muld veega m\u00e4rjaks ja alles siis v\u00e4eta.<\/li>\n<li>V\u00e4eta taimi pilvise ilmaga. Kui p\u00e4ike paistab aknalaual olevatele taimele, t\u00f5sta v\u00e4etamise j\u00e4rel taim m\u00f5neks ajaks aknalaualt eemale.<\/li>\n<li>V\u00e4etamisel j\u00e4lgi, et v\u00e4etis ei satuks taime osadele (lehtedele,\u00a0vartele, \u00f5itele, viljadele).<\/li>\n<li>Esimest korda v\u00e4eta taimi 3-4 n\u00e4dalat p\u00e4rast \u00fcmberistutamist.<\/li>\n<li>Tehislikud v\u00e4etised v\u00f5ivada kokkupuutel nahaga tekitada l\u00f6\u00f6vetaolisi n\u00e4htusid, s\u00fcgelust v\u00f5i suisa allergiat.<\/li>\n<li>V\u00e4etised ei ole m\u00f5eldud inimese toiduks. \u00c4rme suhu pane! \ud83d\ude42<\/li>\n<\/ul>\n<p>&nbsp;<\/p>\n<p><strong><span style=\"color: #ccffcc;\">M\u00f5tteid ja tarkust jagas \u00f5petaja Katrin Uurman<\/span><\/strong><\/p>\n","protected":false},"excerpt":{"rendered":"<p>Maasikataimed on mullaviljakuse suhtes \u00fcpris n\u00f5udlikud taimed. Ainult viljakas mullas, kus on piisavas koguses toitaineid, kasvatavad taimed hea maasikasaagi. Sellet\u00f5ttu on v\u00e4etamine maasikataimede kasvatamisel v\u00e4ga t\u00e4htis. V\u00f5ib ju k\u00fcsida, et kuidas siis looduses kasvavad maasikad meile saaki annavad, sest neid taimi ju keegi ei v\u00e4eta. M\u00f5tleme sellele, millises taimekoosluses maasikad meil loodsuslikult kasvavad. Tavaliselt leiame maasikaid h\u00f5redamast metsast, raiesmikelt, puisniitudelt ja aasadelt, kus on piisavalt valgust ja ka puid-p\u00f5\u00f5said. Looduses kasvavate taimede v\u00e4etamise eest kannab hoolt loodus ise. Igal s\u00fcgisel langevad puudelt lehed, kolletub hein &#8211; kogu taimmaterjal hakkab lagunema, mille\u00a0tagaj\u00e4rjel tekib huumus. Mida rohkem on mullas huumust, seda viljakam..<\/p>\n","protected":false},"author":4,"featured_media":0,"parent":97,"menu_order":0,"comment_status":"closed","ping_status":"closed","template":"","meta":{"footnotes":""},"class_list":["post-310","page","type-page","status-publish","hentry"],"_links":{"self":[{"href":"https:\/\/aianduskool.ee\/maasikas6brad\/wp-json\/wp\/v2\/pages\/310","targetHints":{"allow":["GET"]}}],"collection":[{"href":"https:\/\/aianduskool.ee\/maasikas6brad\/wp-json\/wp\/v2\/pages"}],"about":[{"href":"https:\/\/aianduskool.ee\/maasikas6brad\/wp-json\/wp\/v2\/types\/page"}],"author":[{"embeddable":true,"href":"https:\/\/aianduskool.ee\/maasikas6brad\/wp-json\/wp\/v2\/users\/4"}],"replies":[{"embeddable":true,"href":"https:\/\/aianduskool.ee\/maasikas6brad\/wp-json\/wp\/v2\/comments?post=310"}],"version-history":[{"count":5,"href":"https:\/\/aianduskool.ee\/maasikas6brad\/wp-json\/wp\/v2\/pages\/310\/revisions"}],"predecessor-version":[{"id":679,"href":"https:\/\/aianduskool.ee\/maasikas6brad\/wp-json\/wp\/v2\/pages\/310\/revisions\/679"}],"up":[{"embeddable":true,"href":"https:\/\/aianduskool.ee\/maasikas6brad\/wp-json\/wp\/v2\/pages\/97"}],"wp:attachment":[{"href":"https:\/\/aianduskool.ee\/maasikas6brad\/wp-json\/wp\/v2\/media?parent=310"}],"curies":[{"name":"wp","href":"https:\/\/api.w.org\/{rel}","templated":true}]}}