{"id":339,"date":"2016-02-10T14:54:32","date_gmt":"2016-02-10T12:54:32","guid":{"rendered":"http:\/\/aianduskool.ee\/maasikas6brad\/?page_id=339"},"modified":"2016-02-23T13:27:49","modified_gmt":"2016-02-23T11:27:49","slug":"kui-loodus-rundab","status":"publish","type":"page","link":"https:\/\/aianduskool.ee\/maasikas6brad\/artiklid\/kui-loodus-rundab\/","title":{"rendered":"Kui loodus r\u00fcndab&#8230;"},"content":{"rendered":"<p>Meie maakeral elavad k\u00f5rvuti nii taimed kui ka loomad \u00a0&#8211; nii on see olnud juba miljoneid aastaid. Taimed salvestavad energiat, mida loomad hiljem tarbivad \u00a0&#8211; see on \u00fcks osa toiduahelast. Eelmisel aastal \u00f5ppisime, kuidas taimi kaitsta- sel aastal tuletame meelde, kuidas see k\u00e4is.<\/p>\n<p>Miks taimekaitse? Paljud v\u00f5ivad esitada sarnase k\u00fcsimuse. Taimekaitse on olulise t\u00e4htsusega k\u00f5ikide taimede kasvatamisel. S\u00f5na &#8220;TAIMEKAITSE&#8221; tekitab paljudes inimestes vastakaid tundeid, me oleme ju k\u00f5ik kuulnud erinevate taimekaitsevahendite k\u00f5rvalm\u00f5judest nii inimestele, loomadele, lindudele kui ka veekogudele&#8230; Kuidas siis toimida, et meie saaksime tarbida taimi ning teisalt ei kasutaks\u00a0keskkonnale kahjulikke vahendeid? Kas see on \u00fcldse v\u00f5imalik?<\/p>\n<p>R\u00e4pina Aianduskoolis ei kasuta\u00a0<b>mitte \u00fchtegi keemilist taimekaitsevahendit!<\/b>\u00a0Kahjuritega v\u00f5itleme ainult\u00a0looduslikke meetodeid kasutades. Kasutust leiavad erinevad taimsed preparaadid, samuti vedel roheline seep. Lisaks kasutame putukaid, kes toituvad nendest putukatest, kes meie taimedest toituvad.<\/p>\n<p>Ka\u00a0<b>teile\u00a0saadetud\u00a0taimi<\/b>\u00a0ei\u00a0ole\u00a0R\u00e4pina Aianduskoolis<b>\u00a0keemiliste taimekaitsevahenditega pritsitud<\/b>. Soovime, et taimed oleksid ainult kasulikud ning neid saaksid kasvatada ja saaki tarbida\u00a0k\u00f5ik projektis osalejad. Kuna looduslike vahendite m\u00f5ju ei kesta pikka aega, tulebki pidevalt taimi j\u00e4lgida ning vajadusel kahjustajaid t\u00f5rjuda.<\/p>\n<p>K\u00f5ige kergem on toime tulla lehet\u00e4idega. Neid v\u00f5ib leida <b>noortelt lehtedelt<\/b>. Lehet\u00e4id on pehme kehakattega, v\u00e4ikesed &#8211; kuni 5 mm suurused, rohekad putukad, kellele meeldib taimemahla imeda.\u00a0INIMESTELE\u00a0EI TEE LEHET\u00c4ID MITTE MIDAGI!<\/p>\n<p>Kasvuhoones kasutame\u00a0lehet\u00e4ide t\u00f5rjeks teist putukat, kelle nimi on <b>afiidius<\/b>. Tema h\u00e4vitab lehet\u00e4id \u00e4ra. Lehet\u00e4idega\u00a0saab v\u00f5idelda ka <b>vedela rohelise seebiga <\/b>ning poest v\u00f5ib osta nende t\u00f5rjeks preparaati\u00a0<b>NeemAzal T\/S <\/b>-i v\u00f5i t\u00f5rjevahendit<b> Neko<\/b>. K\u00f5ik nimetatud vahendid on looduslikud. Kuna <b>looduslikud vahendid<\/b> lehet\u00e4ide v\u00e4ikeseid <b>mune ei h\u00e4vita<\/b>, tulebki oma taimi pidevalt j\u00e4lgida ning vajadusel &#8211;\u00a0siis, kui\u00a0lehet\u00e4id munades seest\u00a0v\u00e4lja\u00a0tulevad\u00a0ja taimemahla imema\u00a0hakkavad &#8211; t\u00f5rje ette v\u00f5tta.<\/p>\n<p><span style=\"color: #ccffcc;\"><strong>LEHET\u00c4IDEGA K\u00c4ITUMISE JUHIS<\/strong><\/span><\/p>\n<p>Vaata <b>1-2 korda<\/b> n\u00e4dalas oma taimede<b>\u00a0noorte lehtede alumisi k\u00fclgi<\/b>. Kui m\u00e4rkad rohekaid, v\u00e4ikeseid lehet\u00e4isid, v\u00f5id j\u00e4rgnevatest meetoditest\u00a0valida \u00fche sobiliku.<\/p>\n<ol>\n<li><strong>Pesemine.<\/strong> Pese \u00f5rnalt taime lehtede alumisi k\u00fclgi jooksva vee all nii, et lehet\u00e4id taimedelt eemalduvad. Kontrolli taimi 3 p\u00e4eva p\u00e4rast, vajadusel korda pesemist. J\u00e4tka kontrollimist ning pesemist ka edaspidi.<\/li>\n<li><strong>Mahap\u00fchkimine.<\/strong> P\u00fchi vatit\u00fckiga taimeosadelt lehet\u00e4id maha. Hiljem kogu lehet\u00e4id paberiga kokku ja viska \u00e4ra. Kontrolli oma taimi 3 p\u00e4eva p\u00e4rast ja vajadusel korda tegevust. J\u00e4tka kontrollimist ning\u00a0t\u00f5rjet ka edaspidi.<\/li>\n<\/ol>\n<p>Aianduskooli\u00a0moto\u00a0on &#8220;Nutikas loodusl\u00e4hedasem elu&#8221;, mis t\u00e4hendab \u00f5ppida elama koos loodusega, seda v\u00f5imalikult v\u00e4he h\u00e4irides.<\/p>\n<p>Kuidas me eelmisel aastal taimkaitset tegime? Vaata <a href=\"https:\/\/www.youtube.com\/watch?v=QGpKoM1RPV8\" target=\"_blank\">videost<\/a> j\u00e4rgi!<\/p>\n<p><span style=\"color: #ccffcc;\"><b>\u00dclevaate loodsuss\u00e4\u00e4stlikust t\u00f5rjest koostas\u00a0\u00f5petaja Tairi Albert<\/b><\/span><\/p>\n","protected":false},"excerpt":{"rendered":"<p>Meie maakeral elavad k\u00f5rvuti nii taimed kui ka loomad \u00a0&#8211; nii on see olnud juba miljoneid aastaid. Taimed salvestavad energiat, mida loomad hiljem tarbivad \u00a0&#8211; see on \u00fcks osa toiduahelast. Eelmisel aastal \u00f5ppisime, kuidas taimi kaitsta- sel aastal tuletame meelde, kuidas see k\u00e4is. Miks taimekaitse? Paljud v\u00f5ivad esitada sarnase k\u00fcsimuse. Taimekaitse on olulise t\u00e4htsusega k\u00f5ikide taimede kasvatamisel. S\u00f5na &#8220;TAIMEKAITSE&#8221; tekitab paljudes inimestes vastakaid tundeid, me oleme ju k\u00f5ik kuulnud erinevate taimekaitsevahendite k\u00f5rvalm\u00f5judest nii inimestele, loomadele, lindudele kui ka veekogudele&#8230; Kuidas siis toimida, et meie saaksime tarbida taimi ning teisalt ei kasutaks\u00a0keskkonnale kahjulikke vahendeid? Kas see on \u00fcldse v\u00f5imalik? R\u00e4pina Aianduskoolis..<\/p>\n","protected":false},"author":4,"featured_media":0,"parent":97,"menu_order":0,"comment_status":"closed","ping_status":"closed","template":"","meta":{"footnotes":""},"class_list":["post-339","page","type-page","status-publish","hentry"],"_links":{"self":[{"href":"https:\/\/aianduskool.ee\/maasikas6brad\/wp-json\/wp\/v2\/pages\/339","targetHints":{"allow":["GET"]}}],"collection":[{"href":"https:\/\/aianduskool.ee\/maasikas6brad\/wp-json\/wp\/v2\/pages"}],"about":[{"href":"https:\/\/aianduskool.ee\/maasikas6brad\/wp-json\/wp\/v2\/types\/page"}],"author":[{"embeddable":true,"href":"https:\/\/aianduskool.ee\/maasikas6brad\/wp-json\/wp\/v2\/users\/4"}],"replies":[{"embeddable":true,"href":"https:\/\/aianduskool.ee\/maasikas6brad\/wp-json\/wp\/v2\/comments?post=339"}],"version-history":[{"count":5,"href":"https:\/\/aianduskool.ee\/maasikas6brad\/wp-json\/wp\/v2\/pages\/339\/revisions"}],"predecessor-version":[{"id":565,"href":"https:\/\/aianduskool.ee\/maasikas6brad\/wp-json\/wp\/v2\/pages\/339\/revisions\/565"}],"up":[{"embeddable":true,"href":"https:\/\/aianduskool.ee\/maasikas6brad\/wp-json\/wp\/v2\/pages\/97"}],"wp:attachment":[{"href":"https:\/\/aianduskool.ee\/maasikas6brad\/wp-json\/wp\/v2\/media?parent=339"}],"curies":[{"name":"wp","href":"https:\/\/api.w.org\/{rel}","templated":true}]}}