{"id":158,"date":"2023-01-05T11:59:14","date_gmt":"2023-01-05T09:59:14","guid":{"rendered":"https:\/\/aianduskool.ee\/maasikasobrad2023\/?page_id=158"},"modified":"2023-02-16T15:29:18","modified_gmt":"2023-02-16T13:29:18","slug":"esimene-nadal","status":"publish","type":"page","link":"https:\/\/aianduskool.ee\/maasikasobrad2023\/blogid\/esimene-nadal\/","title":{"rendered":"Esimene n\u00e4dal"},"content":{"rendered":"<p>Armsad maasikas\u00f5brad!<\/p>\n<p>K\u00e4tte j\u00f5udnud kauaoodatud\u00a0p\u00e4ev,\u00a0<strong>14. veebruar \u2013 projekti alguse p\u00e4ev.<\/strong><\/p>\n<p>Suur-suur ait\u00e4h k\u00f5igile, kes on meid taimede k\u00e4ttesaamisest teavitanud. Samuti t\u00e4name k\u00f5iki toredate piltide jagamise eest meie Facebooki grupis.<\/p>\n<p>N\u00fc\u00fcd l\u00e4hemalt sellest, mis projekti esimesel n\u00e4dalal juhtuma hakkab.<\/p>\n<p><strong>1. projekti n\u00e4dal (13.\u2013 19. veebruar)<\/strong><\/p>\n<p>Esimesel projektin\u00e4dalal tutvuge kindlasti projekti kodulehega, et aru saada, kus miski paikneb ning millist infot kodulehelt on v\u00f5imalik leida.<br \/>\nProjekti esimesel n\u00e4dalal algab juba traditsiooniline, n\u00e4dala k\u00fcsimuse vastamine. K\u00fcsimust saab n\u00e4ha ja sellele vastata, kui logida projekti kodulehele sisse men\u00fc\u00fc \u201cViktoriin\u201d alt. N\u00e4dala k\u00fcsimused on valikvastustega, testi vormis. K\u00fcsimusele ei pea kohe vastama. V\u00f5ib teha nii: n\u00e4iteks esmasp\u00e4eval vaatate k\u00fcsimuse \u00e4ra, vastate aga hoopis neljap\u00e4eval.\u00a0N\u00e4dala k\u00fcsimusele saab vastata esmasp\u00e4evast reedeni. N\u00e4dala k\u00fcsimustele vastamisega kogume punkte. Iga \u00f5ige vastus annab \u00fche punkti. K\u00f5ige rohkem projekti jooksul punkte kogunud r\u00fchma\/ klassi ootab projekti l\u00f5pus vahva \u00fcllatus! Koolivaheaja n\u00e4dalatel viktoriin peatub. Siis uusi n\u00e4dala k\u00fcsimusi ei ole.<\/p>\n<p>14<strong>. veebruaril algab\u00a0<a href=\"https:\/\/aianduskool.ee\/maasikasobrad2023\/projektipaeviku-blogi-konkurss-14-veebruar-14-mai-2023\/\">projektip\u00e4eviku konkurss<\/a>,<\/strong> mis kestab projekti l\u00f5puni (14.05.2023). Konkursit\u00f6\u00f6le esitavate n\u00f5uetega saate tutvuda linkide alt v\u00f5i uurides men\u00fc\u00fcst \u201cKonkursid\u201d. Linke projektip\u00e4evikutele v\u00f5ite saata meile kogu projekti jooksul.<\/p>\n<p>Kindlasti tutvuge men\u00fc\u00fc \u201cKatse\u201d alt katse k\u00e4igu ja kogutavate katseandmetega. Sellelt lehelt leiate abitabeli, mille v\u00f5ite endale arvutisse salvestada v\u00f5i paberile printida. Katseandmeid ootame teilt projekti l\u00f5pus tagasi. Katseandmete edastamisest r\u00e4\u00e4gime siis, kui aeg on seda teha.<\/p>\n<p><strong>Esimesel projekti n\u00e4dalal laseme maasikataimedel uue kasvukoha tingimustega kohaneda.<\/strong><\/p>\n<p>Men\u00fc\u00fcst \u201cKalender\u201d leiate projekti kalendri, kus on kirjas tegevused, mis meid ees ootavad. Kalendrit t\u00e4iendatakse \u00a0jooksvalt.<\/p>\n<p>Kindlasti leidke projekti kodulehelt \u00fcles ka n\u00e4dala nipp. See hakkab meil igal n\u00e4dalal vahetuma.<\/p>\n<p><strong>\u00dcks n\u00f5uanne!\u00a0<\/strong><br \/>\n\u00dchinedes Facebooki grupiga \u201cMaasikas\u00f5brad\u201d<strong> kindlasti vastake n\u00f5utud k\u00fcsimustele<\/strong>. Administraator ei lisa gruppi \u00fchtegi inimest, kes ei ole k\u00fcsimustele vastanud. Tegemist on kinnise grupiga ja nii v\u00e4ldime projektiga mitteseotud inimeste sattumist gruppi.<\/p>\n<p>Projekti meeskond soovib k\u00f5igile s\u00f5pradele m\u00f5nusat kaasal\u00f6\u00f6mist!<\/p>\n","protected":false},"excerpt":{"rendered":"<p>Armsad maasikas\u00f5brad! K\u00e4tte j\u00f5udnud kauaoodatud\u00a0p\u00e4ev,\u00a014. veebruar \u2013 projekti alguse p\u00e4ev. Suur-suur ait\u00e4h k\u00f5igile, kes on meid taimede k\u00e4ttesaamisest teavitanud. Samuti t\u00e4name k\u00f5iki toredate piltide jagamise eest meie Facebooki grupis. N\u00fc\u00fcd l\u00e4hemalt sellest, mis projekti esimesel n\u00e4dalal juhtuma hakkab. 1. projekti n\u00e4dal (13.\u2013 19. veebruar) Esimesel projektin\u00e4dalal tutvuge kindlasti projekti kodulehega, et aru saada, kus miski paikneb ning millist infot kodulehelt on v\u00f5imalik leida. Projekti esimesel n\u00e4dalal algab juba traditsiooniline, n\u00e4dala k\u00fcsimuse vastamine. K\u00fcsimust saab n\u00e4ha ja sellele vastata, kui logida projekti kodulehele sisse men\u00fc\u00fc \u201cViktoriin\u201d alt. N\u00e4dala k\u00fcsimused on valikvastustega, testi vormis. K\u00fcsimusele ei pea kohe vastama. V\u00f5ib teha nii:..<\/p>\n","protected":false},"author":2,"featured_media":0,"parent":25,"menu_order":0,"comment_status":"closed","ping_status":"closed","template":"","meta":{"footnotes":""},"class_list":["post-158","page","type-page","status-publish","hentry"],"_links":{"self":[{"href":"https:\/\/aianduskool.ee\/maasikasobrad2023\/wp-json\/wp\/v2\/pages\/158","targetHints":{"allow":["GET"]}}],"collection":[{"href":"https:\/\/aianduskool.ee\/maasikasobrad2023\/wp-json\/wp\/v2\/pages"}],"about":[{"href":"https:\/\/aianduskool.ee\/maasikasobrad2023\/wp-json\/wp\/v2\/types\/page"}],"author":[{"embeddable":true,"href":"https:\/\/aianduskool.ee\/maasikasobrad2023\/wp-json\/wp\/v2\/users\/2"}],"replies":[{"embeddable":true,"href":"https:\/\/aianduskool.ee\/maasikasobrad2023\/wp-json\/wp\/v2\/comments?post=158"}],"version-history":[{"count":2,"href":"https:\/\/aianduskool.ee\/maasikasobrad2023\/wp-json\/wp\/v2\/pages\/158\/revisions"}],"predecessor-version":[{"id":203,"href":"https:\/\/aianduskool.ee\/maasikasobrad2023\/wp-json\/wp\/v2\/pages\/158\/revisions\/203"}],"up":[{"embeddable":true,"href":"https:\/\/aianduskool.ee\/maasikasobrad2023\/wp-json\/wp\/v2\/pages\/25"}],"wp:attachment":[{"href":"https:\/\/aianduskool.ee\/maasikasobrad2023\/wp-json\/wp\/v2\/media?parent=158"}],"curies":[{"name":"wp","href":"https:\/\/api.w.org\/{rel}","templated":true}]}}