{"id":209,"date":"2023-02-20T10:19:34","date_gmt":"2023-02-20T08:19:34","guid":{"rendered":"https:\/\/aianduskool.ee\/maasikasobrad2023\/?page_id=209"},"modified":"2023-02-20T10:24:27","modified_gmt":"2023-02-20T08:24:27","slug":"1-nadala-kokkuvote","status":"publish","type":"page","link":"https:\/\/aianduskool.ee\/maasikasobrad2023\/blogid\/1-nadala-kokkuvote\/","title":{"rendered":"1.n\u00e4dala kokkuv\u00f5te"},"content":{"rendered":"<p>Maasikakasvatusprojekti esimene n\u00e4dal ongi juba selja taha j\u00e4\u00e4nud. K\u00f5ik maasikataimed on oma uued kasvukohad leidnud.<\/p>\n<p>Ait\u00e4h k\u00f5igile r\u00fchmadele, kes meiega oma toredaid pilte jagasid. Suur r\u00f5\u00f5m oli n\u00e4ha, et maasikataimed olid s\u00f5prade juurde v\u00e4ga oodatud \ud83d\ude42<\/p>\n<p>K\u00f5ik registreerunud r\u00fchmade juhendajad said endale konto, millele sisse logides saate vastata igan\u00e4dalasele viktoriini k\u00fcsimusele. Viktoriiniga j\u00e4tkame projekti l\u00f5puni- igal n\u00e4dalal (v\u00e4lja arvatud kooli vaheajal) on vastamiseks avatud uus k\u00fcsimus.<\/p>\n<p>Juba praegu saate alustada oma kasvatusprotsessi p\u00e4eviku (blogi) koostamisega. Lisage link projekti kodulehele rubriiki blogi (lingi saate lisada kommentaarina). Siis on ka teistel maasikas\u00f5pradel v\u00f5imalus j\u00e4lgida, kuidas teie kasvatusprotsess kulgeb. Projekti l\u00f5ppedes peame parimad blogipidajaid ka kindlasti meeles \ud83d\ude42<\/p>\n<p>Projekti teisel n\u00e4dalal vasta viktoriini k\u00fcsimusele, otsi projekti kodulehelt \u00fcles uus n\u00e4dala nipp. Loe kasulikke artikleid, m\u00e4ngi m\u00f5ni tore maasikateemaline m\u00e4ng.<\/p>\n<p>Istuta maasikataim \u00fcmber suuremasse potti, et tal oleks toredam kasvada. Istutamiseks vajalikke \u00f5ppevideosid saad vaadata projekti kodulehelt rubriigist videod.<\/p>\n<p>Algab tolmeldamispintsli meisterdamise konkurss. Rohkem infot leiad <a href=\"https:\/\/aianduskool.ee\/maasikasobrad2023\/tolmeldamispintsli-meisterdamise-konkurss-20-veebruar-12-marts-2023\/\">siit<\/a>. Tolmeldamispintsli meisterdamise konkurss kestab kuni 12.m\u00e4rtsini.<\/p>\n<p>Vahelduseks tee m\u00f5ni \u00e4ge pilt ja kirjuta blogisse, kuidas p\u00e4ev s\u00f5pradega l\u00e4ks.<\/p>\n<p>Pikka liugu ja magusaid kukleid vastlap\u00e4evaks!<\/p>\n<p>&nbsp;<\/p>\n<p>PS! Kevade alguseni on j\u00e4\u00e4nud ainult 29.p\u00e4eva \ud83d\ude42<\/p>\n","protected":false},"excerpt":{"rendered":"<p>Maasikakasvatusprojekti esimene n\u00e4dal ongi juba selja taha j\u00e4\u00e4nud. K\u00f5ik maasikataimed on oma uued kasvukohad leidnud. Ait\u00e4h k\u00f5igile r\u00fchmadele, kes meiega oma toredaid pilte jagasid. Suur r\u00f5\u00f5m oli n\u00e4ha, et maasikataimed olid s\u00f5prade juurde v\u00e4ga oodatud \ud83d\ude42 K\u00f5ik registreerunud r\u00fchmade juhendajad said endale konto, millele sisse logides saate vastata igan\u00e4dalasele viktoriini k\u00fcsimusele. Viktoriiniga j\u00e4tkame projekti l\u00f5puni- igal n\u00e4dalal (v\u00e4lja arvatud kooli vaheajal) on vastamiseks avatud uus k\u00fcsimus. Juba praegu saate alustada oma kasvatusprotsessi p\u00e4eviku (blogi) koostamisega. Lisage link projekti kodulehele rubriiki blogi (lingi saate lisada kommentaarina). Siis on ka teistel maasikas\u00f5pradel v\u00f5imalus j\u00e4lgida, kuidas teie kasvatusprotsess kulgeb. Projekti l\u00f5ppedes peame parimad..<\/p>\n","protected":false},"author":2,"featured_media":0,"parent":25,"menu_order":0,"comment_status":"closed","ping_status":"closed","template":"","meta":{"footnotes":""},"class_list":["post-209","page","type-page","status-publish","hentry"],"_links":{"self":[{"href":"https:\/\/aianduskool.ee\/maasikasobrad2023\/wp-json\/wp\/v2\/pages\/209","targetHints":{"allow":["GET"]}}],"collection":[{"href":"https:\/\/aianduskool.ee\/maasikasobrad2023\/wp-json\/wp\/v2\/pages"}],"about":[{"href":"https:\/\/aianduskool.ee\/maasikasobrad2023\/wp-json\/wp\/v2\/types\/page"}],"author":[{"embeddable":true,"href":"https:\/\/aianduskool.ee\/maasikasobrad2023\/wp-json\/wp\/v2\/users\/2"}],"replies":[{"embeddable":true,"href":"https:\/\/aianduskool.ee\/maasikasobrad2023\/wp-json\/wp\/v2\/comments?post=209"}],"version-history":[{"count":5,"href":"https:\/\/aianduskool.ee\/maasikasobrad2023\/wp-json\/wp\/v2\/pages\/209\/revisions"}],"predecessor-version":[{"id":214,"href":"https:\/\/aianduskool.ee\/maasikasobrad2023\/wp-json\/wp\/v2\/pages\/209\/revisions\/214"}],"up":[{"embeddable":true,"href":"https:\/\/aianduskool.ee\/maasikasobrad2023\/wp-json\/wp\/v2\/pages\/25"}],"wp:attachment":[{"href":"https:\/\/aianduskool.ee\/maasikasobrad2023\/wp-json\/wp\/v2\/media?parent=209"}],"curies":[{"name":"wp","href":"https:\/\/api.w.org\/{rel}","templated":true}]}}