{"id":219,"date":"2023-02-27T09:50:51","date_gmt":"2023-02-27T07:50:51","guid":{"rendered":"https:\/\/aianduskool.ee\/maasikasobrad2023\/?page_id=219"},"modified":"2023-02-27T09:51:17","modified_gmt":"2023-02-27T07:51:17","slug":"2-nadala-kokkuvote","status":"publish","type":"page","link":"https:\/\/aianduskool.ee\/maasikasobrad2023\/blogid\/2-nadala-kokkuvote\/","title":{"rendered":"2.n\u00e4dala kokkuv\u00f5te"},"content":{"rendered":"<p>Hea maasikas\u00f5ber!<\/p>\n<p>M\u00f6\u00f6dunud n\u00e4dal oli tegus ja toimekas \u2013 vastata sai n\u00e4dala k\u00fcsimusele, lugeda uut nippi,\u00a0 istutada, pildistada, meisterdada ja blogida. \ud83d\ude42<\/p>\n<p>Maasikataimed istutati \u00fcmber suuremasse kasvukohta. Paljud r\u00fchmad leidsid oma hoolealustele toredad nimed.<\/p>\n<p>Suureks \u00fcllatuseks otsustas \u00fche osaleja maasikataim juba \u00f5isi n\u00e4idata \ud83d\ude42<\/p>\n<p>L\u00e4inud n\u00e4dalal oli v\u00f5imalik alustada tolmeldamispintslite meisterdamisega, sellega saab veel j\u00e4tkata sel ja j\u00e4rgmisel n\u00e4dalalgi.<\/p>\n<p>Kolmandal projektin\u00e4dalal tuleb j\u00e4tkata taimede hooldamisega ja kirjutada blogis k\u00f5igest toredast ja huvitavast.<\/p>\n<p>Kui taimed on veel suuremasse kasvukeskkonda \u00fcmber istutamata, siis v\u00f5iks seda sellel n\u00e4dalal kindlasti teha. \ud83d\ude42<\/p>\n<p>Samuti j\u00e4lgi, et ere p\u00e4ike taimede lehtedele liiga ei teeks ja, et taimed janusse ei j\u00e4\u00e4ks.<\/p>\n<p>M\u00f5nusat alanud projektin\u00e4dalat!<\/p>\n","protected":false},"excerpt":{"rendered":"<p>Hea maasikas\u00f5ber! M\u00f6\u00f6dunud n\u00e4dal oli tegus ja toimekas \u2013 vastata sai n\u00e4dala k\u00fcsimusele, lugeda uut nippi,\u00a0 istutada, pildistada, meisterdada ja blogida. \ud83d\ude42 Maasikataimed istutati \u00fcmber suuremasse kasvukohta. Paljud r\u00fchmad leidsid oma hoolealustele toredad nimed. Suureks \u00fcllatuseks otsustas \u00fche osaleja maasikataim juba \u00f5isi n\u00e4idata \ud83d\ude42 L\u00e4inud n\u00e4dalal oli v\u00f5imalik alustada tolmeldamispintslite meisterdamisega, sellega saab veel j\u00e4tkata sel ja j\u00e4rgmisel n\u00e4dalalgi. Kolmandal projektin\u00e4dalal tuleb j\u00e4tkata taimede hooldamisega ja kirjutada blogis k\u00f5igest toredast ja huvitavast. Kui taimed on veel suuremasse kasvukeskkonda \u00fcmber istutamata, siis v\u00f5iks seda sellel n\u00e4dalal kindlasti teha. \ud83d\ude42 Samuti j\u00e4lgi, et ere p\u00e4ike taimede lehtedele liiga ei teeks ja, et..<\/p>\n","protected":false},"author":2,"featured_media":0,"parent":25,"menu_order":0,"comment_status":"closed","ping_status":"closed","template":"","meta":{"footnotes":""},"class_list":["post-219","page","type-page","status-publish","hentry"],"_links":{"self":[{"href":"https:\/\/aianduskool.ee\/maasikasobrad2023\/wp-json\/wp\/v2\/pages\/219","targetHints":{"allow":["GET"]}}],"collection":[{"href":"https:\/\/aianduskool.ee\/maasikasobrad2023\/wp-json\/wp\/v2\/pages"}],"about":[{"href":"https:\/\/aianduskool.ee\/maasikasobrad2023\/wp-json\/wp\/v2\/types\/page"}],"author":[{"embeddable":true,"href":"https:\/\/aianduskool.ee\/maasikasobrad2023\/wp-json\/wp\/v2\/users\/2"}],"replies":[{"embeddable":true,"href":"https:\/\/aianduskool.ee\/maasikasobrad2023\/wp-json\/wp\/v2\/comments?post=219"}],"version-history":[{"count":1,"href":"https:\/\/aianduskool.ee\/maasikasobrad2023\/wp-json\/wp\/v2\/pages\/219\/revisions"}],"predecessor-version":[{"id":220,"href":"https:\/\/aianduskool.ee\/maasikasobrad2023\/wp-json\/wp\/v2\/pages\/219\/revisions\/220"}],"up":[{"embeddable":true,"href":"https:\/\/aianduskool.ee\/maasikasobrad2023\/wp-json\/wp\/v2\/pages\/25"}],"wp:attachment":[{"href":"https:\/\/aianduskool.ee\/maasikasobrad2023\/wp-json\/wp\/v2\/media?parent=219"}],"curies":[{"name":"wp","href":"https:\/\/api.w.org\/{rel}","templated":true}]}}