{"id":226,"date":"2023-03-06T10:15:04","date_gmt":"2023-03-06T08:15:04","guid":{"rendered":"https:\/\/aianduskool.ee\/maasikasobrad2023\/?page_id=226"},"modified":"2023-03-06T10:25:53","modified_gmt":"2023-03-06T08:25:53","slug":"3-nadal","status":"publish","type":"page","link":"https:\/\/aianduskool.ee\/maasikasobrad2023\/blogid\/3-nadal\/","title":{"rendered":"3.n\u00e4dala kokkuv\u00f5te"},"content":{"rendered":"<p>Tere head maasikas\u00f5brad!<\/p>\n<p>\u00dcks n\u00e4dal on j\u00e4lle m\u00f6\u00f6da saanud ning aeg on vaadata veidike tagasi.<\/p>\n<p>Kolmandal projektin\u00e4dalal oli koolides vaheaeg ning viktoriinile vastata ei saanud. K\u00fcll aga sai meisterdada tolmeldamispintslit. Meisterdamisega saab j\u00e4tkata kuni selle n\u00e4dala l\u00f5puni (12.m\u00e4rtsini). Meisterdustest ootama pilte meie projektitiimi e-maili aadressile (sobrad@aianduskool.ee), kui ka Facebook`i gruppi.<\/p>\n<p>Tuletame ka meelde, et kui kuumaasika taimed kasvavad veel v\u00e4ikses potis, siis n\u00fc\u00fcd on aeg need kindlasti suuremasse potti istutada. Kui see t\u00f6\u00f6 on juba tehtud, ei olegi muud kui taimede kasvu j\u00e4lgida, \u00f5isi oodata ja vajadusel kasta. Enne kastmist kindlasti kontrolli, kas taim ikka vajab vett. Selleks katsu s\u00f5rmega, kas turvas on potis niiske v\u00f5i kuiv. Kastmiseks kasuta ainult toasooja vett. Pane see juba p\u00e4ev varem kastmisn\u00f5usse valmis, siis ei ole karta, et juured k\u00fclmast veest \u0161oki saavad.<\/p>\n<p>Kindlasti kaitse taimi ka ereda kevadp\u00e4ikese eest. Kevadine ere p\u00e4ike on k\u00fcll tore, kuid see paitab taimi liiga tugevasti. Pikemaajaline ere p\u00e4ike v\u00f5ib lehtedele tekitada p\u00f5letuse, mille tagaj\u00e4rjel hakkavad need kuivama.<\/p>\n<p>Eelmisel n\u00e4dalal oli r\u00f5\u00f5m n\u00e4ha, et p\u00e4ikesekaitseks meisterdati toredaid temaatilisi kardinaid \ud83d\ude42<\/p>\n<p>Vasta uuele n\u00e4dala k\u00fcsimusele ja m\u00f5tiskle n\u00e4dala nipi \u00fcle. Nii saad j\u00e4lle natuke targemaks.<\/p>\n<p>Kui on veel tolmeldamispintslid meisterdamata, siis on viimane aeg sellega algust teha, sest konkurss l\u00f5ped juba selle n\u00e4dala l\u00f5pus.<\/p>\n<p>Juba v\u00f5ib jagada ka projektiblogisid, et ka teistel osalejatel oleks hea vaadata, mida mujal tehakse. Blogi jagamiseks v\u00f5id selle aadressi saata projekti postkasti: sobrad@aianduskool.ee<\/p>\n<p>&nbsp;<\/p>\n<p>Maasikas\u00f5bra projekti meeskond soovib k\u00f5igile v\u00e4ikestele ja suurtele maasikas\u00f5pradele m\u00f5nusat n\u00e4dalat ja p\u00e4ikeselist kevadeootust!<\/p>\n","protected":false},"excerpt":{"rendered":"<p>Tere head maasikas\u00f5brad! \u00dcks n\u00e4dal on j\u00e4lle m\u00f6\u00f6da saanud ning aeg on vaadata veidike tagasi. Kolmandal projektin\u00e4dalal oli koolides vaheaeg ning viktoriinile vastata ei saanud. K\u00fcll aga sai meisterdada tolmeldamispintslit. Meisterdamisega saab j\u00e4tkata kuni selle n\u00e4dala l\u00f5puni (12.m\u00e4rtsini). Meisterdustest ootama pilte meie projektitiimi e-maili aadressile (sobrad@aianduskool.ee), kui ka Facebook`i gruppi. Tuletame ka meelde, et kui kuumaasika taimed kasvavad veel v\u00e4ikses potis, siis n\u00fc\u00fcd on aeg need kindlasti suuremasse potti istutada. Kui see t\u00f6\u00f6 on juba tehtud, ei olegi muud kui taimede kasvu j\u00e4lgida, \u00f5isi oodata ja vajadusel kasta. Enne kastmist kindlasti kontrolli, kas taim ikka vajab vett. Selleks katsu s\u00f5rmega,..<\/p>\n","protected":false},"author":2,"featured_media":0,"parent":25,"menu_order":0,"comment_status":"closed","ping_status":"closed","template":"","meta":{"footnotes":""},"class_list":["post-226","page","type-page","status-publish","hentry"],"_links":{"self":[{"href":"https:\/\/aianduskool.ee\/maasikasobrad2023\/wp-json\/wp\/v2\/pages\/226","targetHints":{"allow":["GET"]}}],"collection":[{"href":"https:\/\/aianduskool.ee\/maasikasobrad2023\/wp-json\/wp\/v2\/pages"}],"about":[{"href":"https:\/\/aianduskool.ee\/maasikasobrad2023\/wp-json\/wp\/v2\/types\/page"}],"author":[{"embeddable":true,"href":"https:\/\/aianduskool.ee\/maasikasobrad2023\/wp-json\/wp\/v2\/users\/2"}],"replies":[{"embeddable":true,"href":"https:\/\/aianduskool.ee\/maasikasobrad2023\/wp-json\/wp\/v2\/comments?post=226"}],"version-history":[{"count":5,"href":"https:\/\/aianduskool.ee\/maasikasobrad2023\/wp-json\/wp\/v2\/pages\/226\/revisions"}],"predecessor-version":[{"id":231,"href":"https:\/\/aianduskool.ee\/maasikasobrad2023\/wp-json\/wp\/v2\/pages\/226\/revisions\/231"}],"up":[{"embeddable":true,"href":"https:\/\/aianduskool.ee\/maasikasobrad2023\/wp-json\/wp\/v2\/pages\/25"}],"wp:attachment":[{"href":"https:\/\/aianduskool.ee\/maasikasobrad2023\/wp-json\/wp\/v2\/media?parent=226"}],"curies":[{"name":"wp","href":"https:\/\/api.w.org\/{rel}","templated":true}]}}