{"id":235,"date":"2023-03-13T09:22:09","date_gmt":"2023-03-13T07:22:09","guid":{"rendered":"https:\/\/aianduskool.ee\/maasikasobrad2023\/?page_id=235"},"modified":"2023-03-13T09:57:44","modified_gmt":"2023-03-13T07:57:44","slug":"4-nadala-kokkuvote","status":"publish","type":"page","link":"https:\/\/aianduskool.ee\/maasikasobrad2023\/blogid\/4-nadala-kokkuvote\/","title":{"rendered":"4.n\u00e4dala kokkuv\u00f5te"},"content":{"rendered":"<p>Tere k\u00f5ik v\u00e4iksed ja suured maasikas\u00f5brad!<\/p>\n<p>M\u00f6\u00f6dunud n\u00e4dal pakkus nii m\u00f5nusalt p\u00e4ikesepaistelisi p\u00e4evi kui ka t\u00f5elist talveilma. Kraadiklaasi n\u00e4it nii m\u00f5nelgi hommikul tekitas h\u00e4mmastust- kas t\u00f5esti on k\u00fclma -25 kraadi?! Ja seda m\u00e4rtsikuus.<br \/>\nTegelikult on kevad aga juba &#8220;k\u00e4ega katsuda&#8221;. Kevade alguseni on j\u00e4\u00e4nud ainult kaheksa p\u00e4eva.<br \/>\nNeljandal projektin\u00e4dalal l\u00f5ppes tolmeldamispintsli meisterdamise konkurss. Meieni j\u00f5udsid \u00fcheksa r\u00fchma meisterdused.<br \/>\nKuna k\u00f5ik t\u00f6\u00f6d olid oman\u00e4olised ja toredad selgitasime auhinna v\u00f5itja v\u00e4lja loosi teel.<br \/>\nAuhinna saab Valjala Lasteaia Ritsikate r\u00fchm, juhendajaks Karin Varipuu. Palju \u00f5nne ja j\u00e4tkuvat meisterdamislusti!<\/p>\n<div id=\"attachment_240\" style=\"width: 336px\" class=\"wp-caption alignleft\"><img loading=\"lazy\" decoding=\"async\" aria-describedby=\"caption-attachment-240\" class=\"wp-image-240\" src=\"https:\/\/aianduskool.ee\/maasikasobrad2023\/wp-content\/uploads\/2023\/03\/Valjala-LA-Ritsikate-ruhm-Katrin-Varipuu-1.jpg\" alt=\"\" width=\"326\" height=\"311\" srcset=\"https:\/\/aianduskool.ee\/maasikasobrad2023\/wp-content\/uploads\/2023\/03\/Valjala-LA-Ritsikate-ruhm-Katrin-Varipuu-1.jpg 843w, https:\/\/aianduskool.ee\/maasikasobrad2023\/wp-content\/uploads\/2023\/03\/Valjala-LA-Ritsikate-ruhm-Katrin-Varipuu-1-300x286.jpg 300w, https:\/\/aianduskool.ee\/maasikasobrad2023\/wp-content\/uploads\/2023\/03\/Valjala-LA-Ritsikate-ruhm-Katrin-Varipuu-1-768x732.jpg 768w\" sizes=\"auto, (max-width: 326px) 100vw, 326px\" \/><p id=\"caption-attachment-240\" class=\"wp-caption-text\">Foto tegi Karin Varipuu. Ritsikate r\u00fchma tolmeldamispintsel.<\/p><\/div>\n<p>Alanud n\u00e4dalal saab vastata uuele viktoriink\u00fcsimusele, m\u00f5tiskleda n\u00e4dala nipi \u00fcle, uurida ja hooldada kuumaasikataimi. Kindlasti juba k\u00f5ik ootavad \u00f5isi. Loodame, et \u00f5ues l\u00e4heb soojemaks ja \u00f5ied ei lase ennast liialt kaua oodata. Soe p\u00e4ike paitab taimi ja meelitab need \u00f5itsema. Kui m\u00e4rkate oma maasikataimedel \u00f5isi, andke meilegi nendest teada \ud83d\ude42<\/p>\n<p>Kui taimede \u00fcmberistutamisest on m\u00f6\u00f6das kolm v\u00f5i enam n\u00e4dalat, siis v\u00e4eta taimi (vaata projekti kodulehelt v\u00e4etamise \u00f5ppevideot). T\u00e4ida katseandmete kogumise tabelit. Kui kuumaasikatele on tekkinud \u00f5ied, siis tolmelda meisterdatud pintsliga kuumaasika \u00f5isi.<\/p>\n<p>Toredat ja tegusat n\u00e4dalat!<\/p>\n<p>Taimeprojekti tiim<\/p>\n","protected":false},"excerpt":{"rendered":"<p>Tere k\u00f5ik v\u00e4iksed ja suured maasikas\u00f5brad! M\u00f6\u00f6dunud n\u00e4dal pakkus nii m\u00f5nusalt p\u00e4ikesepaistelisi p\u00e4evi kui ka t\u00f5elist talveilma. Kraadiklaasi n\u00e4it nii m\u00f5nelgi hommikul tekitas h\u00e4mmastust- kas t\u00f5esti on k\u00fclma -25 kraadi?! Ja seda m\u00e4rtsikuus. Tegelikult on kevad aga juba &#8220;k\u00e4ega katsuda&#8221;. Kevade alguseni on j\u00e4\u00e4nud ainult kaheksa p\u00e4eva. Neljandal projektin\u00e4dalal l\u00f5ppes tolmeldamispintsli meisterdamise konkurss. Meieni j\u00f5udsid \u00fcheksa r\u00fchma meisterdused. Kuna k\u00f5ik t\u00f6\u00f6d olid oman\u00e4olised ja toredad selgitasime auhinna v\u00f5itja v\u00e4lja loosi teel. Auhinna saab Valjala Lasteaia Ritsikate r\u00fchm, juhendajaks Karin Varipuu. Palju \u00f5nne ja j\u00e4tkuvat meisterdamislusti! Alanud n\u00e4dalal saab vastata uuele viktoriink\u00fcsimusele, m\u00f5tiskleda n\u00e4dala nipi \u00fcle, uurida ja hooldada kuumaasikataimi. Kindlasti..<\/p>\n","protected":false},"author":2,"featured_media":0,"parent":25,"menu_order":0,"comment_status":"closed","ping_status":"closed","template":"","meta":{"footnotes":""},"class_list":["post-235","page","type-page","status-publish","hentry"],"_links":{"self":[{"href":"https:\/\/aianduskool.ee\/maasikasobrad2023\/wp-json\/wp\/v2\/pages\/235","targetHints":{"allow":["GET"]}}],"collection":[{"href":"https:\/\/aianduskool.ee\/maasikasobrad2023\/wp-json\/wp\/v2\/pages"}],"about":[{"href":"https:\/\/aianduskool.ee\/maasikasobrad2023\/wp-json\/wp\/v2\/types\/page"}],"author":[{"embeddable":true,"href":"https:\/\/aianduskool.ee\/maasikasobrad2023\/wp-json\/wp\/v2\/users\/2"}],"replies":[{"embeddable":true,"href":"https:\/\/aianduskool.ee\/maasikasobrad2023\/wp-json\/wp\/v2\/comments?post=235"}],"version-history":[{"count":5,"href":"https:\/\/aianduskool.ee\/maasikasobrad2023\/wp-json\/wp\/v2\/pages\/235\/revisions"}],"predecessor-version":[{"id":245,"href":"https:\/\/aianduskool.ee\/maasikasobrad2023\/wp-json\/wp\/v2\/pages\/235\/revisions\/245"}],"up":[{"embeddable":true,"href":"https:\/\/aianduskool.ee\/maasikasobrad2023\/wp-json\/wp\/v2\/pages\/25"}],"wp:attachment":[{"href":"https:\/\/aianduskool.ee\/maasikasobrad2023\/wp-json\/wp\/v2\/media?parent=235"}],"curies":[{"name":"wp","href":"https:\/\/api.w.org\/{rel}","templated":true}]}}