{"id":248,"date":"2023-03-20T09:46:21","date_gmt":"2023-03-20T07:46:21","guid":{"rendered":"https:\/\/aianduskool.ee\/maasikasobrad2023\/?page_id=248"},"modified":"2023-03-20T09:46:21","modified_gmt":"2023-03-20T07:46:21","slug":"5-nadala-kokkuvote","status":"publish","type":"page","link":"https:\/\/aianduskool.ee\/maasikasobrad2023\/blogid\/5-nadala-kokkuvote\/","title":{"rendered":"5.n\u00e4dala kokkuv\u00f5te"},"content":{"rendered":"<p>Armsad maasikas\u00f5brad!<\/p>\n<p>T\u00e4na kell 23.25 algab ametlikult kevad. Kevade m\u00e4rke v\u00f5ib juba leida ka loodusest.<br \/>\nTagasi on esimesed r\u00e4ndlinnud ja taimedki on t\u00e4rkamisvalmis.<br \/>\nEelmine n\u00e4dal t\u00f5i juba hulgaliselt teateid maasikas\u00f5pradest, kes on oma taimedel \u00f5it m\u00e4rganud. Kevadised soojad ilmad ja p\u00e4ike toob kindlasti \u00f5ite lisa.<br \/>\nEt p\u00e4ike taimedele liiga ei teeks, siis vajadusel varjuta taimi. Selleks sobib h\u00e4sti vana ajaleht. Eriti toredad on isetehtud varjutuskardinad- ole loov ja meisterda v\u00f5imalikult keskkonnas\u00f5bralikult (kasuta kogunenud meisterdamisj\u00e4\u00e4ke jmt).<br \/>\nKui taimede \u00fcmberistutamisest on m\u00f6\u00f6das kolm v\u00f5i enam n\u00e4dalat, siis v\u00e4eta taimi (vaata projekti kodulehelt v\u00e4etamise \u00f5ppevideot). Seda ikka selleks, et maasikataimed oleksid tugevad ja saaksid kasvatada endale kena saagi.<br \/>\nT\u00e4ida katseandmete kogumise infot.<br \/>\nKui kuumaasikatele on tekkinud \u00f5ied, siis tolmelda meisterdatud pintsliga kuumaasika \u00f5isi.<br \/>\nKindlasti p\u00f6\u00f6ra t\u00e4helepanu taimede kastmisele- soojas ruumis ja p\u00e4ikese k\u00e4es v\u00f5ivad need oodatust kiiremini kuivada. Taime l\u00e4bi kuivamine ei tee talle head ja v\u00f5ib pidurdada edasist kasvu\/arengut.<\/p>\n<p>Aianduskooli maasikaprojekti tiim soovib k\u00f5igile v\u00e4ikestele ja suurtele maasikas\u00f5pradele kaunist ja p\u00e4ikeselist kevadn\u00e4dalat!<\/p>\n","protected":false},"excerpt":{"rendered":"<p>Armsad maasikas\u00f5brad! T\u00e4na kell 23.25 algab ametlikult kevad. Kevade m\u00e4rke v\u00f5ib juba leida ka loodusest. Tagasi on esimesed r\u00e4ndlinnud ja taimedki on t\u00e4rkamisvalmis. Eelmine n\u00e4dal t\u00f5i juba hulgaliselt teateid maasikas\u00f5pradest, kes on oma taimedel \u00f5it m\u00e4rganud. Kevadised soojad ilmad ja p\u00e4ike toob kindlasti \u00f5ite lisa. Et p\u00e4ike taimedele liiga ei teeks, siis vajadusel varjuta taimi. Selleks sobib h\u00e4sti vana ajaleht. Eriti toredad on isetehtud varjutuskardinad- ole loov ja meisterda v\u00f5imalikult keskkonnas\u00f5bralikult (kasuta kogunenud meisterdamisj\u00e4\u00e4ke jmt). Kui taimede \u00fcmberistutamisest on m\u00f6\u00f6das kolm v\u00f5i enam n\u00e4dalat, siis v\u00e4eta taimi (vaata projekti kodulehelt v\u00e4etamise \u00f5ppevideot). Seda ikka selleks, et maasikataimed oleksid tugevad ja..<\/p>\n","protected":false},"author":2,"featured_media":0,"parent":25,"menu_order":0,"comment_status":"closed","ping_status":"closed","template":"","meta":{"footnotes":""},"class_list":["post-248","page","type-page","status-publish","hentry"],"_links":{"self":[{"href":"https:\/\/aianduskool.ee\/maasikasobrad2023\/wp-json\/wp\/v2\/pages\/248","targetHints":{"allow":["GET"]}}],"collection":[{"href":"https:\/\/aianduskool.ee\/maasikasobrad2023\/wp-json\/wp\/v2\/pages"}],"about":[{"href":"https:\/\/aianduskool.ee\/maasikasobrad2023\/wp-json\/wp\/v2\/types\/page"}],"author":[{"embeddable":true,"href":"https:\/\/aianduskool.ee\/maasikasobrad2023\/wp-json\/wp\/v2\/users\/2"}],"replies":[{"embeddable":true,"href":"https:\/\/aianduskool.ee\/maasikasobrad2023\/wp-json\/wp\/v2\/comments?post=248"}],"version-history":[{"count":1,"href":"https:\/\/aianduskool.ee\/maasikasobrad2023\/wp-json\/wp\/v2\/pages\/248\/revisions"}],"predecessor-version":[{"id":251,"href":"https:\/\/aianduskool.ee\/maasikasobrad2023\/wp-json\/wp\/v2\/pages\/248\/revisions\/251"}],"up":[{"embeddable":true,"href":"https:\/\/aianduskool.ee\/maasikasobrad2023\/wp-json\/wp\/v2\/pages\/25"}],"wp:attachment":[{"href":"https:\/\/aianduskool.ee\/maasikasobrad2023\/wp-json\/wp\/v2\/media?parent=248"}],"curies":[{"name":"wp","href":"https:\/\/api.w.org\/{rel}","templated":true}]}}