{"id":259,"date":"2023-03-27T10:20:49","date_gmt":"2023-03-27T07:20:49","guid":{"rendered":"https:\/\/aianduskool.ee\/maasikasobrad2023\/?page_id=259"},"modified":"2023-03-27T10:37:49","modified_gmt":"2023-03-27T07:37:49","slug":"6-nadala-kokkuvote","status":"publish","type":"page","link":"https:\/\/aianduskool.ee\/maasikasobrad2023\/blogid\/6-nadala-kokkuvote\/","title":{"rendered":"6.n\u00e4dala kokkuv\u00f5te"},"content":{"rendered":"<p>Tere head maasikas\u00f5brad!<\/p>\n<p>Aeg m\u00f6\u00f6dub kiirelt ja taas on aeg v\u00f5tta kokku \u00fcks n\u00e4dal \u2013 juba 6. n\u00e4dal. N\u00e4dala jooksul oleme juba palju korda saatnud: vastanud n\u00e4dala k\u00fcsimustele, pildistanud, m\u00f5tisklenud ja arutlenud n\u00e4dala nippide ning kuumaasika taimede kasvatamise ja hooldamise \u00fcle. Iga p\u00e4ev tuleb teateid uutest \u00f5itest, mis pakuvad meile r\u00f5\u00f5mu ning s\u00fcvendavad enam tunnet, et saamegi taimede kasvatamisega kenasti hakkama. Varsti tekivad aga \u00f5ite asemele marjad, mis valmides meile ehk rohkemgi r\u00f5\u00f5mu pakuvad. Saame j\u00e4lgida marjade arengut ja v\u00e4rvi muutust.<\/p>\n<p>Seitsmendal n\u00e4dalal j\u00e4lgi kuumaasikataimi, kasta vastavalt vajadusele. Kaitse neid ereda kevadise p\u00e4ikese eest.<\/p>\n<p>Kui aga lehed hakkavad kahvatuks muutuma ja \u00fcmberistutamisest on ka juba mitu n\u00e4dalat m\u00f6\u00f6das, on aeg ette v\u00f5tta taimede toitmine ehk v\u00e4etamine (vaata <a href=\"https:\/\/youtu.be\/te1Lt0a4NeY\">\u00f5ppevideot<\/a>). Kui Sa aga juba oled taimi v\u00e4etanud, siis oled v\u00e4ga tubli ja hoolitsev olnud, kindlasti taimed t\u00e4navad sind selle eest!<\/p>\n<p>Kui aga \u00fcmberistutamisest pole veel kuigi palju aega m\u00f6\u00f6dunud, siis m\u00f5tle, millal \u00fcmberistutamine toimus ning millal v\u00f5iksid taimedele toitu anda.<\/p>\n<p>Kui kuumaasikatele on tekkinud \u00f5ied, siis tolmelda meisterdatud pintsliga kuumaasika \u00f5isi (kasutada v\u00f5id ka tavalisi pintsleid). Kui m\u00f5ni maasika\u00f5is on juba \u00e4ra \u00f5itsenud, siis uuri, kas \u00f5iest on juba pisike roheline vili tekkinud. Kui on, siis anna meilegi teada. Samuti \u00e4ra unusta katseandmeid \u00fclesse m\u00e4rkida.<\/p>\n<p>Ole tubli ja naudi kevadet! Tegutse toas, aga veelgi rohkem \u00f5ues. M\u00e4rka kevade m\u00e4rke. Kuula, kas linnu laulu on kuulda. Ehk on tagasi j\u00f5udnud sulle juba tuttavadki r\u00e4ndlinnud?<\/p>\n<p>&nbsp;<\/p>\n<p>Ilusat n\u00e4dalat!<\/p>\n<p>Taimeprojekti tiim<\/p>\n","protected":false},"excerpt":{"rendered":"<p>Tere head maasikas\u00f5brad! Aeg m\u00f6\u00f6dub kiirelt ja taas on aeg v\u00f5tta kokku \u00fcks n\u00e4dal \u2013 juba 6. n\u00e4dal. N\u00e4dala jooksul oleme juba palju korda saatnud: vastanud n\u00e4dala k\u00fcsimustele, pildistanud, m\u00f5tisklenud ja arutlenud n\u00e4dala nippide ning kuumaasika taimede kasvatamise ja hooldamise \u00fcle. Iga p\u00e4ev tuleb teateid uutest \u00f5itest, mis pakuvad meile r\u00f5\u00f5mu ning s\u00fcvendavad enam tunnet, et saamegi taimede kasvatamisega kenasti hakkama. Varsti tekivad aga \u00f5ite asemele marjad, mis valmides meile ehk rohkemgi r\u00f5\u00f5mu pakuvad. Saame j\u00e4lgida marjade arengut ja v\u00e4rvi muutust. Seitsmendal n\u00e4dalal j\u00e4lgi kuumaasikataimi, kasta vastavalt vajadusele. Kaitse neid ereda kevadise p\u00e4ikese eest. Kui aga lehed hakkavad kahvatuks muutuma..<\/p>\n","protected":false},"author":2,"featured_media":0,"parent":25,"menu_order":0,"comment_status":"closed","ping_status":"closed","template":"","meta":{"footnotes":""},"class_list":["post-259","page","type-page","status-publish","hentry"],"_links":{"self":[{"href":"https:\/\/aianduskool.ee\/maasikasobrad2023\/wp-json\/wp\/v2\/pages\/259","targetHints":{"allow":["GET"]}}],"collection":[{"href":"https:\/\/aianduskool.ee\/maasikasobrad2023\/wp-json\/wp\/v2\/pages"}],"about":[{"href":"https:\/\/aianduskool.ee\/maasikasobrad2023\/wp-json\/wp\/v2\/types\/page"}],"author":[{"embeddable":true,"href":"https:\/\/aianduskool.ee\/maasikasobrad2023\/wp-json\/wp\/v2\/users\/2"}],"replies":[{"embeddable":true,"href":"https:\/\/aianduskool.ee\/maasikasobrad2023\/wp-json\/wp\/v2\/comments?post=259"}],"version-history":[{"count":4,"href":"https:\/\/aianduskool.ee\/maasikasobrad2023\/wp-json\/wp\/v2\/pages\/259\/revisions"}],"predecessor-version":[{"id":265,"href":"https:\/\/aianduskool.ee\/maasikasobrad2023\/wp-json\/wp\/v2\/pages\/259\/revisions\/265"}],"up":[{"embeddable":true,"href":"https:\/\/aianduskool.ee\/maasikasobrad2023\/wp-json\/wp\/v2\/pages\/25"}],"wp:attachment":[{"href":"https:\/\/aianduskool.ee\/maasikasobrad2023\/wp-json\/wp\/v2\/media?parent=259"}],"curies":[{"name":"wp","href":"https:\/\/api.w.org\/{rel}","templated":true}]}}