{"id":278,"date":"2023-04-10T09:52:39","date_gmt":"2023-04-10T06:52:39","guid":{"rendered":"https:\/\/aianduskool.ee\/maasikasobrad2023\/?page_id=278"},"modified":"2023-04-10T10:09:30","modified_gmt":"2023-04-10T07:09:30","slug":"8-nadala-kokkuvote","status":"publish","type":"page","link":"https:\/\/aianduskool.ee\/maasikasobrad2023\/blogid\/8-nadala-kokkuvote\/","title":{"rendered":"8.n\u00e4dala kokkuv\u00f5te"},"content":{"rendered":"<p>Tere head maasikas\u00f5brad!<\/p>\n<p>Kevade saabudes hakkas aeg eriti kiiresti liikuma. M\u00f6\u00f6dunud on juba kaheksa maasikas\u00f5bra n\u00e4dalat. \u00a0V\u00f5tame selle n\u00fc\u00fcd kokku.<\/p>\n<p>Saime juba teateid v\u00e4rvunud maasikatest. See oli preemia hea kasvatust\u00f6\u00f6 eest! J\u00e4tkake samas vaimus. Maasikate v\u00e4rvumisel m\u00e4ngivad rolli ka kasvutingimused. L\u00f5unapoolsemates ruumides on soojem ja valgem, ning maasikatele see meeldib \ud83d\ude42<\/p>\n<p>V\u00e4rvunud maasikad maitsesid kindlasti h\u00e4sti, sest omakasvatatud toidul on hoopis parem maitse, kui poest ostetul- seda on kasvatud ju hoole ja armastusega!<\/p>\n<p>Alanud n\u00e4dalal j\u00e4tka maasikataimede eest hoolitsemist. Vajadusel kasta ja v\u00e4eta ning kaitse kevadp\u00e4ikese eest. Kui lehet\u00e4id kipuvad taimedele kahju tegema, loe l\u00e4bi \u00f5petaja Tairi artikkel &#8220;<a href=\"https:\/\/aianduskool.ee\/maasikasobrad2023\/artiklid\/kui-loodus-rundab\/\">Kui loodus r\u00fcndab&#8230;<\/a>&#8221; Sealt saad teada, kuidas saad oma taimedele abiks olla. Samuti vasta 9. n\u00e4dala k\u00fcsimusele ja j\u00e4lgi n\u00e4dala nippi.<\/p>\n<p>Sel n\u00e4dalal p\u00f6\u00f6ravad tudengid r\u00f5hku keskkonnakaitsele- toimub keskkonnan\u00e4dal (infot leiad internetist). Nii ka meie. Selle n\u00e4dala teemaks on pr\u00fcgi ja selle sorteerimine. Kui viid l\u00e4bi n\u00e4dala nipiga seotud tegevusi postita need meie Facebooki grupi lehele ja lisada projektip\u00e4evikusse (blogisse). Iga v\u00e4ike samm loeb!<\/p>\n<p>&nbsp;<\/p>\n<p>Maasikas\u00f5bra projekti meeskond soovib k\u00f5igile maasikas\u00f5pradele m\u00f5nusat ja sooja kevadn\u00e4dalat!<\/p>\n","protected":false},"excerpt":{"rendered":"<p>Tere head maasikas\u00f5brad! Kevade saabudes hakkas aeg eriti kiiresti liikuma. M\u00f6\u00f6dunud on juba kaheksa maasikas\u00f5bra n\u00e4dalat. \u00a0V\u00f5tame selle n\u00fc\u00fcd kokku. Saime juba teateid v\u00e4rvunud maasikatest. See oli preemia hea kasvatust\u00f6\u00f6 eest! J\u00e4tkake samas vaimus. Maasikate v\u00e4rvumisel m\u00e4ngivad rolli ka kasvutingimused. L\u00f5unapoolsemates ruumides on soojem ja valgem, ning maasikatele see meeldib \ud83d\ude42 V\u00e4rvunud maasikad maitsesid kindlasti h\u00e4sti, sest omakasvatatud toidul on hoopis parem maitse, kui poest ostetul- seda on kasvatud ju hoole ja armastusega! Alanud n\u00e4dalal j\u00e4tka maasikataimede eest hoolitsemist. Vajadusel kasta ja v\u00e4eta ning kaitse kevadp\u00e4ikese eest. Kui lehet\u00e4id kipuvad taimedele kahju tegema, loe l\u00e4bi \u00f5petaja Tairi artikkel &#8220;Kui loodus..<\/p>\n","protected":false},"author":2,"featured_media":0,"parent":25,"menu_order":0,"comment_status":"closed","ping_status":"closed","template":"","meta":{"footnotes":""},"class_list":["post-278","page","type-page","status-publish","hentry"],"_links":{"self":[{"href":"https:\/\/aianduskool.ee\/maasikasobrad2023\/wp-json\/wp\/v2\/pages\/278","targetHints":{"allow":["GET"]}}],"collection":[{"href":"https:\/\/aianduskool.ee\/maasikasobrad2023\/wp-json\/wp\/v2\/pages"}],"about":[{"href":"https:\/\/aianduskool.ee\/maasikasobrad2023\/wp-json\/wp\/v2\/types\/page"}],"author":[{"embeddable":true,"href":"https:\/\/aianduskool.ee\/maasikasobrad2023\/wp-json\/wp\/v2\/users\/2"}],"replies":[{"embeddable":true,"href":"https:\/\/aianduskool.ee\/maasikasobrad2023\/wp-json\/wp\/v2\/comments?post=278"}],"version-history":[{"count":5,"href":"https:\/\/aianduskool.ee\/maasikasobrad2023\/wp-json\/wp\/v2\/pages\/278\/revisions"}],"predecessor-version":[{"id":284,"href":"https:\/\/aianduskool.ee\/maasikasobrad2023\/wp-json\/wp\/v2\/pages\/278\/revisions\/284"}],"up":[{"embeddable":true,"href":"https:\/\/aianduskool.ee\/maasikasobrad2023\/wp-json\/wp\/v2\/pages\/25"}],"wp:attachment":[{"href":"https:\/\/aianduskool.ee\/maasikasobrad2023\/wp-json\/wp\/v2\/media?parent=278"}],"curies":[{"name":"wp","href":"https:\/\/api.w.org\/{rel}","templated":true}]}}