{"id":286,"date":"2023-04-17T10:21:30","date_gmt":"2023-04-17T07:21:30","guid":{"rendered":"https:\/\/aianduskool.ee\/maasikasobrad2023\/?page_id=286"},"modified":"2023-04-17T10:23:30","modified_gmt":"2023-04-17T07:23:30","slug":"9-nadala-kokkuvote","status":"publish","type":"page","link":"https:\/\/aianduskool.ee\/maasikasobrad2023\/blogid\/9-nadala-kokkuvote\/","title":{"rendered":"9.n\u00e4dala kokkuv\u00f5te"},"content":{"rendered":"<p>Tere armsad maasikas\u00f5brad!<\/p>\n<p>\u00dcheksas projektin\u00e4dal m\u00f6\u00f6dus linnutiivul ja v\u00e4ga kevadiselt.<\/p>\n<p>Saime juba hulgalistelt teateid valmivatest kuumaasikatest ning \u00fche r\u00fchma taim oli endale kasvatanud ka t\u00fctartaime. Oli ka kurvemaid teateid- \u00fche r\u00fchma taimed kuivasid ja nende jaoks sai projekt selleks korraks l\u00e4bi. Kurvastada aga ei tasu- iga asi on millekski hea. Ju siis pidi sel korral nii minema.<\/p>\n<p>K\u00fcmnendal projektin\u00e4dalal j\u00e4tkame maasikataimede eest hoolitsemist. M\u00e4rgime \u00fclesse katseandmeid, vastame viktoriinik\u00fcsimusele ja j\u00e4lgime n\u00e4dala nippi. T\u00e4iendame projektip\u00e4evikut\/blogi.<\/p>\n<p>Soovime k\u00f5igile maasikas\u00f5pradele m\u00f5nusat kevadn\u00e4dalat ja \u00e4gedaid tegemisi!<\/p>\n<p>Taimeprojekti tiim<\/p>\n","protected":false},"excerpt":{"rendered":"<p>Tere armsad maasikas\u00f5brad! \u00dcheksas projektin\u00e4dal m\u00f6\u00f6dus linnutiivul ja v\u00e4ga kevadiselt. Saime juba hulgalistelt teateid valmivatest kuumaasikatest ning \u00fche r\u00fchma taim oli endale kasvatanud ka t\u00fctartaime. Oli ka kurvemaid teateid- \u00fche r\u00fchma taimed kuivasid ja nende jaoks sai projekt selleks korraks l\u00e4bi. Kurvastada aga ei tasu- iga asi on millekski hea. Ju siis pidi sel korral nii minema. K\u00fcmnendal projektin\u00e4dalal j\u00e4tkame maasikataimede eest hoolitsemist. M\u00e4rgime \u00fclesse katseandmeid, vastame viktoriinik\u00fcsimusele ja j\u00e4lgime n\u00e4dala nippi. T\u00e4iendame projektip\u00e4evikut\/blogi. Soovime k\u00f5igile maasikas\u00f5pradele m\u00f5nusat kevadn\u00e4dalat ja \u00e4gedaid tegemisi! Taimeprojekti tiim<\/p>\n","protected":false},"author":2,"featured_media":0,"parent":25,"menu_order":0,"comment_status":"closed","ping_status":"closed","template":"","meta":{"footnotes":""},"class_list":["post-286","page","type-page","status-publish","hentry"],"_links":{"self":[{"href":"https:\/\/aianduskool.ee\/maasikasobrad2023\/wp-json\/wp\/v2\/pages\/286","targetHints":{"allow":["GET"]}}],"collection":[{"href":"https:\/\/aianduskool.ee\/maasikasobrad2023\/wp-json\/wp\/v2\/pages"}],"about":[{"href":"https:\/\/aianduskool.ee\/maasikasobrad2023\/wp-json\/wp\/v2\/types\/page"}],"author":[{"embeddable":true,"href":"https:\/\/aianduskool.ee\/maasikasobrad2023\/wp-json\/wp\/v2\/users\/2"}],"replies":[{"embeddable":true,"href":"https:\/\/aianduskool.ee\/maasikasobrad2023\/wp-json\/wp\/v2\/comments?post=286"}],"version-history":[{"count":1,"href":"https:\/\/aianduskool.ee\/maasikasobrad2023\/wp-json\/wp\/v2\/pages\/286\/revisions"}],"predecessor-version":[{"id":287,"href":"https:\/\/aianduskool.ee\/maasikasobrad2023\/wp-json\/wp\/v2\/pages\/286\/revisions\/287"}],"up":[{"embeddable":true,"href":"https:\/\/aianduskool.ee\/maasikasobrad2023\/wp-json\/wp\/v2\/pages\/25"}],"wp:attachment":[{"href":"https:\/\/aianduskool.ee\/maasikasobrad2023\/wp-json\/wp\/v2\/media?parent=286"}],"curies":[{"name":"wp","href":"https:\/\/api.w.org\/{rel}","templated":true}]}}