{"id":291,"date":"2023-04-24T09:20:57","date_gmt":"2023-04-24T06:20:57","guid":{"rendered":"https:\/\/aianduskool.ee\/maasikasobrad2023\/?page_id=291"},"modified":"2023-04-24T09:35:48","modified_gmt":"2023-04-24T06:35:48","slug":"10-nadala-kokkuvote","status":"publish","type":"page","link":"https:\/\/aianduskool.ee\/maasikasobrad2023\/blogid\/10-nadala-kokkuvote\/","title":{"rendered":"10.n\u00e4dala kokkuv\u00f5te"},"content":{"rendered":"<p>Tere head maasikas\u00f5brad!<\/p>\n<p>&nbsp;<\/p>\n<p>J\u00e4rjekordne n\u00e4dal on m\u00f6\u00f6dunud. Aeg lausa lendab! Ilmselt on siin oma osa soojadel kevadilmadel, mis soosivad \u00f5ues tegutsemist. Jaga oma toimetamisi ka meiega. V\u00f5id selle kohta teha sissekandeid oma projektip\u00e4evikusse (blogisse) v\u00f5i kasutada selleks meie projekti Facebook`i lehte.<\/p>\n<p><strong>Projekti l\u00f5puni on j\u00e4\u00e4nud veel k\u00f5igest kolm n\u00e4dalat!<\/strong><\/p>\n<p>Algaval n\u00e4dalal viktoriinik\u00fcsimust ei esitata, sest on koolivaheaeg. Ole hoolas, et vaheajal saaksid kuumaasikad piisavalt juua. Soojad ilmad soodustavad vee aurustumist ja nii vajavad taimed tavap\u00e4rasest tihedamat kastmist. Kastmisel proovi j\u00e4lgida, et vesi satuks v\u00f5imalikult v\u00e4he taime lehtedele, sest veepiisad toimivad kui l\u00e4\u00e4tsed ja koondavad valgust. Seet\u00f5ttu v\u00f5ib m\u00e4rgadele ja p\u00e4ikese k\u00e4es olevatele lehtedele tekkida kergemini p\u00e4ikesep\u00f5letus. Kindlasti hoolitse ka selle eest, et taimedel oleks piisavalt toitaineid- vajadusel v\u00e4eta.<\/p>\n<p>Naudi puhkust, viibi palju \u00f5ues ja m\u00e4rka muutusi looduses. Vaata, millega teised maasikas\u00f5brad tegelevad- loe kaaslaste blogisid projekti kodulehelt.<\/p>\n<p>M\u00f5nusat n\u00e4dalat!<\/p>\n<p>Taimeprojekti tiim<\/p>\n","protected":false},"excerpt":{"rendered":"<p>Tere head maasikas\u00f5brad! &nbsp; J\u00e4rjekordne n\u00e4dal on m\u00f6\u00f6dunud. Aeg lausa lendab! Ilmselt on siin oma osa soojadel kevadilmadel, mis soosivad \u00f5ues tegutsemist. Jaga oma toimetamisi ka meiega. V\u00f5id selle kohta teha sissekandeid oma projektip\u00e4evikusse (blogisse) v\u00f5i kasutada selleks meie projekti Facebook`i lehte. Projekti l\u00f5puni on j\u00e4\u00e4nud veel k\u00f5igest kolm n\u00e4dalat! Algaval n\u00e4dalal viktoriinik\u00fcsimust ei esitata, sest on koolivaheaeg. Ole hoolas, et vaheajal saaksid kuumaasikad piisavalt juua. Soojad ilmad soodustavad vee aurustumist ja nii vajavad taimed tavap\u00e4rasest tihedamat kastmist. Kastmisel proovi j\u00e4lgida, et vesi satuks v\u00f5imalikult v\u00e4he taime lehtedele, sest veepiisad toimivad kui l\u00e4\u00e4tsed ja koondavad valgust. Seet\u00f5ttu v\u00f5ib m\u00e4rgadele ja..<\/p>\n","protected":false},"author":2,"featured_media":0,"parent":25,"menu_order":0,"comment_status":"closed","ping_status":"closed","template":"","meta":{"footnotes":""},"class_list":["post-291","page","type-page","status-publish","hentry"],"_links":{"self":[{"href":"https:\/\/aianduskool.ee\/maasikasobrad2023\/wp-json\/wp\/v2\/pages\/291","targetHints":{"allow":["GET"]}}],"collection":[{"href":"https:\/\/aianduskool.ee\/maasikasobrad2023\/wp-json\/wp\/v2\/pages"}],"about":[{"href":"https:\/\/aianduskool.ee\/maasikasobrad2023\/wp-json\/wp\/v2\/types\/page"}],"author":[{"embeddable":true,"href":"https:\/\/aianduskool.ee\/maasikasobrad2023\/wp-json\/wp\/v2\/users\/2"}],"replies":[{"embeddable":true,"href":"https:\/\/aianduskool.ee\/maasikasobrad2023\/wp-json\/wp\/v2\/comments?post=291"}],"version-history":[{"count":3,"href":"https:\/\/aianduskool.ee\/maasikasobrad2023\/wp-json\/wp\/v2\/pages\/291\/revisions"}],"predecessor-version":[{"id":294,"href":"https:\/\/aianduskool.ee\/maasikasobrad2023\/wp-json\/wp\/v2\/pages\/291\/revisions\/294"}],"up":[{"embeddable":true,"href":"https:\/\/aianduskool.ee\/maasikasobrad2023\/wp-json\/wp\/v2\/pages\/25"}],"wp:attachment":[{"href":"https:\/\/aianduskool.ee\/maasikasobrad2023\/wp-json\/wp\/v2\/media?parent=291"}],"curies":[{"name":"wp","href":"https:\/\/api.w.org\/{rel}","templated":true}]}}