{"id":298,"date":"2023-05-02T09:30:51","date_gmt":"2023-05-02T06:30:51","guid":{"rendered":"https:\/\/aianduskool.ee\/maasikasobrad2023\/?page_id=298"},"modified":"2023-05-02T09:48:18","modified_gmt":"2023-05-02T06:48:18","slug":"10-nadala-kokkuvote-2","status":"publish","type":"page","link":"https:\/\/aianduskool.ee\/maasikasobrad2023\/blogid\/10-nadala-kokkuvote-2\/","title":{"rendered":"11.n\u00e4dala kokkuv\u00f5te"},"content":{"rendered":"<p>Tere armsad maasikas\u00f5brad!<\/p>\n<p>Koolivaheaeg on m\u00f6\u00f6das ja saame j\u00e4tkata tavap\u00e4raste projektitegevustega.<\/p>\n<p>Ilmad on k\u00fcll pisut k\u00fclmad, kuid peagi on soe ning m\u00f5nus kevad tagasi. Ka kuumaasika taimed naudivad t\u00e4iel rinnal kevadet ning kostitavad meie tublisid maasikakasvatajaid maitsva saagiga.<\/p>\n<p><img loading=\"lazy\" decoding=\"async\" class=\"alignleft wp-image-302\" src=\"https:\/\/aianduskool.ee\/maasikasobrad2023\/wp-content\/uploads\/2023\/05\/maasikad.jpg\" alt=\"\" width=\"361\" height=\"392\" srcset=\"https:\/\/aianduskool.ee\/maasikasobrad2023\/wp-content\/uploads\/2023\/05\/maasikad.jpg 590w, https:\/\/aianduskool.ee\/maasikasobrad2023\/wp-content\/uploads\/2023\/05\/maasikad-277x300.jpg 277w\" sizes=\"auto, (max-width: 361px) 100vw, 361px\" \/><\/p>\n<p>Sel n\u00e4dalal saab taaskord vastata viktoriini k\u00fcsimusele ning j\u00e4lgida n\u00e4dala nippi. Hoolitse j\u00e4tkuvalt oma kuumaasikate eest ning vajadusel paku neile &#8220;s\u00fc\u00fca&#8221;- v\u00e4eta oma taimi, kui selleks on vajadust!<\/p>\n<p>Projekti l\u00f5pp juba vaikselt paistab ning on aeg hakata tegema oma tegevutest ja kasvatusprotsessist kokkuv\u00f5tteid. Saad need postitada oma projektip\u00e4evikusse\/blogisse ning kui sa ei ole seda veel teinud, siis jaga meiega oma projektip\u00e4eviku\/blogi linki. Aktiivsete blogipidajate vahel loosime projekti l\u00f5ppedes v\u00e4lja toredaid Click and Grow nutiaedasid \ud83d\ude42<\/p>\n<p>&nbsp;<\/p>\n<p>Maasikas\u00f5prade tiim soovib k\u00f5igile toredat alanud n\u00e4dalalt!<\/p>\n<p>&nbsp;<\/p>\n","protected":false},"excerpt":{"rendered":"<p>Tere armsad maasikas\u00f5brad! Koolivaheaeg on m\u00f6\u00f6das ja saame j\u00e4tkata tavap\u00e4raste projektitegevustega. Ilmad on k\u00fcll pisut k\u00fclmad, kuid peagi on soe ning m\u00f5nus kevad tagasi. Ka kuumaasika taimed naudivad t\u00e4iel rinnal kevadet ning kostitavad meie tublisid maasikakasvatajaid maitsva saagiga. Sel n\u00e4dalal saab taaskord vastata viktoriini k\u00fcsimusele ning j\u00e4lgida n\u00e4dala nippi. Hoolitse j\u00e4tkuvalt oma kuumaasikate eest ning vajadusel paku neile &#8220;s\u00fc\u00fca&#8221;- v\u00e4eta oma taimi, kui selleks on vajadust! Projekti l\u00f5pp juba vaikselt paistab ning on aeg hakata tegema oma tegevutest ja kasvatusprotsessist kokkuv\u00f5tteid. Saad need postitada oma projektip\u00e4evikusse\/blogisse ning kui sa ei ole seda veel teinud, siis jaga meiega oma projektip\u00e4eviku\/blogi linki&#8230;<\/p>\n","protected":false},"author":2,"featured_media":0,"parent":25,"menu_order":0,"comment_status":"closed","ping_status":"closed","template":"","meta":{"footnotes":""},"class_list":["post-298","page","type-page","status-publish","hentry"],"_links":{"self":[{"href":"https:\/\/aianduskool.ee\/maasikasobrad2023\/wp-json\/wp\/v2\/pages\/298","targetHints":{"allow":["GET"]}}],"collection":[{"href":"https:\/\/aianduskool.ee\/maasikasobrad2023\/wp-json\/wp\/v2\/pages"}],"about":[{"href":"https:\/\/aianduskool.ee\/maasikasobrad2023\/wp-json\/wp\/v2\/types\/page"}],"author":[{"embeddable":true,"href":"https:\/\/aianduskool.ee\/maasikasobrad2023\/wp-json\/wp\/v2\/users\/2"}],"replies":[{"embeddable":true,"href":"https:\/\/aianduskool.ee\/maasikasobrad2023\/wp-json\/wp\/v2\/comments?post=298"}],"version-history":[{"count":5,"href":"https:\/\/aianduskool.ee\/maasikasobrad2023\/wp-json\/wp\/v2\/pages\/298\/revisions"}],"predecessor-version":[{"id":304,"href":"https:\/\/aianduskool.ee\/maasikasobrad2023\/wp-json\/wp\/v2\/pages\/298\/revisions\/304"}],"up":[{"embeddable":true,"href":"https:\/\/aianduskool.ee\/maasikasobrad2023\/wp-json\/wp\/v2\/pages\/25"}],"wp:attachment":[{"href":"https:\/\/aianduskool.ee\/maasikasobrad2023\/wp-json\/wp\/v2\/media?parent=298"}],"curies":[{"name":"wp","href":"https:\/\/api.w.org\/{rel}","templated":true}]}}