{"id":11,"date":"2015-08-05T16:15:49","date_gmt":"2015-08-05T13:15:49","guid":{"rendered":"http:\/\/aianduskool.ee\/portfoolio\/?page_id=11"},"modified":"2016-05-01T11:18:02","modified_gmt":"2016-05-01T08:18:02","slug":"eesmark-ja-opivaljundid","status":"publish","type":"page","link":"https:\/\/aianduskool.ee\/portfoolio\/eesmark-ja-opivaljundid\/","title":{"rendered":"Kursuse info"},"content":{"rendered":"<h3>R\u00e4pina Aianduskooli kursus Digitaalse portfoolio koostamine<\/h3>\n<p><strong>\u00d5ppekava:<\/strong> <a href=\"http:\/\/www.aianduskool.ee\/wp-content\/uploads\/2011\/12\/Tekstiil_4tase_2.pdf\" target=\"_blank\">Tekstiilk\u00e4sit\u00f6\u00f6<\/a><\/p>\n<p><strong>Moodul:<\/strong>\u00a0Digitaalse portfoolio koostamine<\/p>\n<p><a href=\"https:\/\/aianduskool-my.sharepoint.com\/personal\/katrin_uurman_aianduskool_ee\/_layouts\/15\/guestaccess.aspx?guestaccesstoken=MMHpz5Z%2fSa%2fBYsENd42Y42KQFijhr%2fLYE8LicUQ7Lqw%3d&amp;docid=065db13990e744e7ca4a718bb72954172\" target=\"_blank\"><strong>Mooduli rakenduskava<\/strong><\/a><\/p>\n<h4><strong>Eesm\u00e4rk<\/strong><\/h4>\n<p>\u00d5petusega taotletakse, et \u00f5pilane esitleb oma tooteid kasutades digitaalse meedia v\u00f5imalusi:\u00a0slaidiesitlust, veebip\u00f5hiseid esitlusi, fotot\u00f6\u00f6tlusprogramme, isiklikku kodulehte.<\/p>\n<h4><strong>\u00d5piv\u00e4ljundid<\/strong><\/h4>\n<p>\u00d5pilane<br \/>\n1. teab ja kasutab erinevaid digitaalse esitluse koostamise ja selle veebis avaldamise vahendeid;<br \/>\n2. t\u00f6\u00f6tleb digitaalseid pilte fotot\u00f6\u00f6tlusprogrammiga;<br \/>\n3. esitleb oma tooteid digitaalses vormis.<\/p>\n<h4><strong>Kursuse maht\u00a0<\/strong><\/h4>\n<p>3 EKAP\/ 80 ak tundi\/ 60 astrn tundi<br \/>\nauditoorne t\u00f6\u00f6 16 ak tundi\/ 12 astrn tundi<br \/>\niseseisev t\u00f6\u00f6 64 tundi\/48 astrn tundi<\/p>\n<h4><strong>N\u00f5uded alustamiseks<\/strong><\/h4>\n<p>L\u00e4bitud moodul Kavandamine ja kujundamine<\/p>\n<h4><strong>L\u00e4bitavad teemad<\/strong><\/h4>\n<p>1. Arvutigraafika alused (1 EKAP\/ 26 ak tundi) <strong>(<a href=\"http:\/\/aianduskool.ee\/portfoolio\/arvutigraafika-alused\/\" target=\"_blank\">\u00d5ppematerjal<\/a>) (<a href=\"http:\/\/aianduskool.ee\/portfoolio\/ulesanne-1-2\/\" target=\"_blank\">\u00dcL 2<\/a>)<\/strong><br \/>\n* Fotot\u00f6\u00f6tlus vabavaralise fotot\u00f6\u00f6tlusprogrammiga.<strong> (<a href=\"http:\/\/aianduskool.ee\/portfoolio\/ulesanne-3\/\" target=\"_blank\">\u00dcL 3<\/a>)<\/strong><br \/>\n* Teksti ja foto \u00fchendamine. <strong>(<a href=\"http:\/\/aianduskool.ee\/portfoolio\/ulesanne-3\/\" target=\"_blank\">\u00dcL 3<\/a>)<\/strong><br \/>\n* Fotokollaa\u017ei loomine. (<strong><a href=\"http:\/\/aianduskool.ee\/portfoolio\/ulesanne-4\/\" target=\"_blank\">\u00dcL 4<\/a><\/strong>)<br \/>\n* Salvestamine ja failiformaadid <strong>(<a href=\"http:\/\/aianduskool.ee\/portfoolio\/ulesanne-1-2\/\" target=\"_blank\">\u00dcL 2<\/a>)<\/strong><br \/>\n2. Digitaalse portfoolio koostamine (2 EKAP\/ 52 ak tundi)<br \/>\n* Slaidiesitluse koostamine. Esitlusprogrammid. Veebip\u00f5hised slaidiesitlused. (<strong><a href=\"http:\/\/aianduskool.ee\/portfoolio\/slaidiesitlused\/\">\u00d5ppematerjal<\/a><\/strong>)<br \/>\n* Veebip\u00e4eviku loomine (<a href=\"http:\/\/aianduskool.ee\/portfoolio\/ulesanne-1\/\" target=\"_blank\"><strong>\u00dcL 1<\/strong><\/a>,\u00a0<a href=\"http:\/\/aianduskool.ee\/portfoolio\/ulesanne-7\/\" target=\"_blank\"><strong>\u00dcL 7<\/strong><\/a>).<br \/>\n* Veebis avaldamine. Creative Commons litsentsid (<strong><a href=\"http:\/\/aianduskool.ee\/portfoolio\/autorioigus-ja-creative-commons-litsentsid\/\" target=\"_blank\">\u00d5ppematerjal<\/a><\/strong>)<br \/>\n* Portfoolio koostamine. Struktuur. Tehnilised n\u00f5uded. <strong>(<a href=\"http:\/\/aianduskool.ee\/portfoolio\/oppematerjal-1\/\" target=\"_blank\">\u00d5ppematerjal 1<\/a>, <a href=\"http:\/\/aianduskool.ee\/portfoolio\/oppematerjal-2\/\" target=\"_blank\">\u00f5ppematerjal 2<\/a>, \u00a0<a href=\"http:\/\/aianduskool.ee\/portfoolio\/ulesanne-5\/\" target=\"_blank\">\u00dcL 5<\/a>, <a href=\"http:\/\/aianduskool.ee\/portfoolio\/ulesanne-6\/\" target=\"_blank\">\u00dcL 6<\/a>, <a href=\"http:\/\/aianduskool.ee\/portfoolio\/ulesanne-7\/\" target=\"_blank\">\u00dcL 7<\/a>)<\/strong><\/p>\n<h4><strong>Iseseisev t\u00f6\u00f6<\/strong><\/h4>\n<p>1. Fotode t\u00f6\u00f6tlemine vastavalt esitatud \u00fclesandele (8 ak tundi).<br \/>\n2. Oma toodete fotodest valiku tegemine, fotode t\u00f6\u00f6tlemine ja sobivasse failiformaati salvestamine (10 ak tundi).<br \/>\n3. Esitluse koostamise harjutus\u00fclesanded. \u00d5pilane teostab juhendite p\u00f5hjal esitatud \u00fclesanded ning avaldab need veebis.<br \/>\n4. Oma portfoolio koostamine ja veebis avaldamine (35 ak. tundi). \u00d5pilane koostab oma toodetest digitaalse portfoolio ning avaldab selle veebis. Portfoolios sisaldub \u00f5pilase CV, fotod v\u00e4hemalt viiest parimast \u00f5pingute k\u00e4igus valminud tootest, sisaldades toodete kavandeid v\u00f5i t\u00f6\u00f6jooniseid, t\u00f6\u00f6protsesside kirjeldust (s\u00f5nas ja fotodel) ja enesereflektsiooni. Portfoolio on koostatud tehniliselt ja keeleliselt korrektselt, kasutatud materjale on viidatud.<\/p>\n<h4><strong>Hindamine<\/strong><\/h4>\n<p>Mitteeristav (a\/ma). T\u00e4psemad n\u00f5uded\u00a0leiad \u00fclesannete juurest.<br \/>\nKokkuv\u00f5ttev hinne kujuneb kui \u00f5pilane on sooritanud k\u00f5ik esitatud \u00fclesanded v\u00e4hemalt l\u00e4vendi tasemel, n\u00f5uetekohaselt ja \u00f5igeaegselt.<\/p>\n<p>&nbsp;<\/p>\n","protected":false},"excerpt":{"rendered":"<p>R\u00e4pina Aianduskooli kursus Digitaalse portfoolio koostamine \u00d5ppekava: Tekstiilk\u00e4sit\u00f6\u00f6 Moodul:\u00a0Digitaalse portfoolio koostamine Mooduli rakenduskava Eesm\u00e4rk \u00d5petusega taotletakse, et \u00f5pilane esitleb oma tooteid kasutades digitaalse meedia v\u00f5imalusi:\u00a0slaidiesitlust, veebip\u00f5hiseid esitlusi, fotot\u00f6\u00f6tlusprogramme, isiklikku kodulehte. \u00d5piv\u00e4ljundid \u00d5pilane 1. teab ja kasutab erinevaid digitaalse esitluse koostamise ja selle veebis avaldamise vahendeid; 2. t\u00f6\u00f6tleb digitaalseid pilte fotot\u00f6\u00f6tlusprogrammiga; 3. esitleb oma tooteid digitaalses [&hellip;]<\/p>\n","protected":false},"author":2,"featured_media":0,"parent":0,"menu_order":0,"comment_status":"open","ping_status":"open","template":"","meta":{"footnotes":""},"class_list":["post-11","page","type-page","status-publish","hentry"],"_links":{"self":[{"href":"https:\/\/aianduskool.ee\/portfoolio\/wp-json\/wp\/v2\/pages\/11","targetHints":{"allow":["GET"]}}],"collection":[{"href":"https:\/\/aianduskool.ee\/portfoolio\/wp-json\/wp\/v2\/pages"}],"about":[{"href":"https:\/\/aianduskool.ee\/portfoolio\/wp-json\/wp\/v2\/types\/page"}],"author":[{"embeddable":true,"href":"https:\/\/aianduskool.ee\/portfoolio\/wp-json\/wp\/v2\/users\/2"}],"replies":[{"embeddable":true,"href":"https:\/\/aianduskool.ee\/portfoolio\/wp-json\/wp\/v2\/comments?post=11"}],"version-history":[{"count":5,"href":"https:\/\/aianduskool.ee\/portfoolio\/wp-json\/wp\/v2\/pages\/11\/revisions"}],"predecessor-version":[{"id":312,"href":"https:\/\/aianduskool.ee\/portfoolio\/wp-json\/wp\/v2\/pages\/11\/revisions\/312"}],"wp:attachment":[{"href":"https:\/\/aianduskool.ee\/portfoolio\/wp-json\/wp\/v2\/media?parent=11"}],"curies":[{"name":"wp","href":"https:\/\/api.w.org\/{rel}","templated":true}]}}