{"id":13,"date":"2015-08-05T16:18:14","date_gmt":"2015-08-05T13:18:14","guid":{"rendered":"http:\/\/aianduskool.ee\/portfoolio\/?page_id=13"},"modified":"2016-05-01T09:24:35","modified_gmt":"2016-05-01T06:24:35","slug":"kursuse-opetaja","status":"publish","type":"page","link":"https:\/\/aianduskool.ee\/portfoolio\/kursuse-opetaja\/","title":{"rendered":"Inimesed"},"content":{"rendered":"<p>Kursuse \u00f5petaja: Katrin Uurman<\/p>\n<p>\u00f5petaja <a href=\"https:\/\/sites.google.com\/site\/katrinportfoolio\/\" target=\"_blank\">digitaalne portfoolio<\/a><\/p>\n<p>e-kiri: katrin.uurman@aianduskool.ee<\/p>\n<p>&nbsp;<\/p>\n<p>Kursusel \u00f5pivad:<\/p>\n<ol>\n<li><a href=\"http:\/\/natitegemised.blogspot.com.ee\" target=\"_blank\">Natalia<\/a>\u00a0 <a href=\"http:\/\/natiportfoolio.blogspot.com.ee\/\" target=\"_blank\">portfoolio<\/a><\/li>\n<li><a href=\"http:\/\/veronika2015.blogspot.com.ee\" target=\"_blank\">Veronika<\/a>\u00a0 <a href=\"http:\/\/veronikaportfoolio.blogspot.com.ee\/\" target=\"_blank\">portfoolio<\/a><\/li>\n<li><a href=\"http:\/\/koduilves.blogspot.com.ee\/\" target=\"_blank\">Evi<\/a>\u00a0 \u00a0<a href=\"http:\/\/uuskoduilves.blogspot.com.ee\" target=\"_blank\">portfoolio<\/a><\/li>\n<li><a href=\"http:\/\/opin2015.blogspot.com.ee\" target=\"_blank\">Kaire<\/a>\u00a0 \u00a0<a href=\"http:\/\/kaireportfoolio.blogspot.com.ee\/\" target=\"_blank\">portfoolio<\/a><\/li>\n<li><a href=\"http:\/\/margitinokitsemised.blogspot.com\" target=\"_blank\">Margit<\/a>\u00a0 \u00a0portfoolio<\/li>\n<li><a href=\"http:\/\/enealustab.blogspot.com.ee\/\" target=\"_blank\">Ene<\/a>\u00a0 <a href=\"http:\/\/enetegutsemised.blogspot.com.ee\" target=\"_blank\">portfoolio<\/a><\/li>\n<li><a href=\"https:\/\/tekstiilikadri.wordpress.com\" target=\"_blank\">Kadri<\/a>\u00a0 <a href=\"https:\/\/tekstiilikadri.wordpress.com\/portfolio\/\" target=\"_blank\">portfoolio<\/a><\/li>\n<li><a href=\"http:\/\/lovisakeerutused.blogspot.com.ee\" target=\"_blank\">Anneli<\/a>\u00a0 <a href=\"http:\/\/lovisaportfoolio.blogspot.com.ee\" target=\"_blank\">portfoolio<\/a><\/li>\n<\/ol>\n","protected":false},"excerpt":{"rendered":"<p>Kursuse \u00f5petaja: Katrin Uurman \u00f5petaja digitaalne portfoolio e-kiri: katrin.uurman@aianduskool.ee &nbsp; Kursusel \u00f5pivad: Natalia\u00a0 portfoolio Veronika\u00a0 portfoolio Evi\u00a0 \u00a0portfoolio Kaire\u00a0 \u00a0portfoolio Margit\u00a0 \u00a0portfoolio Ene\u00a0 portfoolio Kadri\u00a0 portfoolio Anneli\u00a0 portfoolio<\/p>\n","protected":false},"author":2,"featured_media":0,"parent":0,"menu_order":0,"comment_status":"open","ping_status":"open","template":"","meta":{"footnotes":""},"class_list":["post-13","page","type-page","status-publish","hentry"],"_links":{"self":[{"href":"https:\/\/aianduskool.ee\/portfoolio\/wp-json\/wp\/v2\/pages\/13","targetHints":{"allow":["GET"]}}],"collection":[{"href":"https:\/\/aianduskool.ee\/portfoolio\/wp-json\/wp\/v2\/pages"}],"about":[{"href":"https:\/\/aianduskool.ee\/portfoolio\/wp-json\/wp\/v2\/types\/page"}],"author":[{"embeddable":true,"href":"https:\/\/aianduskool.ee\/portfoolio\/wp-json\/wp\/v2\/users\/2"}],"replies":[{"embeddable":true,"href":"https:\/\/aianduskool.ee\/portfoolio\/wp-json\/wp\/v2\/comments?post=13"}],"version-history":[{"count":5,"href":"https:\/\/aianduskool.ee\/portfoolio\/wp-json\/wp\/v2\/pages\/13\/revisions"}],"predecessor-version":[{"id":298,"href":"https:\/\/aianduskool.ee\/portfoolio\/wp-json\/wp\/v2\/pages\/13\/revisions\/298"}],"wp:attachment":[{"href":"https:\/\/aianduskool.ee\/portfoolio\/wp-json\/wp\/v2\/media?parent=13"}],"curies":[{"name":"wp","href":"https:\/\/api.w.org\/{rel}","templated":true}]}}