{"id":149,"date":"2015-11-13T14:26:15","date_gmt":"2015-11-13T12:26:15","guid":{"rendered":"http:\/\/aianduskool.ee\/portfoolio\/?page_id=149"},"modified":"2015-11-13T14:27:40","modified_gmt":"2015-11-13T12:27:40","slug":"tagasiside-2-ulesandele","status":"publish","type":"page","link":"https:\/\/aianduskool.ee\/portfoolio\/tagasiside-2-ulesandele\/","title":{"rendered":"Tagasiside 2. \u00fclesandele"},"content":{"rendered":"<p>Teine \u00fclesanne koosnes kolmest osast:<\/p>\n<ol>\n<li>\u00f5ppematerjalidega tutvumine,<\/li>\n<li>raster- ja vektorgraafikat v\u00f5rdleva tabeli koostamine,<\/li>\n<li>piltide uurimine l\u00e4htuvalt faili suurusest ja failivormist.<\/li>\n<\/ol>\n<p>T\u00f6\u00f6 esitamise t\u00e4htaeg oli 8. november.<\/p>\n<p>Pean algatuseks kohe teid k\u00f5iki kiitma. T\u00e4naseks on k\u00f5ik oma teise \u00fclesande esitanud.<\/p>\n<p>Saime teada, et rastergraafika pildid on k\u00f5ige tavalisemad fotod ja et vektorgraafikat kasutatakse just tekstide, graafikute jmt puhul. Samuti sai selgeks, et rastergraafika piltide t\u00f6\u00f6tlemisel, v\u00e4hendamisel kaotatakse osa pildist \u00e4ra ning hiljem suurendades muutub see ebaselgeks. Seet\u00f5ttu ongi otstarbekas fotografeerida sellises suuruses ja kvaliteedis nagu neid kasutada soovitakse. Rastergraafika pildid j\u00e4\u00e4vad aga alati selgeks. <a href=\"http:\/\/margitinokitsemised.blogspot.com.ee\" target=\"_blank\">Margit<\/a> t\u00f5i v\u00e4lja oma t\u00f6\u00f6s v\u00e4ga hea illustreeriva pildi, mis aitab aru saada raster- ja vektorgraafika olemusest. Lisan selle ka siia.<\/p>\n<div id=\"attachment_150\" style=\"width: 330px\" class=\"wp-caption aligncenter\"><a href=\"http:\/\/aianduskool.ee\/portfoolio\/wp-content\/uploads\/2015\/11\/index-2.jpeg\"><img loading=\"lazy\" decoding=\"async\" aria-describedby=\"caption-attachment-150\" class=\"wp-image-150 size-full\" src=\"http:\/\/aianduskool.ee\/portfoolio\/wp-content\/uploads\/2015\/11\/index-2.jpeg\" alt=\"Rastergraafika vs vektorgraafika\" width=\"320\" height=\"130\" srcset=\"https:\/\/aianduskool.ee\/portfoolio\/wp-content\/uploads\/2015\/11\/index-2.jpeg 320w, https:\/\/aianduskool.ee\/portfoolio\/wp-content\/uploads\/2015\/11\/index-2-300x122.jpeg 300w\" sizes=\"auto, (max-width: 320px) 100vw, 320px\" \/><\/a><p id=\"caption-attachment-150\" class=\"wp-caption-text\">Rastergraafika vs vektorgraafika (Algallikas: https:\/\/patriciusgluteusmaximus.wordpress.com)<\/p><\/div>\n<p>Uurides erinevaid pilte selgus, et veebis kasutatakse \u00fcsnagi v\u00e4ikesemahulisi pilte. P\u00f5hjuseks ikka see, et veebilehe avanedes need kuvataks. Kindlasti olete olnud olukorras, kus pilt ei taha avaneda v\u00f5i avaneb osadena. Tavaliselt paneme selle interneti kiiruse s\u00fc\u00fcks, k\u00fcll aga v\u00f5ib hoopiski olla tegemist suuremahulise pildiga. Et fotod-pildid veebis kiirelt avaneks, on t\u00e4na juba nt blogid ja veebimajutajad m\u00e4\u00e4ranud piltidele maksimaalsed suurused. Kui lehele paigutatava foto maht on suurem, ei lubatagi seda lehele panna. Nt on WordPressis \u00fche \u00fcleslaetava faili maksimaalne suurus 5MB. Blogger failide suurust ette ei anna. Blogger on seotud Google kontoga, mis on omakorda seotud Picasaga, Google Photoga, Google+ ja Google Drive&#8217;iga. <a href=\"https:\/\/support.google.com\/blogger\/answer\/42348?hl=en\" target=\"_blank\">Google<\/a> annab kokku fotode \u00fcleslaadimiseks 15GB vaba ruumi.<\/p>\n<p>Peamised veebi \u00fcleslaetavate fotode-piltide vormid on JPG (JPEG), GIF ja PNG. <a href=\"https:\/\/support.google.com\/blogger\/answer\/41641?hl=en\" target=\"_blank\">Bloggeri juhendi<\/a> p\u00f5hjal toetatakse ka TIF ja BMP formaadis faile.\u00a0T\u00e4na soovitatakse pildid salvestada PNG formaati. Enamlevinud JPEG formaat tekitab faili salvestamisel kadusid, mis muudavad pildi kvaliteedi kehvemaks. PNG salvestab fotod kadudeta, st et s\u00e4ilivad k\u00f5ik pildil olevad v\u00e4rvid.<\/p>\n<p>Kokkuv\u00f5tteks v\u00f5ib \u00f6elda, et juba fotografeerimisel peaksime m\u00f5tlema mil viisil me soovime tehtavat pilti kasutada. Kui soovime A0 suuruses postrit, peaks pilt olema mahult suurem. Kui aga soovime pildi paigutada oma e-portfooliosse, kodulehele, peaks see kindlasti mahult olema v\u00e4iksem.<\/p>\n<p>&nbsp;<\/p>\n<p>K\u00f5ik esitatud t\u00f6\u00f6d vastasid n\u00f5uetele ja on hinnatud hindega &#8220;arvestatud&#8221;. Hinded on eKooli sisestatud. Kui mul tekkis t\u00f6\u00f6d lugedes m\u00f5ni kommentaar, lisasin selle teie blogipostitusele.<\/p>\n","protected":false},"excerpt":{"rendered":"<p>Teine \u00fclesanne koosnes kolmest osast: \u00f5ppematerjalidega tutvumine, raster- ja vektorgraafikat v\u00f5rdleva tabeli koostamine, piltide uurimine l\u00e4htuvalt faili suurusest ja failivormist. T\u00f6\u00f6 esitamise t\u00e4htaeg oli 8. november. Pean algatuseks kohe teid k\u00f5iki kiitma. T\u00e4naseks on k\u00f5ik oma teise \u00fclesande esitanud. Saime teada, et rastergraafika pildid on k\u00f5ige tavalisemad fotod ja et vektorgraafikat kasutatakse just tekstide, graafikute [&hellip;]<\/p>\n","protected":false},"author":2,"featured_media":0,"parent":0,"menu_order":0,"comment_status":"open","ping_status":"open","template":"","meta":{"footnotes":""},"class_list":["post-149","page","type-page","status-publish","hentry"],"_links":{"self":[{"href":"https:\/\/aianduskool.ee\/portfoolio\/wp-json\/wp\/v2\/pages\/149","targetHints":{"allow":["GET"]}}],"collection":[{"href":"https:\/\/aianduskool.ee\/portfoolio\/wp-json\/wp\/v2\/pages"}],"about":[{"href":"https:\/\/aianduskool.ee\/portfoolio\/wp-json\/wp\/v2\/types\/page"}],"author":[{"embeddable":true,"href":"https:\/\/aianduskool.ee\/portfoolio\/wp-json\/wp\/v2\/users\/2"}],"replies":[{"embeddable":true,"href":"https:\/\/aianduskool.ee\/portfoolio\/wp-json\/wp\/v2\/comments?post=149"}],"version-history":[{"count":2,"href":"https:\/\/aianduskool.ee\/portfoolio\/wp-json\/wp\/v2\/pages\/149\/revisions"}],"predecessor-version":[{"id":153,"href":"https:\/\/aianduskool.ee\/portfoolio\/wp-json\/wp\/v2\/pages\/149\/revisions\/153"}],"wp:attachment":[{"href":"https:\/\/aianduskool.ee\/portfoolio\/wp-json\/wp\/v2\/media?parent=149"}],"curies":[{"name":"wp","href":"https:\/\/api.w.org\/{rel}","templated":true}]}}