{"id":15,"date":"2015-08-05T16:25:42","date_gmt":"2015-08-05T13:25:42","guid":{"rendered":"http:\/\/aianduskool.ee\/portfoolio\/?page_id=15"},"modified":"2016-01-12T12:58:48","modified_gmt":"2016-01-12T10:58:48","slug":"ulesanne-1","status":"publish","type":"page","link":"https:\/\/aianduskool.ee\/portfoolio\/ulesanne-1\/","title":{"rendered":"\u00dclesanne 1"},"content":{"rendered":"<p>Esimene \u00fclesanne koosneb kahest osast.<\/p>\n<h4><span style=\"color: #3366ff;\"><strong>1. osa<\/strong><\/span><\/h4>\n<p>Vali endale sobilik blogikeskkond, loo oma blogi ja lisa oma blogi aadress selle postituse kommentaariks v\u00f5i saada \u00f5petajale e-kirjaga. Enam kasutatavad blogikeskkonnad on <a href=\"https:\/\/www.blogger.com\" target=\"_blank\">Blogger<\/a> (seotud Google kontoga, gmail) ja <a href=\"https:\/\/wordpress.com\" target=\"_blank\">WordPress<\/a>.<\/p>\n<p><strong>Juhendid<\/strong><\/p>\n<p>Blogi loomine Bloggeris, juhend (eesti keeles):\u00a0<a href=\"https:\/\/www.youtube.com\/watch?v=fPIItfg7jQM\" target=\"_blank\">https:\/\/www.youtube.com\/watch?v=fPIItfg7jQM<\/a><\/p>\n<p>Bloggeris postituse tegemise juhend (eesti keeles):\u00a0<a href=\"https:\/\/www.youtube.com\/watch?v=ZxS0xthfhfg\" target=\"_blank\">https:\/\/www.youtube.com\/watch?v=ZxS0xthfhfg<\/a><\/p>\n<p>Blogi loomine, postituse tegemine WordPressis, juhend (inglise keeles):\u00a0<a href=\"https:\/\/www.youtube.com\/watch?v=Skk1wibcPb4\" target=\"_blank\">https:\/\/www.youtube.com\/watch?v=Skk1wibcPb4<\/a><\/p>\n<p>Blogisse lehtede ja CC litsentsi lisamine (eesti keeles):\u00a0<a href=\"http:\/\/bit.ly\/1J0fLkn\" target=\"_blank\">http:\/\/bit.ly\/1J0fLkn<\/a><\/p>\n<p>&nbsp;<\/p>\n<h4><span style=\"color: #3366ff;\"><strong>2. osa<\/strong><\/span><\/h4>\n<p>Esimese postitusena kirjuta \u00f5pileping.<\/p>\n<p>\u00d5pileping on \u00f5ppija ja \u00f5petaja vaheline \u201cleping\u201d, mis sisaldab m\u00f5tteid kuidas ja mida \u00f5pitakse ning kuidas \u00f5pitut hinnatakse (P\u00f5ldoja, 2014).<\/p>\n<p>\u00d5pileping koosneb viiest osast:<\/p>\n<ol>\n<li><b>Teema<\/b> \u2013 Mida ma soovin \u00f5ppida?<\/li>\n<li><b>Eesm\u00e4rgid<\/b> \u2013 Millised on minu \u00f5ppimise eesm\u00e4rgid? Miks ma tahan just seda teemat \u00f5ppida? Mis sunnib mind seda \u00f5ppima?<\/li>\n<li><b>Strateegiad<\/b> \u2013 Kuidas ma kavatsen oma eesm\u00e4rgid saavutada? Millised tegevused pean ma l\u00e4bi viima ja millises j\u00e4rjekorras?<\/li>\n<li><b>Vahendid<\/b> \u2013 Missuguseid vahendeid (materjalid, tehnoloogiad, inimesed) ma kasutan eesm\u00e4rkide saavutamiseks? Kuidas ma neid kasutada saan?<\/li>\n<li><b>Hindamine<\/b> \u2013 Kuidas ma tean, et ma olen oma eesm\u00e4rgi saavutanud? Kuidas ma hindan oma saavutusi? Mis seda t\u00f5endab?<\/li>\n<\/ol>\n<p>&nbsp;<\/p>\n<p>T\u00f6\u00f6 esitamise t\u00e4htaeg: <span style=\"color: #3366ff;\"><strong>25. oktoober 2015<\/strong><\/span>.<\/p>\n<p>Tekkinud k\u00fcsimustest ja probleemidest anna \u00f5petajale teada e-kirja teel (katrin.uurman@aianduskool.ee). Oma blogi aadress esita selle postituse kommantaariks v\u00f5i saada e-kirjaga \u00f5petajale.<\/p>\n","protected":false},"excerpt":{"rendered":"<p>Esimene \u00fclesanne koosneb kahest osast. 1. osa Vali endale sobilik blogikeskkond, loo oma blogi ja lisa oma blogi aadress selle postituse kommentaariks v\u00f5i saada \u00f5petajale e-kirjaga. Enam kasutatavad blogikeskkonnad on Blogger (seotud Google kontoga, gmail) ja WordPress. Juhendid Blogi loomine Bloggeris, juhend (eesti keeles):\u00a0https:\/\/www.youtube.com\/watch?v=fPIItfg7jQM Bloggeris postituse tegemise juhend (eesti keeles):\u00a0https:\/\/www.youtube.com\/watch?v=ZxS0xthfhfg Blogi loomine, postituse tegemine WordPressis, [&hellip;]<\/p>\n","protected":false},"author":2,"featured_media":0,"parent":0,"menu_order":0,"comment_status":"open","ping_status":"open","template":"","meta":{"footnotes":""},"class_list":["post-15","page","type-page","status-publish","hentry"],"_links":{"self":[{"href":"https:\/\/aianduskool.ee\/portfoolio\/wp-json\/wp\/v2\/pages\/15","targetHints":{"allow":["GET"]}}],"collection":[{"href":"https:\/\/aianduskool.ee\/portfoolio\/wp-json\/wp\/v2\/pages"}],"about":[{"href":"https:\/\/aianduskool.ee\/portfoolio\/wp-json\/wp\/v2\/types\/page"}],"author":[{"embeddable":true,"href":"https:\/\/aianduskool.ee\/portfoolio\/wp-json\/wp\/v2\/users\/2"}],"replies":[{"embeddable":true,"href":"https:\/\/aianduskool.ee\/portfoolio\/wp-json\/wp\/v2\/comments?post=15"}],"version-history":[{"count":5,"href":"https:\/\/aianduskool.ee\/portfoolio\/wp-json\/wp\/v2\/pages\/15\/revisions"}],"predecessor-version":[{"id":230,"href":"https:\/\/aianduskool.ee\/portfoolio\/wp-json\/wp\/v2\/pages\/15\/revisions\/230"}],"wp:attachment":[{"href":"https:\/\/aianduskool.ee\/portfoolio\/wp-json\/wp\/v2\/media?parent=15"}],"curies":[{"name":"wp","href":"https:\/\/api.w.org\/{rel}","templated":true}]}}