{"id":154,"date":"2015-11-13T15:33:34","date_gmt":"2015-11-13T13:33:34","guid":{"rendered":"http:\/\/aianduskool.ee\/portfoolio\/?page_id=154"},"modified":"2015-11-13T15:35:25","modified_gmt":"2015-11-13T13:35:25","slug":"ulesanne-3","status":"publish","type":"page","link":"https:\/\/aianduskool.ee\/portfoolio\/ulesanne-3\/","title":{"rendered":"\u00dclesanne 3"},"content":{"rendered":"<p>Asume uurima vabavaralisi fotot\u00f6\u00f6tlusrakendusi.<\/p>\n<p>Sel korral peate \u00fclesande tegemiseks fotografeerima oma tooteid. Soovitan kohe valida need, mida soovite oma e-portfoolios kajastada. Tehke 4-5 fotot. Fotod v\u00f5ivad olla tehtud ka samast tootest.<\/p>\n<p>Valige j\u00e4rgnevatest, tasuta kasutatavatest rakendustest v\u00e4hemalt kolm ning katsetage neid. Kindlasti proovige\u00a0l\u00e4bi foto suuruse muutmine (<em>resize<\/em>), l\u00f5ikamine (<em>crop, cut<\/em>), muutke heledust-tumedust (<em>brightness<\/em>), kontrasti (<em>contrast<\/em>), k\u00fcllastust (<em>saturation<\/em>), lisage fotole tekst (n\u00e4iteks oma nimi v\u00f5i fotografeerimise aasta, fotol oleva eseme nimetus vms). Soovi korral v\u00f5ite lisada efekte (<em>efects, filters<\/em>), raami (<em>frame, border<\/em>), p\u00f6\u00f6rata pilti (<em>rotate<\/em>), muuta v\u00e4rve (<em>colors<\/em>), muuta teravust (<em>sharpen<\/em>) vms, mida rakendus pakub.<\/p>\n<p>Valik v\u00f5imalikke fotot\u00f6\u00f6tlusrakendusi:<\/p>\n<ul>\n<li><a href=\"http:\/\/www.pizap.com\/\" target=\"_blank\">piZap<\/a><\/li>\n<li><a href=\"http:\/\/www.picmonkey.com\/\" target=\"_blank\">PicMonkey<\/a><\/li>\n<li><a href=\"https:\/\/www.befunky.com\/\" target=\"_blank\">BeFunky<\/a><\/li>\n<li><a href=\"https:\/\/pixlr.com\/\" target=\"_blank\">Pixlr<\/a><\/li>\n<li><a href=\"http:\/\/www.fotor.com\/\" target=\"_blank\">fotor<\/a><\/li>\n<li><a href=\"http:\/\/www.freeonlinephotoeditor.com\/\" target=\"_blank\">FreeOnlinePhotoEditor<\/a><\/li>\n<li><a href=\"http:\/\/ipiccy.com\/\" target=\"_blank\">iPiccy<\/a><\/li>\n<li><a href=\"http:\/\/www190.lunapic.com\/editor\/\" target=\"_blank\">LUNAPIC<\/a><\/li>\n<li>&#8230;<\/li>\n<\/ul>\n<p>V\u00f5te valida ka m\u00f5ne muu, mida nimekirjas pole. K\u00f5iki nimetatud rakendusi saab kasutada t\u00e4iesti tasuta, ilma kontot loomata. Konto tegemise v\u00f5imalust pakutakse kuid see ei ole ilmtingimata vajalik. Samuti pole vaja rakendusi enda arvutisse installeerida. Paljud nimetatutest on ka mobiili\u00e4pina kasutatavad.<\/p>\n<p>Blogisse postitage originaalfoto ja t\u00f6\u00f6deldud foto. Tekstina lisage juurde originaalfoto maht, pikslite arv, faili formaat. T\u00f6\u00f6deldud foto kohta m\u00e4rkige rakenduse nimi, mida kasutasite ning muutunud andmed (nt faili formaat, pikslite arv, maht jne). Samuti kirjutage t\u00f6\u00f6deldud foto kohta, mida lisaks n\u00f5utule veel tegite (nt lisasite efekti Chromatic 1). Lisaks kirjeldage kasutatud keskkonda, nt mis meeldis, mis mitte, mis t\u00f6\u00f6tas, mis mitte jne<\/p>\n<p>Kokku esitage koos anal\u00fc\u00fcsi ja kirjeldustega 3 originaalfotot ja 3 t\u00f6\u00f6deldud fotot.<\/p>\n<p><strong>N\u00c4IDE<\/strong><\/p>\n<table>\n<tbody>\n<tr>\n<td style=\"text-align: center;\">Originaalfoto<\/td>\n<td style=\"text-align: center;\">T\u00f6\u00f6deldud foto<\/td>\n<\/tr>\n<tr>\n<td>\n<p><div id=\"attachment_155\" style=\"width: 234px\" class=\"wp-caption aligncenter\"><a href=\"http:\/\/aianduskool.ee\/portfoolio\/wp-content\/uploads\/2015\/11\/2015-11-06-16.16.32.jpg\"><img loading=\"lazy\" decoding=\"async\" aria-describedby=\"caption-attachment-155\" class=\"wp-image-155 size-medium\" src=\"http:\/\/aianduskool.ee\/portfoolio\/wp-content\/uploads\/2015\/11\/2015-11-06-16.16.32-224x300.jpg\" alt=\"2015-11-06 16.16.32\" width=\"224\" height=\"300\" srcset=\"https:\/\/aianduskool.ee\/portfoolio\/wp-content\/uploads\/2015\/11\/2015-11-06-16.16.32-224x300.jpg 224w, https:\/\/aianduskool.ee\/portfoolio\/wp-content\/uploads\/2015\/11\/2015-11-06-16.16.32-765x1024.jpg 765w, https:\/\/aianduskool.ee\/portfoolio\/wp-content\/uploads\/2015\/11\/2015-11-06-16.16.32-299x400.jpg 299w, https:\/\/aianduskool.ee\/portfoolio\/wp-content\/uploads\/2015\/11\/2015-11-06-16.16.32.jpg 1936w\" sizes=\"auto, (max-width: 224px) 100vw, 224px\" \/><\/a><p id=\"caption-attachment-155\" class=\"wp-caption-text\">JPEG, 2,6MB, 1936&#215;2592 pikslit<\/p><\/div><\/td>\n<td>\n<p><div id=\"attachment_156\" style=\"width: 232px\" class=\"wp-caption aligncenter\"><a href=\"http:\/\/aianduskool.ee\/portfoolio\/wp-content\/uploads\/2015\/11\/2015-11-06-16.16.321.jpg\"><img loading=\"lazy\" decoding=\"async\" aria-describedby=\"caption-attachment-156\" class=\"wp-image-156 size-medium\" src=\"http:\/\/aianduskool.ee\/portfoolio\/wp-content\/uploads\/2015\/11\/2015-11-06-16.16.321-222x300.jpg\" alt=\"2015-11-06 16.16.32\" width=\"222\" height=\"300\" srcset=\"https:\/\/aianduskool.ee\/portfoolio\/wp-content\/uploads\/2015\/11\/2015-11-06-16.16.321-222x300.jpg 222w, https:\/\/aianduskool.ee\/portfoolio\/wp-content\/uploads\/2015\/11\/2015-11-06-16.16.321-757x1024.jpg 757w, https:\/\/aianduskool.ee\/portfoolio\/wp-content\/uploads\/2015\/11\/2015-11-06-16.16.321-296x400.jpg 296w, https:\/\/aianduskool.ee\/portfoolio\/wp-content\/uploads\/2015\/11\/2015-11-06-16.16.321.jpg 1581w\" sizes=\"auto, (max-width: 222px) 100vw, 222px\" \/><\/a><p id=\"caption-attachment-156\" class=\"wp-caption-text\">JPEG, 1,4MB, 1581&#215;2138 pikslit<\/p><\/div><\/td>\n<\/tr>\n<tr>\n<td><\/td>\n<td>Kasutatud rakendus: <a href=\"http:\/\/www.picmonkey.com\" target=\"_blank\">PicMonkey<\/a><br \/>\nKasutasin l\u00f5ikamist, muutsin heledust-tumedust, teravust, lisasin teksti. Keskkond\u00a0t\u00f6\u00f6tab paremini Google Chrome brauseris,\u00a0Safaris on aeglane.<\/td>\n<\/tr>\n<\/tbody>\n<\/table>\n<p>&nbsp;<\/p>\n<p>Soovi korral v\u00f5ite katsetada ka rohkem kui kolme rakendust.<\/p>\n<p>T\u00f6\u00f6 esitamise t\u00e4htajaks on <span style=\"color: #3366ff;\"><strong>29. november 2015<\/strong><\/span>.<\/p>\n<p>Tekkinud k\u00fcsimustest ja probleemidest andke m\u00e4rku e-kirjaga katrin.uurman@aianduskool.ee<\/p>\n","protected":false},"excerpt":{"rendered":"<p>Asume uurima vabavaralisi fotot\u00f6\u00f6tlusrakendusi. Sel korral peate \u00fclesande tegemiseks fotografeerima oma tooteid. Soovitan kohe valida need, mida soovite oma e-portfoolios kajastada. Tehke 4-5 fotot. Fotod v\u00f5ivad olla tehtud ka samast tootest. Valige j\u00e4rgnevatest, tasuta kasutatavatest rakendustest v\u00e4hemalt kolm ning katsetage neid. Kindlasti proovige\u00a0l\u00e4bi foto suuruse muutmine (resize), l\u00f5ikamine (crop, cut), muutke heledust-tumedust (brightness), kontrasti (contrast), [&hellip;]<\/p>\n","protected":false},"author":2,"featured_media":0,"parent":0,"menu_order":0,"comment_status":"open","ping_status":"open","template":"","meta":{"footnotes":""},"class_list":["post-154","page","type-page","status-publish","hentry"],"_links":{"self":[{"href":"https:\/\/aianduskool.ee\/portfoolio\/wp-json\/wp\/v2\/pages\/154","targetHints":{"allow":["GET"]}}],"collection":[{"href":"https:\/\/aianduskool.ee\/portfoolio\/wp-json\/wp\/v2\/pages"}],"about":[{"href":"https:\/\/aianduskool.ee\/portfoolio\/wp-json\/wp\/v2\/types\/page"}],"author":[{"embeddable":true,"href":"https:\/\/aianduskool.ee\/portfoolio\/wp-json\/wp\/v2\/users\/2"}],"replies":[{"embeddable":true,"href":"https:\/\/aianduskool.ee\/portfoolio\/wp-json\/wp\/v2\/comments?post=154"}],"version-history":[{"count":5,"href":"https:\/\/aianduskool.ee\/portfoolio\/wp-json\/wp\/v2\/pages\/154\/revisions"}],"predecessor-version":[{"id":167,"href":"https:\/\/aianduskool.ee\/portfoolio\/wp-json\/wp\/v2\/pages\/154\/revisions\/167"}],"wp:attachment":[{"href":"https:\/\/aianduskool.ee\/portfoolio\/wp-json\/wp\/v2\/media?parent=154"}],"curies":[{"name":"wp","href":"https:\/\/api.w.org\/{rel}","templated":true}]}}