{"id":174,"date":"2015-11-29T14:16:37","date_gmt":"2015-11-29T12:16:37","guid":{"rendered":"http:\/\/aianduskool.ee\/portfoolio\/?page_id=174"},"modified":"2015-11-29T14:18:58","modified_gmt":"2015-11-29T12:18:58","slug":"ulesanne-4","status":"publish","type":"page","link":"https:\/\/aianduskool.ee\/portfoolio\/ulesanne-4\/","title":{"rendered":"\u00dclesanne 4"},"content":{"rendered":"<p>Eelmises \u00fclesandes t\u00f6\u00f6tlesime fotosid ning tutvusime vabavaraliste fotot\u00f6\u00f6tlusrakendustega.<\/p>\n<p>Neljanda \u00fclesande teemaks on fotokollaa\u017eide (<em>collage, photocollage<\/em>) loomine. Tehes eelmist \u00fclesannet kindlati m\u00e4rkasite, et fotot\u00f6\u00f6tlusrakendus, mida kasutasite, v\u00f5imaldab ka kollaa\u017ee luua. Sel korral v\u00f5ite kasutada kas sama rakendust v\u00f5i valida m\u00f5ne muu. \u00dclesandeks koostage kolm fotokollaa\u017ei oma toodetest. \u00dcks fotokollaa\u017e v\u00f5iks koosneda fotodest, mis on pildistatud samast tootest (nt l\u00e4hiv\u00f5tted, kaugv\u00f5tted, v\u00f5te kasutatud materjalidest ja t\u00f6\u00f6riistadest jne). Lisage kollaa\u017eile sobilik taustav\u00e4rv v\u00f5i -muster, soovi korral raam. Samuti lisage kollaa\u017eile tekst. Fotod v\u00f5iksid olla enne kollaa\u017ei loomist t\u00f6\u00f6deldud. Kasutada v\u00f5ib ka eelmise \u00fclesande k\u00e4igus\u00a0t\u00f6\u00f6deldud\u00a0fotosid. Soovitan kasutada fotosid nendest toodetest, mida tahate\u00a0hiljem oma portfoolios kajastada. Nii olete portfooliosse paigutatavate toodete fotod juba \u00e4ra t\u00f6\u00f6delnud.<\/p>\n<p>Oma blogisse postitage kolm kollaa\u017ei koos originaalfotodega. Nimetage, millist rakendust kollaa\u017ei tegemiseks kasutasite ning kirjeldage mida tegite.<\/p>\n<p><strong>N\u00c4IDE<\/strong><\/p>\n<p>Originaalfotod<\/p>\n<table>\n<tbody>\n<tr>\n<td><a href=\"http:\/\/aianduskool.ee\/portfoolio\/wp-content\/uploads\/2015\/11\/IMG_0006.jpg\"><img loading=\"lazy\" decoding=\"async\" class=\"alignnone size-medium wp-image-178\" src=\"http:\/\/aianduskool.ee\/portfoolio\/wp-content\/uploads\/2015\/11\/IMG_0006-300x225.jpg\" alt=\"IMG_0006\" width=\"300\" height=\"225\" srcset=\"https:\/\/aianduskool.ee\/portfoolio\/wp-content\/uploads\/2015\/11\/IMG_0006-300x225.jpg 300w, https:\/\/aianduskool.ee\/portfoolio\/wp-content\/uploads\/2015\/11\/IMG_0006-1024x768.jpg 1024w, https:\/\/aianduskool.ee\/portfoolio\/wp-content\/uploads\/2015\/11\/IMG_0006-533x400.jpg 533w, https:\/\/aianduskool.ee\/portfoolio\/wp-content\/uploads\/2015\/11\/IMG_0006.jpg 2048w\" sizes=\"auto, (max-width: 300px) 100vw, 300px\" \/><\/a><\/td>\n<td><a href=\"http:\/\/aianduskool.ee\/portfoolio\/wp-content\/uploads\/2015\/11\/IMG_0002.jpg\"><img loading=\"lazy\" decoding=\"async\" class=\"alignnone size-medium wp-image-177\" src=\"http:\/\/aianduskool.ee\/portfoolio\/wp-content\/uploads\/2015\/11\/IMG_0002-300x225.jpg\" alt=\"IMG_0002\" width=\"300\" height=\"225\" srcset=\"https:\/\/aianduskool.ee\/portfoolio\/wp-content\/uploads\/2015\/11\/IMG_0002-300x225.jpg 300w, https:\/\/aianduskool.ee\/portfoolio\/wp-content\/uploads\/2015\/11\/IMG_0002-1024x768.jpg 1024w, https:\/\/aianduskool.ee\/portfoolio\/wp-content\/uploads\/2015\/11\/IMG_0002-533x400.jpg 533w, https:\/\/aianduskool.ee\/portfoolio\/wp-content\/uploads\/2015\/11\/IMG_0002.jpg 2048w\" sizes=\"auto, (max-width: 300px) 100vw, 300px\" \/><\/a><\/td>\n<td><a href=\"http:\/\/aianduskool.ee\/portfoolio\/wp-content\/uploads\/2015\/11\/IMG_0227.jpg\"><img loading=\"lazy\" decoding=\"async\" class=\"alignnone size-medium wp-image-176\" src=\"http:\/\/aianduskool.ee\/portfoolio\/wp-content\/uploads\/2015\/11\/IMG_0227-300x225.jpg\" alt=\"IMG_0227\" width=\"300\" height=\"225\" srcset=\"https:\/\/aianduskool.ee\/portfoolio\/wp-content\/uploads\/2015\/11\/IMG_0227-300x225.jpg 300w, https:\/\/aianduskool.ee\/portfoolio\/wp-content\/uploads\/2015\/11\/IMG_0227-1024x768.jpg 1024w, https:\/\/aianduskool.ee\/portfoolio\/wp-content\/uploads\/2015\/11\/IMG_0227-533x400.jpg 533w, https:\/\/aianduskool.ee\/portfoolio\/wp-content\/uploads\/2015\/11\/IMG_0227.jpg 2048w\" sizes=\"auto, (max-width: 300px) 100vw, 300px\" \/><\/a><\/td>\n<td><a href=\"http:\/\/aianduskool.ee\/portfoolio\/wp-content\/uploads\/2015\/11\/IMG_0228.jpg\"><img loading=\"lazy\" decoding=\"async\" class=\"alignnone size-medium wp-image-175\" src=\"http:\/\/aianduskool.ee\/portfoolio\/wp-content\/uploads\/2015\/11\/IMG_0228-300x225.jpg\" alt=\"IMG_0228\" width=\"300\" height=\"225\" srcset=\"https:\/\/aianduskool.ee\/portfoolio\/wp-content\/uploads\/2015\/11\/IMG_0228-300x225.jpg 300w, https:\/\/aianduskool.ee\/portfoolio\/wp-content\/uploads\/2015\/11\/IMG_0228-1024x768.jpg 1024w, https:\/\/aianduskool.ee\/portfoolio\/wp-content\/uploads\/2015\/11\/IMG_0228-533x400.jpg 533w, https:\/\/aianduskool.ee\/portfoolio\/wp-content\/uploads\/2015\/11\/IMG_0228.jpg 2048w\" sizes=\"auto, (max-width: 300px) 100vw, 300px\" \/><\/a><\/td>\n<\/tr>\n<\/tbody>\n<\/table>\n<p>Kollaa\u017e<\/p>\n<p><a href=\"http:\/\/aianduskool.ee\/portfoolio\/wp-content\/uploads\/2015\/11\/pizap.com14487990131741.jpg\"><img loading=\"lazy\" decoding=\"async\" class=\" size-medium wp-image-180 alignnone\" src=\"http:\/\/aianduskool.ee\/portfoolio\/wp-content\/uploads\/2015\/11\/pizap.com14487990131741-300x225.jpg\" alt=\"pizap.com14487990131741\" width=\"300\" height=\"225\" srcset=\"https:\/\/aianduskool.ee\/portfoolio\/wp-content\/uploads\/2015\/11\/pizap.com14487990131741-300x225.jpg 300w, https:\/\/aianduskool.ee\/portfoolio\/wp-content\/uploads\/2015\/11\/pizap.com14487990131741.jpg 1024w, https:\/\/aianduskool.ee\/portfoolio\/wp-content\/uploads\/2015\/11\/pizap.com14487990131741-533x400.jpg 533w\" sizes=\"auto, (max-width: 300px) 100vw, 300px\" \/><\/a><\/p>\n<p>Kasutasin veebikeskkonda <a href=\"http:\/\/www.pizap.com\/pizap\" target=\"_blank\">piZap<\/a>. Kollaa\u017eiks valisin r\u00f5htasetusega aluse neljale fotole. P\u00e4rast fotode paigutamist muutsin nende\u00a0omavehelist kaugust, samuti muutsin nurgad \u00fcmaraks. Lisasin helerohelise taustav\u00e4rvi ja fotodele varju. Kollaa\u017ei paremasse alanurka paigutasin oma nime ja fotografeerimise aasta.<\/p>\n<p>&nbsp;<\/p>\n<p>T\u00f6\u00f6 esitamise t\u00e4htaeg on <span style=\"color: #3366ff;\"><strong>13. detsember<\/strong><\/span>.<\/p>\n<p>Tekkinud k\u00fcsimustest ja probleemidest andke m\u00e4rku e-kirja teel: katrin.uurman@aianduskool.ee<\/p>\n<p>&nbsp;<\/p>\n<p>&nbsp;<\/p>\n","protected":false},"excerpt":{"rendered":"<p>Eelmises \u00fclesandes t\u00f6\u00f6tlesime fotosid ning tutvusime vabavaraliste fotot\u00f6\u00f6tlusrakendustega. Neljanda \u00fclesande teemaks on fotokollaa\u017eide (collage, photocollage) loomine. Tehes eelmist \u00fclesannet kindlati m\u00e4rkasite, et fotot\u00f6\u00f6tlusrakendus, mida kasutasite, v\u00f5imaldab ka kollaa\u017ee luua. Sel korral v\u00f5ite kasutada kas sama rakendust v\u00f5i valida m\u00f5ne muu. \u00dclesandeks koostage kolm fotokollaa\u017ei oma toodetest. \u00dcks fotokollaa\u017e v\u00f5iks koosneda fotodest, mis on pildistatud samast [&hellip;]<\/p>\n","protected":false},"author":2,"featured_media":0,"parent":0,"menu_order":0,"comment_status":"open","ping_status":"open","template":"","meta":{"footnotes":""},"class_list":["post-174","page","type-page","status-publish","hentry"],"_links":{"self":[{"href":"https:\/\/aianduskool.ee\/portfoolio\/wp-json\/wp\/v2\/pages\/174","targetHints":{"allow":["GET"]}}],"collection":[{"href":"https:\/\/aianduskool.ee\/portfoolio\/wp-json\/wp\/v2\/pages"}],"about":[{"href":"https:\/\/aianduskool.ee\/portfoolio\/wp-json\/wp\/v2\/types\/page"}],"author":[{"embeddable":true,"href":"https:\/\/aianduskool.ee\/portfoolio\/wp-json\/wp\/v2\/users\/2"}],"replies":[{"embeddable":true,"href":"https:\/\/aianduskool.ee\/portfoolio\/wp-json\/wp\/v2\/comments?post=174"}],"version-history":[{"count":3,"href":"https:\/\/aianduskool.ee\/portfoolio\/wp-json\/wp\/v2\/pages\/174\/revisions"}],"predecessor-version":[{"id":183,"href":"https:\/\/aianduskool.ee\/portfoolio\/wp-json\/wp\/v2\/pages\/174\/revisions\/183"}],"wp:attachment":[{"href":"https:\/\/aianduskool.ee\/portfoolio\/wp-json\/wp\/v2\/media?parent=174"}],"curies":[{"name":"wp","href":"https:\/\/api.w.org\/{rel}","templated":true}]}}