{"id":188,"date":"2015-12-06T14:44:38","date_gmt":"2015-12-06T12:44:38","guid":{"rendered":"http:\/\/aianduskool.ee\/portfoolio\/?page_id=188"},"modified":"2015-12-06T15:01:15","modified_gmt":"2015-12-06T13:01:15","slug":"tagasiside-3-ulesandele","status":"publish","type":"page","link":"https:\/\/aianduskool.ee\/portfoolio\/tagasiside-3-ulesandele\/","title":{"rendered":"Tagasiside 3. \u00fclesandele"},"content":{"rendered":"<p><a href=\"http:\/\/aianduskool.ee\/portfoolio\/ulesanne-3\/\" target=\"_blank\">Kolmas \u00fclesanne<\/a> koosnes kahest osast:<\/p>\n<ul>\n<li>fotot\u00f6\u00f6tlusrakenduste v\u00f5i veebikeskkondade valimine (v\u00e4hemalt 3);<\/li>\n<li>oma toodete fotografeerimine, t\u00f6\u00f6tlemiseks sobilike fotode (v\u00e4hemalt 3) valimine.<\/li>\n<\/ul>\n<p>&nbsp;<\/p>\n<p>Fotode t\u00f6\u00f6tlemiseks v\u00f5is valida fotot\u00f6\u00f6tlusrakendusi ja\/ v\u00f5i keskkondi etteantud nimekirjast. Lubatud oli ka valida m\u00f5ni muu, mida nimekirjas polnud v\u00e4lja toodud. T\u00f6\u00f6tlemisel tuli eelk\u00f5ige\u00a0l\u00e4bi proovida foto suuruse muutmist (<em>resize<\/em>), l\u00f5ikamist (<em>crop, cut<\/em>), heleduse-tumeduse (<em>brightness<\/em>), kontrasti (<em>contrast<\/em>), k\u00fcllastusaste (<em>saturation<\/em>) muutmist. Samuti tuli tekst fotole lisada. Soovi korral v\u00f5is kasutada ka muid, rakenduse\/ keskkonna v\u00f5imalusi (nt raami v\u00f5i efekti lisamine, v\u00e4rvide muutmine vms). Oma blogisse tuli postitada v\u00e4hemalt kolm originaalfotot ja samade fotode t\u00f6\u00f6tlused. Juurde tuli lisada info fotode kohta, \u00e4ra tuli nimetada rakendus v\u00f5i keskkond, mida t\u00f6\u00f6tlemisel kasutati ning veidi seda iseloomustada.<\/p>\n<p>Toon siinkohal v\u00e4lja k\u00f5ik rakendused ja keskkonnad, mida fotode t\u00f6\u00f6tlsemiseks kasutati.<\/p>\n<div id=\"attachment_189\" style=\"width: 803px\" class=\"wp-caption aligncenter\"><a href=\"http:\/\/aianduskool.ee\/portfoolio\/wp-content\/uploads\/2015\/12\/Screen-Shot-2015-12-06-at-13.54.14.png\"><img loading=\"lazy\" decoding=\"async\" aria-describedby=\"caption-attachment-189\" class=\"wp-image-189 size-full\" src=\"http:\/\/aianduskool.ee\/portfoolio\/wp-content\/uploads\/2015\/12\/Screen-Shot-2015-12-06-at-13.54.14.png\" alt=\"S\u00f5napilv kasutatud vahenditest\" width=\"793\" height=\"480\" srcset=\"https:\/\/aianduskool.ee\/portfoolio\/wp-content\/uploads\/2015\/12\/Screen-Shot-2015-12-06-at-13.54.14.png 793w, https:\/\/aianduskool.ee\/portfoolio\/wp-content\/uploads\/2015\/12\/Screen-Shot-2015-12-06-at-13.54.14-300x182.png 300w, https:\/\/aianduskool.ee\/portfoolio\/wp-content\/uploads\/2015\/12\/Screen-Shot-2015-12-06-at-13.54.14-661x400.png 661w\" sizes=\"auto, (max-width: 793px) 100vw, 793px\" \/><\/a><p id=\"caption-attachment-189\" class=\"wp-caption-text\">Joonis 1. S\u00f5napilv kasutatud vahenditest. (Enam kasutati suuremas kirjas ja v\u00e4hem v\u00e4iksemas kirjas olevaid vahendeid).<\/p><\/div>\n<p>K\u00f5ige enam kasutati <a href=\"http:\/\/www.picmonkey.com\" target=\"_blank\">PicMonkey<\/a>&#8216;t (6 \u00f5pilast), j\u00e4rgnesid <a href=\"http:\/\/ipiccy.com\" target=\"_blank\">iPiccy<\/a> (4 \u00f5pilast), piZap, <a href=\"https:\/\/www.befunky.com\" target=\"_blank\">BeFunky<\/a> ja Pixlr (3 \u00f5pilast) (vt. Joonis 1.).<\/p>\n<p>\u00dcldjuhul leiti, et katsetatud rakendused\/ keskkonnad on lihtsasti kasutatavad. <a href=\"https:\/\/pixlr.com\" target=\"_blank\">Pixlr<\/a>&#8217;i kohta arvas kaks \u00f5pilast, et tegemist on keeruka ja raskesti kasutatava keskkonnaga, \u00fcks \u00f5pilane aga pidas seda hoopiski oma lemmikuks. Sarnane arvamus oli ka <a href=\"http:\/\/www.pizap.com\" target=\"_blank\">piZap<\/a>i kohta. <a href=\"http:\/\/www.fotor.com\" target=\"_blank\">Fotor<\/a>&#8217;i kohta toodi v\u00e4lja asjaolu, et see ei luba suuri faile \u00fcles laadida. Enne t\u00f6\u00f6tlema asumist tuli foto\u00a0<a href=\"https:\/\/www.stormdance.net\/software\/photorazor\/software%20overview.htm\" target=\"_blank\">PhotoRazor<\/a>&#8217;i abil mahult v\u00e4iksemaks muuta.\u00a0Samuti leiti, et stabiilse\u00a0ja kiire internetipuuduse korral oleks m\u00f5istlikum kasutada arvutisse instaleeritavaid programme, millega ma n\u00f5ustun. V\u00e4lja toodi ka asjaolu, et teada tuleb inglise keelt, et fotot\u00f6\u00f6tlusega hakkama saada.<\/p>\n<p>Fotot\u00f6\u00f6tluse kodut\u00f6\u00f6 juures meeldis mulle, et k\u00f5ikidel t\u00f6\u00f6delemiseks valitud fotodel olid teie endi tooted. Katsetasite peamisi fotot\u00f6\u00f6tlusv\u00f5tteid, v\u00e4hem kasutati teksti lisamist ja efekte. Teisalt efektide v\u00e4hene kasutamine on ka m\u00f5istetav, sest tooteid tutvustavatel piltidel peaks esiplaanile kerkima siiski toode, mida ei varja efektid ega fotole lisatud kleepsud vms. Tekstina soovitan fotole siiski lisada autori perekonnanime ja fotografeerimise aasta. See oleks ka autori\u00f5iguse m\u00e4rgiks teie fotol. Tekst peaks aga olema tagasihoidlik, mitte domineeriv, v\u00e4ikeses kuid loetavas kirjas.<\/p>\n<p>Sel korral kommenteerisin k\u00f5ikide t\u00f6id ka individuaalselt. Kommentaarid ja tekkinud k\u00fcsimused lisasin kas blogisse v\u00f5i eKooli. Paari \u00f5pilase t\u00f6\u00f6 vajab kahjuks ka t\u00e4iendamist. T\u00f6\u00f6de hinded (a\/ma) sisestasin eKooli. T\u00f6\u00f6de t\u00e4iendamiseks annan \u00fche n\u00e4dala. K\u00fcsimustele v\u00f5ite vastata oma blogisse kommentaarina.<\/p>\n<p>Tore oli m\u00e4rgata, et usinamad on juba ka neljanda \u00fclesande \u00e4ra teinud.\u00a0 \ud83d\ude42<\/p>\n<p>&nbsp;<\/p>\n<p>M\u00f5nusat j\u00f5uluootust!<\/p>\n<p><iframe loading=\"lazy\" width=\"640\" height=\"480\" src=\"https:\/\/www.youtube.com\/embed\/nZ6yQgBvuoI?rel=0&amp;controls=0&amp;showinfo=0\" frameborder=\"0\" allowfullscreen><\/iframe><\/p>\n","protected":false},"excerpt":{"rendered":"<p>Kolmas \u00fclesanne koosnes kahest osast: fotot\u00f6\u00f6tlusrakenduste v\u00f5i veebikeskkondade valimine (v\u00e4hemalt 3); oma toodete fotografeerimine, t\u00f6\u00f6tlemiseks sobilike fotode (v\u00e4hemalt 3) valimine. &nbsp; Fotode t\u00f6\u00f6tlemiseks v\u00f5is valida fotot\u00f6\u00f6tlusrakendusi ja\/ v\u00f5i keskkondi etteantud nimekirjast. Lubatud oli ka valida m\u00f5ni muu, mida nimekirjas polnud v\u00e4lja toodud. T\u00f6\u00f6tlemisel tuli eelk\u00f5ige\u00a0l\u00e4bi proovida foto suuruse muutmist (resize), l\u00f5ikamist (crop, cut), heleduse-tumeduse (brightness), [&hellip;]<\/p>\n","protected":false},"author":2,"featured_media":0,"parent":0,"menu_order":0,"comment_status":"open","ping_status":"open","template":"","meta":{"footnotes":""},"class_list":["post-188","page","type-page","status-publish","hentry"],"_links":{"self":[{"href":"https:\/\/aianduskool.ee\/portfoolio\/wp-json\/wp\/v2\/pages\/188","targetHints":{"allow":["GET"]}}],"collection":[{"href":"https:\/\/aianduskool.ee\/portfoolio\/wp-json\/wp\/v2\/pages"}],"about":[{"href":"https:\/\/aianduskool.ee\/portfoolio\/wp-json\/wp\/v2\/types\/page"}],"author":[{"embeddable":true,"href":"https:\/\/aianduskool.ee\/portfoolio\/wp-json\/wp\/v2\/users\/2"}],"replies":[{"embeddable":true,"href":"https:\/\/aianduskool.ee\/portfoolio\/wp-json\/wp\/v2\/comments?post=188"}],"version-history":[{"count":5,"href":"https:\/\/aianduskool.ee\/portfoolio\/wp-json\/wp\/v2\/pages\/188\/revisions"}],"predecessor-version":[{"id":208,"href":"https:\/\/aianduskool.ee\/portfoolio\/wp-json\/wp\/v2\/pages\/188\/revisions\/208"}],"wp:attachment":[{"href":"https:\/\/aianduskool.ee\/portfoolio\/wp-json\/wp\/v2\/media?parent=188"}],"curies":[{"name":"wp","href":"https:\/\/api.w.org\/{rel}","templated":true}]}}