{"id":225,"date":"2015-12-20T13:00:51","date_gmt":"2015-12-20T11:00:51","guid":{"rendered":"http:\/\/aianduskool.ee\/portfoolio\/?page_id=225"},"modified":"2015-12-20T13:00:51","modified_gmt":"2015-12-20T11:00:51","slug":"tagasiside-4-ulesandele","status":"publish","type":"page","link":"https:\/\/aianduskool.ee\/portfoolio\/tagasiside-4-ulesandele\/","title":{"rendered":"Tagasiside 4. \u00fclesandele"},"content":{"rendered":"<p><a href=\"http:\/\/aianduskool.ee\/portfoolio\/ulesanne-4\/\" target=\"_blank\">Neljandaks \u00fclesandeks<\/a> oli fotokollaa\u017eide koostamine.<\/p>\n<p>Kui fotot\u00f6\u00f6tluse \u00fclesande tegemisel oli k\u00f5ge rohkem kasutatud keskkonnaks <a href=\"http:\/\/www.picmonkey.com\" target=\"_blank\">PicMonekey<\/a>, siis sel korral kasutati enam\u00a0<a href=\"http:\/\/www.pizap.com\" target=\"_blank\">piZap<\/a>&#8217;i.<\/p>\n<p>Enamasti kasutati fotosid enda toodetest. V\u00e4hem oli neid kollaa\u017ee, kuhu oli lisatud pilte kasutatud materjalidest ja t\u00f6\u00f6vahenditest. K\u00f5ige enam koostati kollaa\u017ee kahest ja neljast fotost. Samas oli ka kollaa\u017ee, mille loomiseks kasutati 6 \u00a0ja 8 fotot. Loodud kollaa\u017eidega saate tutvuda \u00fcksteise blogides.<\/p>\n<p>\u00dcks Kadri kollaa\u017e erines k\u00f5igist t\u00f6\u00f6dest. Jagan seda k\u00f5igiga. Link:\u00a0<a href=\"https:\/\/tekstiilikadri.wordpress.com\/2015\/12\/03\/3-kollaazi\/\" target=\"_blank\">https:\/\/tekstiilikadri.wordpress.com\/2015\/12\/03\/3-kollaazi\/<\/a>\u00a0Selles kollaa\u017eis on lisaks fotodele ka eksponeeritud kollaa\u017ei tausta, mis muudab koosluse huvitavaks pildiks ja \u00fchtseks tervikuks.<\/p>\n<p>Ma loodan, et te j\u00e4lgite \u00fcksteise tegemisi. Kui ei, siis soovitan seda teha. K\u00f5ikide blogid leiate kursuse lehelt, men\u00fc\u00fcst <a href=\"http:\/\/aianduskool.ee\/portfoolio\/kursuse-opetaja\/\" target=\"_blank\">Inimesed<\/a>.<\/p>\n<p>Hinded on sisestatud eKooli. Vajadusel lisasin kommentaarid blogidesse.<\/p>\n<p>&nbsp;<\/p>\n<p>Kaunist p\u00fchadeaega!<\/p>\n","protected":false},"excerpt":{"rendered":"<p>Neljandaks \u00fclesandeks oli fotokollaa\u017eide koostamine. Kui fotot\u00f6\u00f6tluse \u00fclesande tegemisel oli k\u00f5ge rohkem kasutatud keskkonnaks PicMonekey, siis sel korral kasutati enam\u00a0piZap&#8217;i. Enamasti kasutati fotosid enda toodetest. V\u00e4hem oli neid kollaa\u017ee, kuhu oli lisatud pilte kasutatud materjalidest ja t\u00f6\u00f6vahenditest. K\u00f5ige enam koostati kollaa\u017ee kahest ja neljast fotost. Samas oli ka kollaa\u017ee, mille loomiseks kasutati 6 \u00a0ja 8 [&hellip;]<\/p>\n","protected":false},"author":2,"featured_media":0,"parent":0,"menu_order":0,"comment_status":"open","ping_status":"open","template":"","meta":{"footnotes":""},"class_list":["post-225","page","type-page","status-publish","hentry"],"_links":{"self":[{"href":"https:\/\/aianduskool.ee\/portfoolio\/wp-json\/wp\/v2\/pages\/225","targetHints":{"allow":["GET"]}}],"collection":[{"href":"https:\/\/aianduskool.ee\/portfoolio\/wp-json\/wp\/v2\/pages"}],"about":[{"href":"https:\/\/aianduskool.ee\/portfoolio\/wp-json\/wp\/v2\/types\/page"}],"author":[{"embeddable":true,"href":"https:\/\/aianduskool.ee\/portfoolio\/wp-json\/wp\/v2\/users\/2"}],"replies":[{"embeddable":true,"href":"https:\/\/aianduskool.ee\/portfoolio\/wp-json\/wp\/v2\/comments?post=225"}],"version-history":[{"count":2,"href":"https:\/\/aianduskool.ee\/portfoolio\/wp-json\/wp\/v2\/pages\/225\/revisions"}],"predecessor-version":[{"id":227,"href":"https:\/\/aianduskool.ee\/portfoolio\/wp-json\/wp\/v2\/pages\/225\/revisions\/227"}],"wp:attachment":[{"href":"https:\/\/aianduskool.ee\/portfoolio\/wp-json\/wp\/v2\/media?parent=225"}],"curies":[{"name":"wp","href":"https:\/\/api.w.org\/{rel}","templated":true}]}}