{"id":232,"date":"2016-01-14T14:27:47","date_gmt":"2016-01-14T12:27:47","guid":{"rendered":"http:\/\/aianduskool.ee\/portfoolio\/?page_id=232"},"modified":"2017-01-11T08:31:15","modified_gmt":"2017-01-11T06:31:15","slug":"autorioigus-ja-creative-commons-litsentsid","status":"publish","type":"page","link":"https:\/\/aianduskool.ee\/portfoolio\/autorioigus-ja-creative-commons-litsentsid\/","title":{"rendered":"Autori\u00f5igus ja Creative Commons litsentsid"},"content":{"rendered":"<p>Autori\u00f5igusi reguleerivad <a href=\"https:\/\/www.riigiteataja.ee\/akt\/128122011005\" target=\"_blank\">Eesti autori\u00f5iguse seadus<\/a> ja <a href=\"https:\/\/www.riigiteataja.ee\/akt\/13101723\" target=\"_blank\">Berni kirjandus- ja kunstiteoste kaitse konventsioon<\/a>. Need kaitsevad k\u00f5iki originaalteoseid.\u00a0Autori\u00f5iguse seadusega kaasnevad \u00f5igused kaitsevad ka esitlusi, esmasalvestusi ja teoste raadio- ja televisiooniedastusi.<\/p>\n<p>Autori\u00f5igus tekib koos teose loomisega ning kehtib kogu autori eluaja. Lisaks kehtib autori\u00f5igus veel 70 aastat p\u00e4rast autori surma (EL ja USA). Autori\u00f5igust on v\u00f5imalik p\u00e4randada.<\/p>\n<p><strong>Autori\u00f5igus kaitseb automaatselt k\u00f5iki teoseid, ka siis kui autorit pole m\u00e4rgitud<\/strong>. Teosele ei ole tarvis panna m\u00e4rget &#8220;k\u00f5ik \u00f5igused kaitstud&#8221; (\u00a9). Sellist teost ei tohi ilma autori loata reprodutseerida, t\u00f5lkida, t\u00f6\u00f6delda, avalikult esitada, eksponeerida, levitada, edastada ega \u00fcldsusele k\u00e4ttesaadavaks teha.<\/p>\n<p>Autori\u00f5iguse seaduse \u00a7 19 \u00fctleb teose vaba kasutamise kohta j\u00e4rgmist:<br \/>\n&#8220;<em>\u00f5igup\u00e4raselt avaldatud teost v\u00f5ib kasutada illustreeriva materjalina <strong>\u00f5ppe-eesm\u00e4rkidel motiveeritud mahus<\/strong>, kui ei taotleta \u00e4rilisi eesm\u00e4rke ning autorile on viidatud<\/em>&#8220;.<\/p>\n<h4><strong><span style=\"color: #3366ff;\">Kui suur on motiveeritud maht?\u00a0<\/span><\/strong><\/h4>\n<p>Eesti autori\u00f5iguse seadus seda t\u00e4pselt ei reguleeri. USA seadused motiveeritud mahu reguleerivad ja need v\u00f5ib t\u00e4na, globaliseerunud maailmas, aluseks v\u00f5tta. <strong>Tekst<\/strong>i kasutamise motiveeritud maht on <strong>10%<\/strong> kuid <strong>mitte \u00fcle 1000 s\u00f5na<\/strong>. <strong>Video<\/strong>st v\u00f5ib kasutada <strong>10%<\/strong> kuid <strong>mitte \u00fcle 3 minuti<\/strong>. <strong>Pilt<\/strong>ide kasutamise motiveeritud maht on <strong>10% \u00fchest kogumikust<\/strong> v\u00f5i <strong>kuni 5 pilti \u00fchelt autorilt<\/strong>. <strong>Muusika<\/strong> ja <strong>muusikavideo<\/strong>de kasutamisel on motiveeritud mahuks <strong>10%<\/strong> kuid <strong>mitte \u00fcle 30 sekundi<\/strong>.<\/p>\n<h4><strong><span style=\"color: #3366ff;\">Autori\u00f5iguse liigid <\/span><\/strong><\/h4>\n<ul>\n<li>&#8220;K\u00f5ik \u00f5igused kaitstud&#8221; (C<em>opyright<\/em> &#8211;\u00a0\u00a9) &#8211; selliseid teoseid ei v\u00f5i autori n\u00f5usolekuta ja viitamiseta kasutada.<\/li>\n<li><a href=\"https:\/\/et.wikipedia.org\/wiki\/Avalik_omand\" target=\"_blank\">Avalik omand<\/a> (P<em>ublic Domain<\/em> &#8211; PD) &#8211; selliseid teoseid v\u00f5ib piiranguteta kasutada.<\/li>\n<li>Avatud sisulitsentsid, sh <a href=\"https:\/\/et.wikipedia.org\/wiki\/Creative_Commons\" target=\"_blank\">Creative Commons<\/a> ja <a href=\"https:\/\/et.wikipedia.org\/wiki\/GNU_FDL\" target=\"_blank\">GNU avatud litsentsid<\/a> &#8211; selliste litsentside puhul on autor m\u00e4\u00e4ranud, mida v\u00f5ib teosega teha ning mida mitte.<\/li>\n<\/ul>\n<p>&nbsp;<\/p>\n<h4><strong><span style=\"color: #3366ff;\">Kuidas autori\u00f5igust t\u00e4histatakse?\u00a0<\/span><\/strong><\/h4>\n<ul>\n<li><span style=\"color: #000000;\">Copyright ehk k\u00f5ik \u00f5igused kaitstud \u00a0t\u00e4his\u00a0\u00a9 v\u00f5i on t\u00e4histamata.\u00a0<\/span><\/li>\n<\/ul>\n<ul>\n<li>Creative Commons<\/li>\n<\/ul>\n<p><a href=\"http:\/\/aianduskool.ee\/portfoolio\/wp-content\/uploads\/2016\/01\/cc.logo_.large_.png\"><img loading=\"lazy\" decoding=\"async\" class=\"alignnone wp-image-233\" src=\"http:\/\/aianduskool.ee\/portfoolio\/wp-content\/uploads\/2016\/01\/cc.logo_.large_-300x72.png\" alt=\"cc.logo.large\" width=\"275\" height=\"66\" srcset=\"https:\/\/aianduskool.ee\/portfoolio\/wp-content\/uploads\/2016\/01\/cc.logo_.large_-300x72.png 300w, https:\/\/aianduskool.ee\/portfoolio\/wp-content\/uploads\/2016\/01\/cc.logo_.large_-720x172.png 720w, https:\/\/aianduskool.ee\/portfoolio\/wp-content\/uploads\/2016\/01\/cc.logo_.large_.png 1010w\" sizes=\"auto, (max-width: 275px) 100vw, 275px\" \/><\/a><\/p>\n<ul>\n<li>GNU Free Documentation License<\/li>\n<\/ul>\n<p><a href=\"http:\/\/aianduskool.ee\/portfoolio\/wp-content\/uploads\/2016\/01\/Heckert_GNU_white.svg_.png\"><img loading=\"lazy\" decoding=\"async\" class=\"alignnone wp-image-234 size-thumbnail\" src=\"http:\/\/aianduskool.ee\/portfoolio\/wp-content\/uploads\/2016\/01\/Heckert_GNU_white.svg_-150x150.png\" alt=\"Heckert_GNU_white.svg\" width=\"150\" height=\"150\" \/><\/a><\/p>\n<ul>\n<li>Public Domain (kasutatakse mitut t\u00e4hist)<\/li>\n<\/ul>\n<p>&nbsp;<\/p>\n<p><a href=\"http:\/\/aianduskool.ee\/portfoolio\/wp-content\/uploads\/2016\/01\/PD.jpg\"><img loading=\"lazy\" decoding=\"async\" class=\"alignnone size-medium wp-image-243\" src=\"http:\/\/aianduskool.ee\/portfoolio\/wp-content\/uploads\/2016\/01\/PD-300x154.jpg\" alt=\"PD\" width=\"300\" height=\"154\" srcset=\"https:\/\/aianduskool.ee\/portfoolio\/wp-content\/uploads\/2016\/01\/PD-300x154.jpg 300w, https:\/\/aianduskool.ee\/portfoolio\/wp-content\/uploads\/2016\/01\/PD-1024x525.jpg 1024w, https:\/\/aianduskool.ee\/portfoolio\/wp-content\/uploads\/2016\/01\/PD-720x369.jpg 720w\" sizes=\"auto, (max-width: 300px) 100vw, 300px\" \/><\/a><\/p>\n<h4><strong><span style=\"color: #3366ff;\">V\u00f5imalikud Creative Commonsi litsentsid\u00a0<\/span><\/strong><\/h4>\n<div id=\"attachment_238\" style=\"width: 501px\" class=\"wp-caption alignleft\"><a href=\"http:\/\/aianduskool.ee\/portfoolio\/wp-content\/uploads\/2016\/01\/Screen-Shot-2016-01-14-at-13.25.05.png\"><img loading=\"lazy\" decoding=\"async\" aria-describedby=\"caption-attachment-238\" class=\"wp-image-238 \" src=\"http:\/\/aianduskool.ee\/portfoolio\/wp-content\/uploads\/2016\/01\/Screen-Shot-2016-01-14-at-13.25.05.png\" alt=\"Screen Shot 2016-01-14 at 13.25.05\" width=\"491\" height=\"471\" srcset=\"https:\/\/aianduskool.ee\/portfoolio\/wp-content\/uploads\/2016\/01\/Screen-Shot-2016-01-14-at-13.25.05.png 640w, https:\/\/aianduskool.ee\/portfoolio\/wp-content\/uploads\/2016\/01\/Screen-Shot-2016-01-14-at-13.25.05-300x288.png 300w, https:\/\/aianduskool.ee\/portfoolio\/wp-content\/uploads\/2016\/01\/Screen-Shot-2016-01-14-at-13.25.05-417x400.png 417w\" sizes=\"auto, (max-width: 491px) 100vw, 491px\" \/><\/a><p id=\"caption-attachment-238\" class=\"wp-caption-text\">Allikas: https:\/\/et.wikipedia.org\/wiki\/Creative_Commons<\/p><\/div>\n<p>&nbsp;<\/p>\n<p>&nbsp;<\/p>\n<p>&nbsp;<\/p>\n<p>&nbsp;<\/p>\n<p>&nbsp;<\/p>\n<p>&nbsp;<\/p>\n<p>&nbsp;<\/p>\n<p>&nbsp;<\/p>\n<p>&nbsp;<\/p>\n<p>&nbsp;<\/p>\n<p>&nbsp;<\/p>\n<p>&nbsp;<\/p>\n<p>&nbsp;<\/p>\n<p>&nbsp;<\/p>\n<p>&nbsp;<\/p>\n<p>Creative Commons litsentside t\u00e4hiseid ja ikoone\u00a0saab oma t\u00f6\u00f6le paigutamiseks alla laadida <a href=\"https:\/\/creativecommons.org\/about\/downloads\/\" target=\"_blank\">CC kodulehelt<\/a>.<\/p>\n<p>&nbsp;<\/p>\n<hr \/>\n<p>Allikad ja lisalugemist:<br \/>\nJoalaid, P. Austame autorit.\u00a0<a href=\"http:\/\/haridus.opleht.ee\/Arhiiv\/9_102009\/lugu5.pdf\" target=\"_blank\">http:\/\/haridus.opleht.ee\/Arhiiv\/9_102009\/lugu5.pdf<\/a>\u00a0(vaadatud 11.10.2015)<br \/>\nJoalaid, P. Autori\u00f5igused. \u00a0<a href=\"http:\/\/documents.tips\/documents\/joalaid-autorioigus-pikk.html\" target=\"_blank\">http:\/\/documents.tips\/documents\/joalaid-autorioigus-pikk.html<\/a>\u00a0(vaadatud 11.10.2015)<br \/>\nCreative Commons koduleht.\u00a0<a href=\"https:\/\/creativecommons.org\" target=\"_blank\">https:\/\/creativecommons.org<\/a>\u00a0(vaadatud 14.01.2016)<\/p>\n","protected":false},"excerpt":{"rendered":"<p>Autori\u00f5igusi reguleerivad Eesti autori\u00f5iguse seadus ja Berni kirjandus- ja kunstiteoste kaitse konventsioon. Need kaitsevad k\u00f5iki originaalteoseid.\u00a0Autori\u00f5iguse seadusega kaasnevad \u00f5igused kaitsevad ka esitlusi, esmasalvestusi ja teoste raadio- ja televisiooniedastusi. Autori\u00f5igus tekib koos teose loomisega ning kehtib kogu autori eluaja. Lisaks kehtib autori\u00f5igus veel 70 aastat p\u00e4rast autori surma (EL ja USA). Autori\u00f5igust on v\u00f5imalik p\u00e4randada. Autori\u00f5igus [&hellip;]<\/p>\n","protected":false},"author":2,"featured_media":0,"parent":0,"menu_order":0,"comment_status":"open","ping_status":"open","template":"","meta":{"footnotes":""},"class_list":["post-232","page","type-page","status-publish","hentry"],"_links":{"self":[{"href":"https:\/\/aianduskool.ee\/portfoolio\/wp-json\/wp\/v2\/pages\/232","targetHints":{"allow":["GET"]}}],"collection":[{"href":"https:\/\/aianduskool.ee\/portfoolio\/wp-json\/wp\/v2\/pages"}],"about":[{"href":"https:\/\/aianduskool.ee\/portfoolio\/wp-json\/wp\/v2\/types\/page"}],"author":[{"embeddable":true,"href":"https:\/\/aianduskool.ee\/portfoolio\/wp-json\/wp\/v2\/users\/2"}],"replies":[{"embeddable":true,"href":"https:\/\/aianduskool.ee\/portfoolio\/wp-json\/wp\/v2\/comments?post=232"}],"version-history":[{"count":5,"href":"https:\/\/aianduskool.ee\/portfoolio\/wp-json\/wp\/v2\/pages\/232\/revisions"}],"predecessor-version":[{"id":326,"href":"https:\/\/aianduskool.ee\/portfoolio\/wp-json\/wp\/v2\/pages\/232\/revisions\/326"}],"wp:attachment":[{"href":"https:\/\/aianduskool.ee\/portfoolio\/wp-json\/wp\/v2\/media?parent=232"}],"curies":[{"name":"wp","href":"https:\/\/api.w.org\/{rel}","templated":true}]}}