{"id":27,"date":"2015-08-05T16:29:20","date_gmt":"2015-08-05T13:29:20","guid":{"rendered":"http:\/\/aianduskool.ee\/portfoolio\/?page_id=27"},"modified":"2016-05-01T11:16:41","modified_gmt":"2016-05-01T08:16:41","slug":"oppematerjali-esileht","status":"publish","type":"page","link":"https:\/\/aianduskool.ee\/portfoolio\/oppematerjali-esileht\/","title":{"rendered":"\u00d5ppematerjalid"},"content":{"rendered":"<h4><strong>L\u00e4bitavad teemad<\/strong><\/h4>\n<p>1. <a href=\"http:\/\/aianduskool.ee\/portfoolio\/arvutigraafika-alused\/\" target=\"_blank\">Arvutigraafika alused<\/a><br \/>\n* Fotot\u00f6\u00f6tlus vabavaralise fotot\u00f6\u00f6tlusprogrammiga.<br \/>\n* Teksti ja foto \u00fchendamine.<br \/>\n* Fotokollaa\u017ei loomine.<br \/>\n* Salvestamine ja failiformaadid<br \/>\n2. Digitaalse portfoolio koostamine<br \/>\n* <a href=\"http:\/\/aianduskool.ee\/portfoolio\/slaidiesitlused\/\">Slaidiesitluse koostamine. Esitlusprogrammid. Veebip\u00f5hised slaidiesitlused.<\/a><br \/>\n* Veebip\u00e4eviku (blogi) loomine.<br \/>\n* Veebis avaldamine. <a href=\"http:\/\/aianduskool.ee\/portfoolio\/autorioigus-ja-creative-commons-litsentsid\/\" target=\"_blank\">Creative Commons litsentsid<\/a>.<br \/>\n* <a href=\"http:\/\/aianduskool.ee\/portfoolio\/oppematerjal-1\/\" target=\"_blank\">Digitaalse protfoolio m\u00f5iste ja t\u00fc\u00fcbid. <\/a><a href=\"http:\/\/aianduskool.ee\/portfoolio\/oppematerjal-2\/\" target=\"_blank\">Portfoolio koostamine. Struktuur. Tehnilised n\u00f5uded.<\/a><\/p>\n<p>Videojuhend:<br \/>\n<a href=\"http:\/\/bit.ly\/1J0fLkn\" target=\"_blank\">Blogerisse lehtede ja CC litsentsi lisamine<\/a>.<\/p>\n","protected":false},"excerpt":{"rendered":"<p>L\u00e4bitavad teemad 1. Arvutigraafika alused * Fotot\u00f6\u00f6tlus vabavaralise fotot\u00f6\u00f6tlusprogrammiga. * Teksti ja foto \u00fchendamine. * Fotokollaa\u017ei loomine. * Salvestamine ja failiformaadid 2. Digitaalse portfoolio koostamine * Slaidiesitluse koostamine. Esitlusprogrammid. Veebip\u00f5hised slaidiesitlused. * Veebip\u00e4eviku (blogi) loomine. * Veebis avaldamine. Creative Commons litsentsid. * Digitaalse protfoolio m\u00f5iste ja t\u00fc\u00fcbid. Portfoolio koostamine. Struktuur. Tehnilised n\u00f5uded. Videojuhend: Blogerisse lehtede [&hellip;]<\/p>\n","protected":false},"author":2,"featured_media":0,"parent":0,"menu_order":0,"comment_status":"open","ping_status":"open","template":"","meta":{"footnotes":""},"class_list":["post-27","page","type-page","status-publish","hentry"],"_links":{"self":[{"href":"https:\/\/aianduskool.ee\/portfoolio\/wp-json\/wp\/v2\/pages\/27","targetHints":{"allow":["GET"]}}],"collection":[{"href":"https:\/\/aianduskool.ee\/portfoolio\/wp-json\/wp\/v2\/pages"}],"about":[{"href":"https:\/\/aianduskool.ee\/portfoolio\/wp-json\/wp\/v2\/types\/page"}],"author":[{"embeddable":true,"href":"https:\/\/aianduskool.ee\/portfoolio\/wp-json\/wp\/v2\/users\/2"}],"replies":[{"embeddable":true,"href":"https:\/\/aianduskool.ee\/portfoolio\/wp-json\/wp\/v2\/comments?post=27"}],"version-history":[{"count":5,"href":"https:\/\/aianduskool.ee\/portfoolio\/wp-json\/wp\/v2\/pages\/27\/revisions"}],"predecessor-version":[{"id":311,"href":"https:\/\/aianduskool.ee\/portfoolio\/wp-json\/wp\/v2\/pages\/27\/revisions\/311"}],"wp:attachment":[{"href":"https:\/\/aianduskool.ee\/portfoolio\/wp-json\/wp\/v2\/media?parent=27"}],"curies":[{"name":"wp","href":"https:\/\/api.w.org\/{rel}","templated":true}]}}