{"id":274,"date":"2016-01-17T12:58:37","date_gmt":"2016-01-17T10:58:37","guid":{"rendered":"http:\/\/aianduskool.ee\/portfoolio\/?page_id=274"},"modified":"2018-09-11T11:18:45","modified_gmt":"2018-09-11T08:18:45","slug":"ulesanne-6","status":"publish","type":"page","link":"https:\/\/aianduskool.ee\/portfoolio\/ulesanne-6\/","title":{"rendered":"\u00dclesanne 6"},"content":{"rendered":"<p>Eelmiseks \u00fclesandeks oli valida endale sobilik portfooliokeskkond ja portfoolioga algust teha.<\/p>\n<p>K\u00f5ik valisid portfoolio keskkonnaks sama, kus on ka blogi. Sellel on nii h\u00e4id kui ka v\u00e4hem h\u00e4id k\u00fclgi. Eriti hea on see, et blogi keskkond, mida kasutate on juba tuttav ning teate, kuidas see k\u00e4itub, mist\u00f5ttu portfioolio koostamise tehnilisele poolele kulub v\u00e4hem aega. V\u00e4hem positiivne on aga see, et katsetamata m\u00f5nda uut keskkonda, j\u00e4\u00e4bki v\u00f5ibolla veelgi parem keskkond tundmatuks. Teades oma tegemisi ja mahtusid, on ilmselt aeg see, mis t\u00e4na valikute tegemist m\u00f5jutab k\u00f5ige enam.<\/p>\n<p>&nbsp;<\/p>\n<p>N\u00fc\u00fcd aga hakkame \u00a0oma portfooliot koostama.<\/p>\n<p>Selleks tutvu esmalt \u00f5ppematerjalidega:<\/p>\n<ul>\n<li><a href=\"http:\/\/aianduskool.ee\/portfoolio\/oppematerjal-1\/\" target=\"_blank\" rel=\"noopener\">Digitaalse portfoolio m\u00f5iste<\/a><\/li>\n<li><a href=\"http:\/\/aianduskool.ee\/portfoolio\/oppematerjal-2\/\" target=\"_blank\" rel=\"noopener\">Digitaalse portfoolio struktuur ja koostamine\u00a0<\/a><\/li>\n<li><a href=\"http:\/\/aianduskool.ee\/portfoolio\/autorioigus-ja-creative-commons-litsentsid\/\" target=\"_blank\" rel=\"noopener\">Autori\u00f5igus ja Creative Commons litsentsid<\/a><\/li>\n<\/ul>\n<p>&nbsp;<\/p>\n<p>Vali oma portfoolio t\u00fc\u00fcp, \u00a0s\u00f5nasta eesm\u00e4rk, oodatavad tulemused ja m\u00e4\u00e4ratle sihtr\u00fchm ehk kellele soovid oma portfooliot esitleda\/ suunata. Samuti m\u00e4\u00e4ra oma portfoolio struktuur. Struktuuri m\u00e4\u00e4ramisel l\u00e4htu meie kursuse k\u00e4igus iseseisva t\u00f6\u00f6na valmiva e-portfooliole esitatud n\u00f5uetest ja e-portfoolio \u00fcldisest soovituslikust \u00fclesehitusest.<\/p>\n<p>Iseseisva t\u00f6\u00f6na valmiva portfoolio struktuur:<\/p>\n<ul>\n<li>CV (ei sisalda tundlikke andmeid, nt isikukood, s\u00fcnniaeg jms, v\u00f5ib olla loodud eraldi keskkonnas. N\u00e4iteks\u00a0<a href=\"https:\/\/europass.cedefop.europa.eu\/et\/documents\/curriculum-vitae\" target=\"_blank\" rel=\"noopener\">Europassi CV<\/a>,\u00a0<a href=\"https:\/\/www.linkedin.com\/\" target=\"_blank\" rel=\"noopener\">Linkedin<\/a>, <a href=\"https:\/\/ee.linkedin.com\/in\/katrin-uurman-1298a425\" target=\"_blank\" rel=\"noopener\">n\u00e4ide<\/a>.\u00a0(Linkedin CV\u00a0v\u00f5ib olla ka eestikeelne.)\u00a0<a href=\"https:\/\/mahara.org\/\" target=\"_blank\" rel=\"noopener\">Mahara<\/a>, <a href=\"https:\/\/mahara.org\/user\/katrinuurman\" target=\"_blank\" rel=\"noopener\">n\u00e4ide<\/a>. (Mahara CV v\u00f5ib samuti olla eestikeelne.);<\/li>\n<li>infot viie eksponeeritava (\u00f5pingute k\u00e4igus valminud) toote kohta:\n<ul>\n<li>t\u00f6\u00f6deldud fotod,<\/li>\n<li>kavandid v\u00f5i t\u00f6\u00f6joonised,<\/li>\n<li>t\u00f6\u00f6protsessi kirjeldus (s\u00f5nas ja pildis),<\/li>\n<li>eneserefleksioon.<\/li>\n<\/ul>\n<\/li>\n<\/ul>\n<p>Portfoolio on tehniliselt korras ja keeleliselt korrektne, kasutatud materjalidele on viidatud. Fotode esitlemine v\u00f5ib olla lahendatud kollaa\u017eidena. Portfooliole on lisatud sobilik Creative Commonsi litsents.<\/p>\n<p>E-portfoolio soovitusliku struktuuri leiad \u00f5ppematerjalide hulgast.<\/p>\n<p>Samuti pane kirja, millise Creative Commons litsentsiga soovid oma portfooliot t\u00e4histada.<\/p>\n<p>Kokkuv\u00f5tteks ootan kodut\u00f6\u00f6na vastuseid j\u00e4rgmistele k\u00fcsimustele:<\/p>\n<ol>\n<li>Milline on Sinu portfoolio t\u00fc\u00fcp?<\/li>\n<li>Milline on Sinu\u00a0portfoolio eesm\u00e4rk?<\/li>\n<li>Milline n\u00e4eb Sinu portfoolio l\u00f5puks v\u00e4lja, millist infot sisaldab, milline on struktuur?<\/li>\n<li>Kellele suunad oma portfoolio?<\/li>\n<li>Millise Creative Commonsi litsentsi oma portfooliole lisad?<\/li>\n<\/ol>\n<p>P\u00f5hjenda vastuseid.<\/p>\n<p>T\u00f6\u00f6 esita oma blogis (mitte portfoolios) hiljemalt <span style=\"color: #3366ff;\"><strong>31. jaanuaril<\/strong> <\/span>2016.<\/p>\n<p>&nbsp;<\/p>\n<p>Tekkinud k\u00fcsimustest ja probleemidest teavita mind e-kirja teel (katrin.uurman@aianduskool.ee).<\/p>\n","protected":false},"excerpt":{"rendered":"<p>Eelmiseks \u00fclesandeks oli valida endale sobilik portfooliokeskkond ja portfoolioga algust teha. K\u00f5ik valisid portfoolio keskkonnaks sama, kus on ka blogi. Sellel on nii h\u00e4id kui ka v\u00e4hem h\u00e4id k\u00fclgi. Eriti hea on see, et blogi keskkond, mida kasutate on juba tuttav ning teate, kuidas see k\u00e4itub, mist\u00f5ttu portfioolio koostamise tehnilisele poolele kulub v\u00e4hem aega. V\u00e4hem [&hellip;]<\/p>\n","protected":false},"author":2,"featured_media":0,"parent":0,"menu_order":0,"comment_status":"open","ping_status":"open","template":"","meta":{"footnotes":""},"class_list":["post-274","page","type-page","status-publish","hentry"],"_links":{"self":[{"href":"https:\/\/aianduskool.ee\/portfoolio\/wp-json\/wp\/v2\/pages\/274","targetHints":{"allow":["GET"]}}],"collection":[{"href":"https:\/\/aianduskool.ee\/portfoolio\/wp-json\/wp\/v2\/pages"}],"about":[{"href":"https:\/\/aianduskool.ee\/portfoolio\/wp-json\/wp\/v2\/types\/page"}],"author":[{"embeddable":true,"href":"https:\/\/aianduskool.ee\/portfoolio\/wp-json\/wp\/v2\/users\/2"}],"replies":[{"embeddable":true,"href":"https:\/\/aianduskool.ee\/portfoolio\/wp-json\/wp\/v2\/comments?post=274"}],"version-history":[{"count":5,"href":"https:\/\/aianduskool.ee\/portfoolio\/wp-json\/wp\/v2\/pages\/274\/revisions"}],"predecessor-version":[{"id":334,"href":"https:\/\/aianduskool.ee\/portfoolio\/wp-json\/wp\/v2\/pages\/274\/revisions\/334"}],"wp:attachment":[{"href":"https:\/\/aianduskool.ee\/portfoolio\/wp-json\/wp\/v2\/media?parent=274"}],"curies":[{"name":"wp","href":"https:\/\/api.w.org\/{rel}","templated":true}]}}