{"id":285,"date":"2016-01-31T13:41:05","date_gmt":"2016-01-31T11:41:05","guid":{"rendered":"http:\/\/aianduskool.ee\/portfoolio\/?page_id=285"},"modified":"2016-03-08T13:33:37","modified_gmt":"2016-03-08T11:33:37","slug":"ulesanne-7","status":"publish","type":"page","link":"https:\/\/aianduskool.ee\/portfoolio\/ulesanne-7\/","title":{"rendered":"\u00dclesanne 7"},"content":{"rendered":"<p>Hakkame portfooliot koostama!<\/p>\n<p>Juba detsembri l\u00f5pus tuli \u00e4ra valida keskkond, kuhu oma portfooliot hakkate koostama. Eelmises \u00fclesandes tuli l\u00e4bi m\u00f5elda oma portfoolio eesm\u00e4rk, m\u00e4\u00e4ratleda sihtr\u00fchm ja struktuur. Uueks \u00fclesandeks on oma portfoolio koostamine. Looge struktuur (nt lehed, alalehed) ning hakake sisuga t\u00e4itma, lisage portfooliole CC litsents.<\/p>\n<p>N\u00f5uded kursuse k\u00e4igus valmivale portfooliole:<\/p>\n<ul>\n<li>CV (ei sisalda tundlikke andmeid, nt isikukood, s\u00fcnniaeg jms, v\u00f5ib olla loodud eraldi keskkonnas. N\u00e4iteks\u00a0<a href=\"https:\/\/europass.cedefop.europa.eu\/et\/documents\/curriculum-vitae\" target=\"_blank\">Europassi CV<\/a>,\u00a0<a href=\"https:\/\/www.linkedin.com\/\" target=\"_blank\">Linkedin<\/a>, <a href=\"https:\/\/ee.linkedin.com\/in\/katrin-uurman-1298a425\" target=\"_blank\">n\u00e4ide<\/a>.\u00a0(Linkedin CV\u00a0v\u00f5ib olla ka eestikeelne.)\u00a0<a href=\"https:\/\/mahara.org\/\" target=\"_blank\">Mahara<\/a>, <a href=\"https:\/\/mahara.org\/user\/katrinuurman\" target=\"_blank\">n\u00e4ide<\/a>. (Mahara CV v\u00f5ib samuti olla eestikeelne.);<\/li>\n<li>infot viie eksponeeritava (\u00f5pingute k\u00e4igus valminud) toote kohta:\n<ul>\n<li>t\u00f6\u00f6deldud fotod,<\/li>\n<li>kavandid v\u00f5i t\u00f6\u00f6joonised,<\/li>\n<li>t\u00f6\u00f6protsessi kirjeldus (s\u00f5nas ja pildis),<\/li>\n<li>eneserefleksioon.<\/li>\n<\/ul>\n<\/li>\n<\/ul>\n<p>Portfoolio on tehniliselt korras ja keeleliselt korrektne, kasutatud materjalidele on viidatud. Fotode esitlemine v\u00f5ib olla lahendatud kollaa\u017eidena. Portfooliole on lisatud sobilik Creative Commonsi litsents.<\/p>\n<p>Portfoolio valmimise t\u00e4htajaks on <span style=\"color: #3366ff;\"><strong>24. aprill.<\/strong><\/span>\u00a0Igan\u00e4dalaselt (v\u00e4hemalt 1 kord n\u00e4dalas) t\u00e4itke oma blogi, kuhu tehke\u00a0vabas vormis \u00fclevaatlik sissekanne oma portfoolio koostamisest (mis n\u00e4dala jooksul tehtud, mis tekitab raskusi jne).<\/p>\n<p>Kui vajate vahepealset konsultatsiooni, andke m\u00e4rku. Konsultatsiooni on v\u00f5imalik saada veebiseminarina, l\u00e4bi Skype&#8217;i vestluse, e-kirja v\u00f5i ka 14.-18. m\u00e4rtsil R\u00e4pinas. Kindlasti leppige aeg enne kokku.<\/p>\n","protected":false},"excerpt":{"rendered":"<p>Hakkame portfooliot koostama! Juba detsembri l\u00f5pus tuli \u00e4ra valida keskkond, kuhu oma portfooliot hakkate koostama. Eelmises \u00fclesandes tuli l\u00e4bi m\u00f5elda oma portfoolio eesm\u00e4rk, m\u00e4\u00e4ratleda sihtr\u00fchm ja struktuur. Uueks \u00fclesandeks on oma portfoolio koostamine. Looge struktuur (nt lehed, alalehed) ning hakake sisuga t\u00e4itma, lisage portfooliole CC litsents. N\u00f5uded kursuse k\u00e4igus valmivale portfooliole: CV (ei sisalda tundlikke [&hellip;]<\/p>\n","protected":false},"author":2,"featured_media":0,"parent":0,"menu_order":0,"comment_status":"open","ping_status":"open","template":"","meta":{"footnotes":""},"class_list":["post-285","page","type-page","status-publish","hentry"],"_links":{"self":[{"href":"https:\/\/aianduskool.ee\/portfoolio\/wp-json\/wp\/v2\/pages\/285","targetHints":{"allow":["GET"]}}],"collection":[{"href":"https:\/\/aianduskool.ee\/portfoolio\/wp-json\/wp\/v2\/pages"}],"about":[{"href":"https:\/\/aianduskool.ee\/portfoolio\/wp-json\/wp\/v2\/types\/page"}],"author":[{"embeddable":true,"href":"https:\/\/aianduskool.ee\/portfoolio\/wp-json\/wp\/v2\/users\/2"}],"replies":[{"embeddable":true,"href":"https:\/\/aianduskool.ee\/portfoolio\/wp-json\/wp\/v2\/comments?post=285"}],"version-history":[{"count":2,"href":"https:\/\/aianduskool.ee\/portfoolio\/wp-json\/wp\/v2\/pages\/285\/revisions"}],"predecessor-version":[{"id":294,"href":"https:\/\/aianduskool.ee\/portfoolio\/wp-json\/wp\/v2\/pages\/285\/revisions\/294"}],"wp:attachment":[{"href":"https:\/\/aianduskool.ee\/portfoolio\/wp-json\/wp\/v2\/media?parent=285"}],"curies":[{"name":"wp","href":"https:\/\/api.w.org\/{rel}","templated":true}]}}