{"id":300,"date":"2016-05-01T11:14:38","date_gmt":"2016-05-01T08:14:38","guid":{"rendered":"http:\/\/aianduskool.ee\/portfoolio\/?page_id=300"},"modified":"2018-06-29T10:34:18","modified_gmt":"2018-06-29T07:34:18","slug":"slaidiesitlused","status":"publish","type":"page","link":"https:\/\/aianduskool.ee\/portfoolio\/slaidiesitlused\/","title":{"rendered":"Slaidiesitlused"},"content":{"rendered":"<p>Slaidiesitlusi kasutatakse peamiselt ettekande tegemisel. Need ei sisalda pikki tekste vaid pigem illustreerivad ettekandja juttu, sisaldades jooniseid, pilte, graafikuid jms. Tekst esitatakse slaidiesitlustes l\u00fchikeste m\u00f5tteavaldustega.<\/p>\n<p>Slaidiesitluste koostamiseks on igal tarkvarapaketil oma programm, n\u00e4iteks\u00a0MS Office PowerPoint. Samuti pakuvad v\u00f5imalusi slaidiesitluste tegemiseks erinevad pilvep\u00f5hised rakendused (n\u00e4iteks Office 365 One Drive, Google Drive). Lisaks on v\u00f5imalik huvitavamaid ja interaktiivsemaid esitlusi koostada veebip\u00f5histes keskkondades (n\u00e4iteks <a href=\"https:\/\/prezi.com\" target=\"_blank\" rel=\"noopener\">Prezi<\/a>, \u00a0<a href=\"https:\/\/www.emaze.com\" target=\"_blank\" rel=\"noopener\">emaze<\/a>\u00a0jms).<\/p>\n<p>Suurimaks slaidiesitluste jagamise keskkonnaks on <a href=\"http:\/\/www.slideshare.net\" target=\"_blank\" rel=\"noopener\">SlideShare<\/a>, kuhu saab eelnevalt arvutis koostatud slaidiesitluse \u00fcles laadida. K\u00fcll aga saab esitlusi jagada ka pilvep\u00f5histes rakendustes (Office 365 One Drvie, Google Drive, Dropbox jt).<\/p>\n<p>Veebip\u00f5histe rakenduste ja pilvep\u00f5histe keskkondade plussid:<\/p>\n<ul>\n<li>esitlust ei pea enda vahendiga (s\u00fclearvuti, m\u00e4lupulk) kaasa v\u00f5tma, esitlus jagatakse veebilingina;<\/li>\n<li>arvuti k\u00f5vaketta vms probleemide korral failid ei h\u00e4vine;<\/li>\n<li>esitlus salvestatakse automaatselt (\u00fcldjuhul);<\/li>\n<li>&#8230;<\/li>\n<\/ul>\n<p>&nbsp;<\/p>\n<p>Veebip\u00f5histe rakenduste ja keskkondade miinused:<\/p>\n<ul>\n<li>reeglina tuleb luua kasutajakonto;<\/li>\n<li>veebis esitlust koostades s\u00f5ltub koostamise kiirus interneti kiirusest, mist\u00f5ttu esitluse koostamine v\u00f5ib v\u00f5tta kauem aega;<\/li>\n<li>tasuta kontod on tihti v\u00e4iksemate v\u00f5imalustega;<\/li>\n<li>esitlemisel on interneti\u00fchendus h\u00e4davajalik;<\/li>\n<li>&#8230;<\/li>\n<\/ul>\n<p>&nbsp;<\/p>\n<p>Valik juhendeid:<\/p>\n<ul>\n<li><a href=\"https:\/\/www.youtube.com\/watch?v=d58hKTnMn-A\" target=\"_blank\" rel=\"noopener\">esitluse koostamine PowerPointis<\/a> (sh n\u00f5uded esitlusele, kirjat\u00fc\u00fcp, suurus jms);<\/li>\n<li><a href=\"https:\/\/www.youtube.com\/watch?v=nVFP3bgy4tA\" target=\"_blank\" rel=\"noopener\">10 soovitust PowerPoint slaidide koostamiseks<\/a>;<\/li>\n<li><a href=\"http:\/\/www.opensource.bda.lv\/files\/EE\/Moodul6_Esitlus_EST.pdf\" target=\"_blank\" rel=\"noopener\">Esitlused &#8211; OpenOffice.org Impress<\/a>;<\/li>\n<li>esitluse koostamine Prezis (<a href=\"https:\/\/www.youtube.com\/watch?v=ks16zKcRRnY\" target=\"_blank\" rel=\"noopener\">videojuhend<\/a>, <a href=\"https:\/\/www.youtube.com\/watch?v=-hVaJuTYKss\" target=\"_blank\" rel=\"noopener\">pikem ingliskeelne videojuhend<\/a>);<\/li>\n<li><a href=\"https:\/\/www.youtube.com\/watch?v=xuxekx_vJ5I\" target=\"_blank\" rel=\"noopener\">esitluse koostamine veebikeskkonnas emaze<\/a>;<\/li>\n<li><a href=\"https:\/\/sites.google.com\/site\/office365juhend\/home\/onedrive-dokumendihaldus\" target=\"_blank\" rel=\"noopener\">MS Office 365 One Drive dokumendihaldus<\/a>\u00a0(vt men\u00fc\u00fcst t\u00e4psemalt).<\/li>\n<\/ul>\n<p>&nbsp;<\/p>\n","protected":false},"excerpt":{"rendered":"<p>Slaidiesitlusi kasutatakse peamiselt ettekande tegemisel. Need ei sisalda pikki tekste vaid pigem illustreerivad ettekandja juttu, sisaldades jooniseid, pilte, graafikuid jms. Tekst esitatakse slaidiesitlustes l\u00fchikeste m\u00f5tteavaldustega. Slaidiesitluste koostamiseks on igal tarkvarapaketil oma programm, n\u00e4iteks\u00a0MS Office PowerPoint. Samuti pakuvad v\u00f5imalusi slaidiesitluste tegemiseks erinevad pilvep\u00f5hised rakendused (n\u00e4iteks Office 365 One Drive, Google Drive). Lisaks on v\u00f5imalik huvitavamaid ja [&hellip;]<\/p>\n","protected":false},"author":2,"featured_media":0,"parent":0,"menu_order":0,"comment_status":"open","ping_status":"open","template":"","meta":{"footnotes":""},"class_list":["post-300","page","type-page","status-publish","hentry"],"_links":{"self":[{"href":"https:\/\/aianduskool.ee\/portfoolio\/wp-json\/wp\/v2\/pages\/300","targetHints":{"allow":["GET"]}}],"collection":[{"href":"https:\/\/aianduskool.ee\/portfoolio\/wp-json\/wp\/v2\/pages"}],"about":[{"href":"https:\/\/aianduskool.ee\/portfoolio\/wp-json\/wp\/v2\/types\/page"}],"author":[{"embeddable":true,"href":"https:\/\/aianduskool.ee\/portfoolio\/wp-json\/wp\/v2\/users\/2"}],"replies":[{"embeddable":true,"href":"https:\/\/aianduskool.ee\/portfoolio\/wp-json\/wp\/v2\/comments?post=300"}],"version-history":[{"count":5,"href":"https:\/\/aianduskool.ee\/portfoolio\/wp-json\/wp\/v2\/pages\/300\/revisions"}],"predecessor-version":[{"id":331,"href":"https:\/\/aianduskool.ee\/portfoolio\/wp-json\/wp\/v2\/pages\/300\/revisions\/331"}],"wp:attachment":[{"href":"https:\/\/aianduskool.ee\/portfoolio\/wp-json\/wp\/v2\/media?parent=300"}],"curies":[{"name":"wp","href":"https:\/\/api.w.org\/{rel}","templated":true}]}}