{"id":314,"date":"2016-05-01T11:35:29","date_gmt":"2016-05-01T08:35:29","guid":{"rendered":"http:\/\/aianduskool.ee\/portfoolio\/?page_id=314"},"modified":"2016-05-01T11:39:01","modified_gmt":"2016-05-01T08:39:01","slug":"ulesanne-8","status":"publish","type":"page","link":"https:\/\/aianduskool.ee\/portfoolio\/ulesanne-8\/","title":{"rendered":"\u00dclesanne 8"},"content":{"rendered":"<p>Portfooliokursuse viimaseks \u00fclesandeks on esitluse koostamine ja selle veebis avaldamine. <a href=\"http:\/\/aianduskool.ee\/portfoolio\/slaidiesitlused\/\" target=\"_blank\">\u00d5ppematerjalid ja juhendid<\/a>.<\/p>\n<p>\u00dclesandeks koostage esitlus, mida (v\u00f5i mille osa) saate l\u00f5pu- v\u00f5i kutseeksamil kasutada.<\/p>\n<p>N\u00f5uded esitlusele:<\/p>\n<ul>\n<li>koosneb v\u00e4hemalt viiest slaidist;<\/li>\n<li>sisaldab tiitellehte, sisulehti ja l\u00f5puslaidi;<\/li>\n<li>sisaldab teskti ja illustreerivat materjali;<\/li>\n<li>sisu kajastab t\u00f6\u00f6d\/ t\u00f6id, mida soovite l\u00f5pu- v\u00f5i kutseeksamil eksponeerida;<\/li>\n<li>vormistuselt on korrektne:\n<ul>\n<li>keeleliselt korrektne,<\/li>\n<li>piltidel ja joonistel on allkirjad,<\/li>\n<li>tekst on sobiliku kirjastiili ja suurusega,<\/li>\n<li>valitud on teemale vastav\u00a0kujundus (taust, teksti v\u00e4rv jms),<\/li>\n<\/ul>\n<\/li>\n<li>avaldatud\/ jagatud veebis.<\/li>\n<\/ul>\n<p>&nbsp;<\/p>\n<p>Slaidiesitluse v\u00f5ite koostada arvutis (nt PowerPointis) ja siis selle veebi (nt Office 365 OneDrive&#8217;i, SlideShare&#8217;i, Dropboxi) \u00fcles laadida. Samuti v\u00f5ite esitluse otse veebis koostada, kasutades selleks vastavat pilverakendust (OneDrive, GoogleDrive) v\u00f5i keskkonda (Prezi, emaze).<\/p>\n<p>Link koostatud slaidiesitlusele lisage oma blogisse. Juurde kirjutage, mida slaidiesitluse koostamise k\u00e4igus\u00a0uut teada saite, kuidas koostasite (kas tegite arvutis ja laadisite \u00fcles v\u00f5i koostasite kohe veebis).<\/p>\n<p>Esitluse koostamise t\u00e4htajaks on <span style=\"color: #3366ff;\"><strong>15. mai<\/strong><\/span>.<\/p>\n<p>Tekkinud k\u00fcsimustest ja probleemidest andke m\u00e4rku e-kirja teel (katrin.uurman@aianduskool.ee).<\/p>\n","protected":false},"excerpt":{"rendered":"<p>Portfooliokursuse viimaseks \u00fclesandeks on esitluse koostamine ja selle veebis avaldamine. \u00d5ppematerjalid ja juhendid. \u00dclesandeks koostage esitlus, mida (v\u00f5i mille osa) saate l\u00f5pu- v\u00f5i kutseeksamil kasutada. N\u00f5uded esitlusele: koosneb v\u00e4hemalt viiest slaidist; sisaldab tiitellehte, sisulehti ja l\u00f5puslaidi; sisaldab teskti ja illustreerivat materjali; sisu kajastab t\u00f6\u00f6d\/ t\u00f6id, mida soovite l\u00f5pu- v\u00f5i kutseeksamil eksponeerida; vormistuselt on korrektne: keeleliselt [&hellip;]<\/p>\n","protected":false},"author":2,"featured_media":0,"parent":0,"menu_order":0,"comment_status":"open","ping_status":"open","template":"","meta":{"footnotes":""},"class_list":["post-314","page","type-page","status-publish","hentry"],"_links":{"self":[{"href":"https:\/\/aianduskool.ee\/portfoolio\/wp-json\/wp\/v2\/pages\/314","targetHints":{"allow":["GET"]}}],"collection":[{"href":"https:\/\/aianduskool.ee\/portfoolio\/wp-json\/wp\/v2\/pages"}],"about":[{"href":"https:\/\/aianduskool.ee\/portfoolio\/wp-json\/wp\/v2\/types\/page"}],"author":[{"embeddable":true,"href":"https:\/\/aianduskool.ee\/portfoolio\/wp-json\/wp\/v2\/users\/2"}],"replies":[{"embeddable":true,"href":"https:\/\/aianduskool.ee\/portfoolio\/wp-json\/wp\/v2\/comments?post=314"}],"version-history":[{"count":5,"href":"https:\/\/aianduskool.ee\/portfoolio\/wp-json\/wp\/v2\/pages\/314\/revisions"}],"predecessor-version":[{"id":321,"href":"https:\/\/aianduskool.ee\/portfoolio\/wp-json\/wp\/v2\/pages\/314\/revisions\/321"}],"wp:attachment":[{"href":"https:\/\/aianduskool.ee\/portfoolio\/wp-json\/wp\/v2\/media?parent=314"}],"curies":[{"name":"wp","href":"https:\/\/api.w.org\/{rel}","templated":true}]}}