{"id":1097,"date":"2016-09-17T15:49:00","date_gmt":"2016-09-17T12:49:00","guid":{"rendered":"http:\/\/aianduskool.ee\/rohttaimed\/?page_id=1097"},"modified":"2018-06-29T10:20:50","modified_gmt":"2018-06-29T07:20:50","slug":"oppematerjalid","status":"publish","type":"page","link":"https:\/\/aianduskool.ee\/rohttaimed\/oppematerjalid\/","title":{"rendered":"\u00d5ppematerjalid"},"content":{"rendered":"<p><span style=\"color: #008000;\"><strong>Kursuse teemad:<\/strong><\/span><\/p>\n<ul>\n<li>sissejuhatus (m\u00f5isted, taimede eesti- ja ladinakeelsed nimed);<\/li>\n<li>avamaalilled;\n<ul>\n<li>suvelilled;<\/li>\n<li>p\u00fcsililled;<\/li>\n<li>k\u00f5rrelised;<\/li>\n<li>s\u00f5najalad;<\/li>\n<\/ul>\n<\/li>\n<li>avamaak\u00f6\u00f6giviljad ja maitsetaimed.<\/li>\n<\/ul>\n<p>\u00d5pematerjalid on paigutatud sellel kursusel\u00a0teemade kaupa.<br \/>\n<a href=\"http:\/\/aianduskool.ee\/rohttaimed\/pohimoisted\/\">Teema 1<\/a>: P\u00f5him\u00f5isted<br \/>\n<a href=\"http:\/\/aianduskool.ee\/rohttaimed\/lillede-klassifikatsioon\/\">Teema 2<\/a>: Lillede klassifikatsioon<br \/>\n<a href=\"http:\/\/aianduskool.ee\/rohttaimed\/suvelilled\/\">Teema 3<\/a>\u00a0(vt lisaks men\u00fc\u00fcst): Suvelilled<br \/>\n<a href=\"http:\/\/aianduskool.ee\/rohttaimed\/pusililled\/\">Teema 4<\/a>\u00a0(vt lisaks men\u00fc\u00fcst): P\u00fcsililled<br \/>\n<a href=\"http:\/\/aianduskool.ee\/rohttaimed\/korrelised\/\">Teema 5<\/a>\u00a0(vt lisaks men\u00fc\u00fcst): K\u00f5rrelised<br \/>\n<a href=\"http:\/\/aianduskool.ee\/rohttaimed\/sonajalad\/\">Teema 6<\/a>\u00a0(vt lisaks men\u00fc\u00fcst): S\u00f5najalad<br \/>\n<a href=\"http:\/\/aianduskool.ee\/rohttaimed\/koogiviljade-klassifikatsioon\/\">Teema 7a<\/a>: K\u00f6\u00f6giviljad<br \/>\n<a href=\"http:\/\/aianduskool.ee\/rohttaimed\/maitsetaimede-klassifikatsioon\/\">Teema 7b<\/a>: Maitsetaimed<\/p>\n","protected":false},"excerpt":{"rendered":"<p>Kursuse teemad: sissejuhatus (m\u00f5isted, taimede eesti- ja ladinakeelsed nimed); avamaalilled; suvelilled; p\u00fcsililled; k\u00f5rrelised; s\u00f5najalad; avamaak\u00f6\u00f6giviljad ja maitsetaimed. \u00d5pematerjalid on paigutatud sellel kursusel\u00a0teemade kaupa. Teema 1: P\u00f5him\u00f5isted Teema 2: Lillede klassifikatsioon Teema 3\u00a0(vt lisaks men\u00fc\u00fcst): Suvelilled Teema 4\u00a0(vt lisaks men\u00fc\u00fcst): P\u00fcsililled Teema 5\u00a0(vt lisaks men\u00fc\u00fcst): K\u00f5rrelised Teema 6\u00a0(vt lisaks men\u00fc\u00fcst): S\u00f5najalad Teema 7a: K\u00f6\u00f6giviljad Teema 7b: [&hellip;]<\/p>\n","protected":false},"author":1,"featured_media":0,"parent":0,"menu_order":0,"comment_status":"closed","ping_status":"closed","template":"","meta":{"footnotes":""},"class_list":["post-1097","page","type-page","status-publish","hentry"],"_links":{"self":[{"href":"https:\/\/aianduskool.ee\/rohttaimed\/wp-json\/wp\/v2\/pages\/1097","targetHints":{"allow":["GET"]}}],"collection":[{"href":"https:\/\/aianduskool.ee\/rohttaimed\/wp-json\/wp\/v2\/pages"}],"about":[{"href":"https:\/\/aianduskool.ee\/rohttaimed\/wp-json\/wp\/v2\/types\/page"}],"author":[{"embeddable":true,"href":"https:\/\/aianduskool.ee\/rohttaimed\/wp-json\/wp\/v2\/users\/1"}],"replies":[{"embeddable":true,"href":"https:\/\/aianduskool.ee\/rohttaimed\/wp-json\/wp\/v2\/comments?post=1097"}],"version-history":[{"count":5,"href":"https:\/\/aianduskool.ee\/rohttaimed\/wp-json\/wp\/v2\/pages\/1097\/revisions"}],"predecessor-version":[{"id":1517,"href":"https:\/\/aianduskool.ee\/rohttaimed\/wp-json\/wp\/v2\/pages\/1097\/revisions\/1517"}],"wp:attachment":[{"href":"https:\/\/aianduskool.ee\/rohttaimed\/wp-json\/wp\/v2\/media?parent=1097"}],"curies":[{"name":"wp","href":"https:\/\/api.w.org\/{rel}","templated":true}]}}