{"id":43,"date":"2014-09-17T12:33:06","date_gmt":"2014-09-17T09:33:06","guid":{"rendered":"http:\/\/aianduskool.ee\/rohttaimed\/?page_id=43"},"modified":"2018-06-29T10:14:17","modified_gmt":"2018-06-29T07:14:17","slug":"tere-tulemast","status":"publish","type":"page","link":"https:\/\/aianduskool.ee\/rohttaimed\/","title":{"rendered":"Tere tulemast rohttaimede kursusele, head osalejad!"},"content":{"rendered":"<h1><span style=\"color: #008000;\">Kodulehe loomise juhendid<\/span><\/h1>\n<ul>\n<li>Weebly juhend:\u00a0<a href=\"http:\/\/weeblyjuhend.weebly.com\" target=\"_blank\" rel=\"noopener noreferrer\">http:\/\/weeblyjuhend.weebly.com<\/a>,\u00a0<a href=\"http:\/\/aluojalaine.edicypages.com\/files\/Kodulehe_loomine_weebly.pdf\" target=\"_blank\" rel=\"noopener noreferrer\">http:\/\/aluojalaine.edicypages.com\/files\/Kodulehe_loomine_weebly.pdf<\/a><\/li>\n<li>Bloggeri blogi juhend:\u00a0<a href=\"https:\/\/www.youtube.com\/watch?v=fPIItfg7jQM\" target=\"_blank\" rel=\"noopener noreferrer\">https:\/\/www.youtube.com\/watch?v=fPIItfg7jQM<\/a><\/li>\n<li>Bloggeris postituse tegemise juhend:\u00a0<a href=\"https:\/\/www.youtube.com\/watch?v=ZxS0xthfhfg\" target=\"_blank\" rel=\"noopener noreferrer\">https:\/\/www.youtube.com\/watch?v=ZxS0xthfhfg<\/a><\/li>\n<li>WordPressi erinevad juhendid:\u00a0<a href=\"http:\/\/metshein.com\/index.php\/veeb\/wordpress\" target=\"_blank\" rel=\"noopener noreferrer\">http:\/\/metshein.com\/index.php\/veeb\/wordpress<\/a><\/li>\n<\/ul>\n<h1><span style=\"color: #008000;\">Aianduskooli postkasti ja OneDrive dokumendihaluss\u00fcsteemi kasutamise juhend<\/span><\/h1>\n<ul>\n<li>Office 365 ja OneDrive kasutusjuhend:\u00a0<a href=\"https:\/\/sites.google.com\/site\/office365juhend\/\" target=\"_blank\" rel=\"noopener\">https:\/\/sites.google.com\/site\/office365juhend\/<\/a><\/li>\n<\/ul>\n<hr \/>\n<p>Siin lehel asuvad <a href=\"http:\/\/www.aianduskool.ee\" target=\"_blank\" rel=\"noopener noreferrer\">R\u00e4pina Aianduskooli<\/a> kursuse &#8220;Rohttaimed&#8221; \u00f5ppematerjalid ja \u00f5pi\u00fclesanded. Kursustel \u00f5pivad maastikuehitaja eriala \u00f5pilased:<\/p>\n<ul>\n<li>ME17-42-M1 (1mk1), ME17-42-M2 (1mk2)<\/li>\n<\/ul>\n<p>Edukaid \u00f5pinguid!<\/p>\n<p>Katrin Uurman<\/p>\n","protected":false},"excerpt":{"rendered":"<p>Kodulehe loomise juhendid Weebly juhend:\u00a0http:\/\/weeblyjuhend.weebly.com,\u00a0http:\/\/aluojalaine.edicypages.com\/files\/Kodulehe_loomine_weebly.pdf Bloggeri blogi juhend:\u00a0https:\/\/www.youtube.com\/watch?v=fPIItfg7jQM Bloggeris postituse tegemise juhend:\u00a0https:\/\/www.youtube.com\/watch?v=ZxS0xthfhfg WordPressi erinevad juhendid:\u00a0http:\/\/metshein.com\/index.php\/veeb\/wordpress Aianduskooli postkasti ja OneDrive dokumendihaluss\u00fcsteemi kasutamise juhend Office 365 ja OneDrive kasutusjuhend:\u00a0https:\/\/sites.google.com\/site\/office365juhend\/ Siin lehel asuvad R\u00e4pina Aianduskooli kursuse &#8220;Rohttaimed&#8221; \u00f5ppematerjalid ja \u00f5pi\u00fclesanded. Kursustel \u00f5pivad maastikuehitaja eriala \u00f5pilased: ME17-42-M1 (1mk1), ME17-42-M2 (1mk2) Edukaid \u00f5pinguid! Katrin Uurman<\/p>\n","protected":false},"author":1,"featured_media":0,"parent":0,"menu_order":0,"comment_status":"open","ping_status":"open","template":"","meta":{"footnotes":""},"class_list":["post-43","page","type-page","status-publish","hentry"],"_links":{"self":[{"href":"https:\/\/aianduskool.ee\/rohttaimed\/wp-json\/wp\/v2\/pages\/43","targetHints":{"allow":["GET"]}}],"collection":[{"href":"https:\/\/aianduskool.ee\/rohttaimed\/wp-json\/wp\/v2\/pages"}],"about":[{"href":"https:\/\/aianduskool.ee\/rohttaimed\/wp-json\/wp\/v2\/types\/page"}],"author":[{"embeddable":true,"href":"https:\/\/aianduskool.ee\/rohttaimed\/wp-json\/wp\/v2\/users\/1"}],"replies":[{"embeddable":true,"href":"https:\/\/aianduskool.ee\/rohttaimed\/wp-json\/wp\/v2\/comments?post=43"}],"version-history":[{"count":5,"href":"https:\/\/aianduskool.ee\/rohttaimed\/wp-json\/wp\/v2\/pages\/43\/revisions"}],"predecessor-version":[{"id":1514,"href":"https:\/\/aianduskool.ee\/rohttaimed\/wp-json\/wp\/v2\/pages\/43\/revisions\/1514"}],"wp:attachment":[{"href":"https:\/\/aianduskool.ee\/rohttaimed\/wp-json\/wp\/v2\/media?parent=43"}],"curies":[{"name":"wp","href":"https:\/\/api.w.org\/{rel}","templated":true}]}}