{"id":5,"date":"2014-09-13T11:04:36","date_gmt":"2014-09-13T08:04:36","guid":{"rendered":"http:\/\/aianduskool.ee\/rohttaimed\/?page_id=5"},"modified":"2015-11-15T09:40:00","modified_gmt":"2015-11-15T07:40:00","slug":"rohtsete-dekoratiivtaimede-erikursus","status":"publish","type":"page","link":"https:\/\/aianduskool.ee\/rohttaimed\/rohtsete-dekoratiivtaimede-erikursus\/","title":{"rendered":"Kursus: Rohtsete dekoratiivtaimede erikursus"},"content":{"rendered":"<p>Rohtsete dekoratiivtaimede erikursuse materjalid ja \u00fclesanded.<\/p>\n<p>Siin \u00f5pivad maastikuehituse eriala teise, kolmanda ja neljanda kursuse \u00f5pilased.<\/p>\n","protected":false},"excerpt":{"rendered":"<p>Rohtsete dekoratiivtaimede erikursuse materjalid ja \u00fclesanded. Siin \u00f5pivad maastikuehituse eriala teise, kolmanda ja neljanda kursuse \u00f5pilased.<\/p>\n","protected":false},"author":1,"featured_media":0,"parent":0,"menu_order":0,"comment_status":"open","ping_status":"open","template":"","meta":{"footnotes":""},"class_list":["post-5","page","type-page","status-publish","hentry"],"_links":{"self":[{"href":"https:\/\/aianduskool.ee\/rohttaimed\/wp-json\/wp\/v2\/pages\/5","targetHints":{"allow":["GET"]}}],"collection":[{"href":"https:\/\/aianduskool.ee\/rohttaimed\/wp-json\/wp\/v2\/pages"}],"about":[{"href":"https:\/\/aianduskool.ee\/rohttaimed\/wp-json\/wp\/v2\/types\/page"}],"author":[{"embeddable":true,"href":"https:\/\/aianduskool.ee\/rohttaimed\/wp-json\/wp\/v2\/users\/1"}],"replies":[{"embeddable":true,"href":"https:\/\/aianduskool.ee\/rohttaimed\/wp-json\/wp\/v2\/comments?post=5"}],"version-history":[{"count":2,"href":"https:\/\/aianduskool.ee\/rohttaimed\/wp-json\/wp\/v2\/pages\/5\/revisions"}],"predecessor-version":[{"id":818,"href":"https:\/\/aianduskool.ee\/rohttaimed\/wp-json\/wp\/v2\/pages\/5\/revisions\/818"}],"wp:attachment":[{"href":"https:\/\/aianduskool.ee\/rohttaimed\/wp-json\/wp\/v2\/media?parent=5"}],"curies":[{"name":"wp","href":"https:\/\/api.w.org\/{rel}","templated":true}]}}