{"id":305,"date":"2017-03-18T14:15:35","date_gmt":"2017-03-18T12:15:35","guid":{"rendered":"http:\/\/aianduskool.ee\/soprusetera\/?page_id=305"},"modified":"2017-03-18T14:16:56","modified_gmt":"2017-03-18T12:16:56","slug":"herne-vaetamine","status":"publish","type":"page","link":"https:\/\/aianduskool.ee\/soprusetera\/artiklid\/herne-vaetamine\/","title":{"rendered":"Herne v\u00e4etamine"},"content":{"rendered":"<p>Kui t\u00e4rganud taimed on potis kasvanud juba 3 n\u00e4dalat, siis oleks tarvis\u00a0neid v\u00e4etada. V\u00e4etamise vajadusest annavad l\u00f5puks m\u00e4rku kollakaks muutuvad lehed, kuid siis on juba hilja ning n\u00e4ljutatud taimedelt saame ka v\u00e4ga v\u00e4he saaki.<\/p>\n<p>Alustame v\u00e4etamisega aegsasti ning selleks v\u00f5ib kasutada k\u00f5iki k\u00f6\u00f6giviljadele m\u00f5eldud v\u00e4etisi. Mugavam on v\u00e4etada vedelv\u00e4etistega, kuid ka tahked v\u00e4etised v\u00f5ivad anda h\u00e4id tulemusi. V\u00e4etamisel tuleb ALATI LUGEDA pakendil olevat teksti\u00a0ning toimida t\u00e4pselt kasutusjuhendit j\u00e4rgides. K\u00f5ik peab olema tasakaalus \u2013 ei tohi v\u00e4etada liiga palju ega ka liiga v\u00e4he.<\/p>\n<p>Kasutatavas v\u00e4etises peavad olema nii makro- kui ka mikroelemendid. N (l\u00e4mmastik), P (fosfor) ning K (kaalium) on MAKROELEMENDID \u2013 neid vajavad taimed v\u00f5rreldes teiste toitainetega rohkem. Mg (magneesium) ja Ca (kaltsium) on POOLMIKROELEMENDID. Mn (mangaan), Cu (vask), Fe (raud), Zn (tsink), Mo (mol\u00fcbdeen) ja B (boor) on MIKROELEMENDID &#8211; neid vajavad taimed v\u00f5rreldes teiste toitainetega V\u00c4GA V\u00c4HE. Teisalt ei saa mitte \u00fchtegi toitelementi teisega asendada, sest neil k\u00f5igil on oma kindel \u00fclesanne taime elus.<\/p>\n<p>Meie siin R\u00e4pina Aianduskoolis k\u00fclvasime herneseemned Matogardi k\u00f6\u00f6giviljamulda ning kasutame seekord v\u00e4etamiseks Green TOP Taimerammu.\u00a0 Eelmainitud toode on saadud vihmausside abil. Nimelt on loodusest v\u00e4lja valitud vihmaussid, kes v\u00e4ga edukalt taimej\u00e4\u00e4nustest uuesti uutele taimedele toitained kasutusk\u00f5lblikuks muudavad. Green TOP Taimeramm tugevdab taimede juurestikku, stimuleerib taimede kasvu ja arengut, parandab vastupidavust taimehaigustele ning h\u00e4vitab patogeenset mikrofloorat. Green TOP Taimerammu p\u00f5hikoostises on NPK, humiinained, Mg, Fe, Mn, B, Mo, Zn, Cu.<\/p>\n<p>Miks me valisime Matogardi k\u00f6\u00f6giviljamulla ning Green TOP Taimerammu? \u00a0Valisime need, sest nad m\u00f5lemad sobivad ametlikult ka mahetootmisesse, aidates meil kasvatada looduslikult v\u00e4\u00e4rtuslikku saaki.<\/p>\n<p><img loading=\"lazy\" decoding=\"async\" class=\"alignnone wp-image-306\" src=\"http:\/\/aianduskool.ee\/soprusetera\/wp-content\/uploads\/2017\/03\/Bio_k\u00f6\u00f6giviljamuld_20L-300x295-300x295.png\" alt=\"\" width=\"225\" height=\"221\" \/>\u00a0 \u00a0 \u00a0\u00a0<img loading=\"lazy\" decoding=\"async\" class=\"alignnone wp-image-310\" src=\"http:\/\/aianduskool.ee\/soprusetera\/wp-content\/uploads\/2017\/03\/taime-ramm_vaikepakk_huge-225x300.jpg\" alt=\"\" width=\"154\" height=\"205\" srcset=\"https:\/\/aianduskool.ee\/soprusetera\/wp-content\/uploads\/2017\/03\/taime-ramm_vaikepakk_huge-225x300.jpg 225w, https:\/\/aianduskool.ee\/soprusetera\/wp-content\/uploads\/2017\/03\/taime-ramm_vaikepakk_huge-768x1024.jpg 768w, https:\/\/aianduskool.ee\/soprusetera\/wp-content\/uploads\/2017\/03\/taime-ramm_vaikepakk_huge.jpg 1536w\" sizes=\"auto, (max-width: 154px) 100vw, 154px\" \/>\u00a0\u00a0<img loading=\"lazy\" decoding=\"async\" class=\"alignnone wp-image-309\" src=\"http:\/\/aianduskool.ee\/soprusetera\/wp-content\/uploads\/2017\/03\/taime-ramm_pudel_huge-225x300.jpg\" alt=\"\" width=\"154\" height=\"205\" srcset=\"https:\/\/aianduskool.ee\/soprusetera\/wp-content\/uploads\/2017\/03\/taime-ramm_pudel_huge-225x300.jpg 225w, https:\/\/aianduskool.ee\/soprusetera\/wp-content\/uploads\/2017\/03\/taime-ramm_pudel_huge-768x1024.jpg 768w, https:\/\/aianduskool.ee\/soprusetera\/wp-content\/uploads\/2017\/03\/taime-ramm_pudel_huge.jpg 1536w\" sizes=\"auto, (max-width: 154px) 100vw, 154px\" \/><\/p>\n<p>&nbsp;<\/p>\n<p><strong>JA HERNEID SAAGU PALJU! \ud83d\ude42<\/strong><\/p>\n<p><strong>EDUKAT JA LOODUSS\u00c4\u00c4STLIKKU V\u00c4ETAMIST!<\/strong><\/p>\n<p><span style=\"color: #ccffcc;\"><strong>Tarkusi jagas \u00f5petaja Tairi Albert<\/strong><\/span><\/p>\n<p><em>Fotod:\u00a0<\/em><br \/>\n<em>http:\/\/www.matogard.ee\/products\/bio-koogiviljamuld-20l\/ \u00a0<\/em><br \/>\n<em>http:\/\/www.greentop.ee\/tooted \u00a0\u00a0<\/em><\/p>\n","protected":false},"excerpt":{"rendered":"<p>Kui t\u00e4rganud taimed on potis kasvanud juba 3 n\u00e4dalat, siis oleks tarvis\u00a0neid v\u00e4etada. V\u00e4etamise vajadusest annavad l\u00f5puks m\u00e4rku kollakaks muutuvad lehed, kuid siis on juba hilja ning n\u00e4ljutatud taimedelt saame ka v\u00e4ga v\u00e4he saaki. Alustame v\u00e4etamisega aegsasti ning selleks v\u00f5ib kasutada k\u00f5iki k\u00f6\u00f6giviljadele m\u00f5eldud v\u00e4etisi. Mugavam on v\u00e4etada vedelv\u00e4etistega, kuid ka tahked v\u00e4etised v\u00f5ivad anda h\u00e4id tulemusi. V\u00e4etamisel tuleb ALATI LUGEDA pakendil olevat teksti\u00a0ning toimida t\u00e4pselt kasutusjuhendit j\u00e4rgides. K\u00f5ik peab olema tasakaalus \u2013 ei tohi v\u00e4etada liiga palju ega ka liiga v\u00e4he. Kasutatavas v\u00e4etises peavad olema nii makro- kui ka mikroelemendid. N (l\u00e4mmastik), P (fosfor) ning K (kaalium) on MAKROELEMENDID..<\/p>\n","protected":false},"author":2,"featured_media":0,"parent":14,"menu_order":0,"comment_status":"closed","ping_status":"closed","template":"","meta":{"footnotes":""},"class_list":["post-305","page","type-page","status-publish","hentry"],"_links":{"self":[{"href":"https:\/\/aianduskool.ee\/soprusetera\/wp-json\/wp\/v2\/pages\/305","targetHints":{"allow":["GET"]}}],"collection":[{"href":"https:\/\/aianduskool.ee\/soprusetera\/wp-json\/wp\/v2\/pages"}],"about":[{"href":"https:\/\/aianduskool.ee\/soprusetera\/wp-json\/wp\/v2\/types\/page"}],"author":[{"embeddable":true,"href":"https:\/\/aianduskool.ee\/soprusetera\/wp-json\/wp\/v2\/users\/2"}],"replies":[{"embeddable":true,"href":"https:\/\/aianduskool.ee\/soprusetera\/wp-json\/wp\/v2\/comments?post=305"}],"version-history":[{"count":5,"href":"https:\/\/aianduskool.ee\/soprusetera\/wp-json\/wp\/v2\/pages\/305\/revisions"}],"predecessor-version":[{"id":320,"href":"https:\/\/aianduskool.ee\/soprusetera\/wp-json\/wp\/v2\/pages\/305\/revisions\/320"}],"up":[{"embeddable":true,"href":"https:\/\/aianduskool.ee\/soprusetera\/wp-json\/wp\/v2\/pages\/14"}],"wp:attachment":[{"href":"https:\/\/aianduskool.ee\/soprusetera\/wp-json\/wp\/v2\/media?parent=305"}],"curies":[{"name":"wp","href":"https:\/\/api.w.org\/{rel}","templated":true}]}}