{"id":322,"date":"2017-03-18T14:46:52","date_gmt":"2017-03-18T12:46:52","guid":{"rendered":"http:\/\/aianduskool.ee\/soprusetera\/?page_id=322"},"modified":"2017-03-18T17:18:04","modified_gmt":"2017-03-18T15:18:04","slug":"toetajad","status":"publish","type":"page","link":"https:\/\/aianduskool.ee\/soprusetera\/meeskond\/toetajad\/","title":{"rendered":"Toetajad"},"content":{"rendered":"<p>Projekti toetavad aianduskooli head s\u00f5brad ja tublid partnerid<\/p>\n<p>&nbsp;<\/p>\n<p><img loading=\"lazy\" decoding=\"async\" class=\"alignnone wp-image-323\" src=\"http:\/\/aianduskool.ee\/soprusetera\/wp-content\/uploads\/2017\/03\/Unknown-18-300x134.png\" alt=\"\" width=\"196\" height=\"88\" srcset=\"https:\/\/aianduskool.ee\/soprusetera\/wp-content\/uploads\/2017\/03\/Unknown-18-300x134.png 300w, https:\/\/aianduskool.ee\/soprusetera\/wp-content\/uploads\/2017\/03\/Unknown-18.png 304w\" sizes=\"auto, (max-width: 196px) 100vw, 196px\" \/><\/p>\n<p><span style=\"color: #ccffcc;\"><strong><a style=\"color: #ccffcc;\" href=\"http:\/\/www.etki.ee\" target=\"_blank\">Eesti Taimekasvatuse Instituut<\/a><\/strong><\/span> on teadus- ja arendusasutus, mis tegeleb eelk\u00f5ige uute p\u00f5llumajanduskultuuride sortide aretamise, vanade sortide s\u00e4ilitamise, seemnekasvatuse ja taimekasvatusuuringutega. Eesti Taimekasvatuse Instituut teeb tihedat koost\u00f6\u00f6d Eesti p\u00f5llumajandustootjate ja ettev\u00f5tjatega, samuti Eesti ja v\u00e4lisriikide \u00fclikoolide ning teadus- ja arendusasutustega. Eesti Taimekasvatuse Instituut on R\u00e4pina Aianduskooli pikaajaline partner ja praktikaettev\u00f5te meie \u00f5pilastele.<\/p>\n<p>&nbsp;<\/p>\n<p><img loading=\"lazy\" decoding=\"async\" class=\"alignnone size-full wp-image-325\" src=\"http:\/\/aianduskool.ee\/soprusetera\/wp-content\/uploads\/2017\/03\/logo_matogard.png\" alt=\"\" width=\"196\" height=\"118\" \/><\/p>\n<p><span style=\"color: #ccffcc;\"><a style=\"color: #ccffcc;\" href=\"http:\/\/www.matogard.ee\/en\/\" target=\"_blank\"><strong>Matogard O\u00dc<\/strong><\/a><\/span> on Eesti kapitalil p\u00f5hinev taime- ja lillemuldasid tootev ettev\u00f5te, mis on tegutsenud aastast 1994. Ettev\u00f5te toodab erineva koostise ja happesusega k\u00f5rgekvaliteediga BIO-kompostiga rikastatud mullasegusid.<\/p>\n<p>&nbsp;<\/p>\n<p><img loading=\"lazy\" decoding=\"async\" class=\"alignnone wp-image-326\" src=\"http:\/\/aianduskool.ee\/soprusetera\/wp-content\/uploads\/2017\/03\/Screen-Shot-2017-03-18-at-14.24.32-300x171.png\" alt=\"\" width=\"196\" height=\"111\" srcset=\"https:\/\/aianduskool.ee\/soprusetera\/wp-content\/uploads\/2017\/03\/Screen-Shot-2017-03-18-at-14.24.32-300x171.png 300w, https:\/\/aianduskool.ee\/soprusetera\/wp-content\/uploads\/2017\/03\/Screen-Shot-2017-03-18-at-14.24.32.png 394w\" sizes=\"auto, (max-width: 196px) 100vw, 196px\" \/><\/p>\n<p><span style=\"color: #ccffcc;\"><a style=\"color: #ccffcc;\" href=\"http:\/\/www.greentop.ee\/et\" target=\"_blank\"><strong>Tuhala BIO O\u00dc<\/strong><\/a><\/span> on \u00fckoloogiliselt puhta 100%-liselt orgaanilisi v\u00e4etisi ja mullaparandusaineid GreenTOP tootev ettev\u00f5te, mis tegutseb aastast 2014.<\/p>\n<p>&nbsp;<\/p>\n<p>R\u00e4pina Aianduskool t\u00e4nab k\u00f5iki h\u00e4id toetajaid ja koost\u00f6\u00f6partnereid<\/p>\n","protected":false},"excerpt":{"rendered":"<p>Projekti toetavad aianduskooli head s\u00f5brad ja tublid partnerid &nbsp; Eesti Taimekasvatuse Instituut on teadus- ja arendusasutus, mis tegeleb eelk\u00f5ige uute p\u00f5llumajanduskultuuride sortide aretamise, vanade sortide s\u00e4ilitamise, seemnekasvatuse ja taimekasvatusuuringutega. Eesti Taimekasvatuse Instituut teeb tihedat koost\u00f6\u00f6d Eesti p\u00f5llumajandustootjate ja ettev\u00f5tjatega, samuti Eesti ja v\u00e4lisriikide \u00fclikoolide ning teadus- ja arendusasutustega. Eesti Taimekasvatuse Instituut on R\u00e4pina Aianduskooli pikaajaline partner ja praktikaettev\u00f5te meie \u00f5pilastele. &nbsp; Matogard O\u00dc on Eesti kapitalil p\u00f5hinev taime- ja lillemuldasid tootev ettev\u00f5te, mis on tegutsenud aastast 1994. Ettev\u00f5te toodab erineva koostise ja happesusega k\u00f5rgekvaliteediga BIO-kompostiga rikastatud mullasegusid. &nbsp; Tuhala BIO O\u00dc on \u00fckoloogiliselt puhta 100%-liselt orgaanilisi v\u00e4etisi ja mullaparandusaineid GreenTOP..<\/p>\n","protected":false},"author":2,"featured_media":0,"parent":28,"menu_order":0,"comment_status":"closed","ping_status":"closed","template":"","meta":{"footnotes":""},"class_list":["post-322","page","type-page","status-publish","hentry"],"_links":{"self":[{"href":"https:\/\/aianduskool.ee\/soprusetera\/wp-json\/wp\/v2\/pages\/322","targetHints":{"allow":["GET"]}}],"collection":[{"href":"https:\/\/aianduskool.ee\/soprusetera\/wp-json\/wp\/v2\/pages"}],"about":[{"href":"https:\/\/aianduskool.ee\/soprusetera\/wp-json\/wp\/v2\/types\/page"}],"author":[{"embeddable":true,"href":"https:\/\/aianduskool.ee\/soprusetera\/wp-json\/wp\/v2\/users\/2"}],"replies":[{"embeddable":true,"href":"https:\/\/aianduskool.ee\/soprusetera\/wp-json\/wp\/v2\/comments?post=322"}],"version-history":[{"count":5,"href":"https:\/\/aianduskool.ee\/soprusetera\/wp-json\/wp\/v2\/pages\/322\/revisions"}],"predecessor-version":[{"id":331,"href":"https:\/\/aianduskool.ee\/soprusetera\/wp-json\/wp\/v2\/pages\/322\/revisions\/331"}],"up":[{"embeddable":true,"href":"https:\/\/aianduskool.ee\/soprusetera\/wp-json\/wp\/v2\/pages\/28"}],"wp:attachment":[{"href":"https:\/\/aianduskool.ee\/soprusetera\/wp-json\/wp\/v2\/media?parent=322"}],"curies":[{"name":"wp","href":"https:\/\/api.w.org\/{rel}","templated":true}]}}