{"id":39,"date":"2017-02-12T16:30:01","date_gmt":"2017-02-12T14:30:01","guid":{"rendered":"http:\/\/aianduskool.ee\/soprusetera\/?page_id=39"},"modified":"2017-03-13T09:43:08","modified_gmt":"2017-03-13T07:43:08","slug":"saame-tuttavaks-meie-peategelasega-ehk-projektitaime-tutvustus","status":"publish","type":"page","link":"https:\/\/aianduskool.ee\/soprusetera\/artiklid\/saame-tuttavaks-meie-peategelasega-ehk-projektitaime-tutvustus\/","title":{"rendered":"Saame tuttavaks meie peategelasega ehk projektitaime tutvustus"},"content":{"rendered":"<p><span style=\"color: #ccffcc;\"><b>S\u00f6\u00f6gihernes<\/b><\/span>\u00a0&#8211; <i>Pisum sativum <\/i>subsp<i>. sativum <\/i>var<i>. sativum<\/i><\/p>\n<p>S\u00f6\u00f6gihernest kutsutakse tihti ka aedherneks v\u00f5i herneks.<\/p>\n<p>Hernes p\u00e4rineb\u00a0V\u00e4ike-Aasiast. S\u00f6\u00f6gihernes kuulub liblik\u00f5ieliste sugukonda ja herne perekonda.<br \/>\nHernele meeldivad viljakad, liivarikkad savimullad (nii kerged kui keskmised liivsavimullad). Herneid ei saa kasvatada happelisel (nt. mustikale) sobival mullal, sest hernele meeldib n\u00f5rgalt happeline v\u00f5i neutraalne kasvupinnas (mulla pH 6&#8230;7).<\/p>\n<p>Kasvada meeldib hernele valgusrikkas kohas \u2013 varjus venivad taimed v\u00e4lja ning saaki \u2013 maitsvaid hernekaunu ja seemneid, saab sealt v\u00e4he.<\/p>\n<p>Seemnete k\u00fclvamisega v\u00f5iks kevadel kiirustada. H\u00e4sti sobib aprilli l\u00f5pp v\u00f5i mai algus. Noored hernetaimed taluvad v\u00e4ikseid\u00a0miinuskraade \u2013 tugevatele taimedele ei tee \u00f6ine -6 \u00baC midagi. Varakult k\u00fclvatud hernetaimede saaki kahjustavad ka hernem\u00e4hkuri r\u00f6\u00f6vikud (nn. herneussid) v\u00e4hem.<\/p>\n<p>K\u00fclvamiseks v\u00f5iks valida \u00fchesuurused seemned (ja mida suuremad nad on, seda parem). Suurtes seemnetes\u00a0on rohkem j\u00f5udu ning nende kasv ja areng on kiiremad.<\/p>\n<p>Enne k\u00fclvi v\u00f5iks t\u00e4rkamise kiirendamiseks seemneid 3&#8230;5 tundi leiges vees leotada. P\u00e4rast k\u00fclvi v\u00f5iksid esimesed lehed ilmuda mulla pinnale (ehk taimed t\u00e4rkaksid) olenevalt ilmastikust 1-2 n\u00e4dala p\u00e4rast.<\/p>\n<p>Kasvu aeg on hernesortidel v\u00e4ga erinev! Varavalmivatel sortidel kulub lehtede ilmumisest kuni maitsvate seemneteni\u00a045&#8230;.60 p\u00e4eva ning hilistel kuni 80 p\u00e4eva. Miks see hea on? Sest kui k\u00fclvata aeda v\u00f5i p\u00f5llule erineva valmimisajaga sorte, siis saame kauem maitsvaid herneteri suhu pista. Kes soovib veelgi kauem hernestega maiustada, v\u00f5ib seemneid k\u00fclvata ka juuni l\u00f5pus ja juulikuu alguses. Siis saab maitsvaid herneid suhu pista ka veel kooliaasta alguses (septembrikuus).<\/p>\n<p>Enne k\u00fclvi tuleks maa l\u00e4bi kaevata v\u00f5i kobestada. Kui muld ei ole viljakas, v\u00f5ib mulda ka komposti segada. Piisab sellest, kui laotame enne kobestust mulla pinnale 1m<sup>2<\/sup> kohta 1 \u00e4mbrit\u00e4ie (10-12 liitrit) komposti. Peale komposti segamist mulda rajame hernepeenra ning k\u00fclvame seemned\u00a0vakku. Seemned v\u00f5iks aias k\u00fclvata 4&#8230;6 cm s\u00fcgavusele \u2013 seal on neil rohkem niiskust ning linnud ei leia seemneid kergesti mullast \u00fcles. Seemnete vaheks v\u00f5iksime j\u00e4tta 4-5 cm ja kahe hernerea vaheks v\u00e4hemalt 20cm.<\/p>\n<p>K\u00f5ige paremini kasvab hernes temperatuuril +16&#8230;+20\u00baC \u2013 Eestimaa tavaline suvi sobib talle h\u00e4sti. Ilusate, mahlaste, maitsvate ja tugevate hernekaunade saamiseks tuleks taimi kuival (p\u00f5uasel) ajal kindlasti kasta. Kui juba kasta, siis kasta taimi korralikult, s.t. 20 liitrit korraga 1m<sup>2<\/sup> kohta. Loomulikult tuleb j\u00e4lgida, et vesi korralikult mulda imbuks. P\u00e4rast kastmist v\u00f5iks mulla pinna taimede vahelt \u00e4ra kobestada, siis ei aurustu sealt vett. Samuti aitab kobestamine t\u00fclikatest umbrohtudest vabaneda.<\/p>\n<p>Kellele rohida ei meeldi, v\u00f5iks hernemaa v\u00e4hemalt \u00fcks kord n\u00e4dalas \u00e4ra kobestada. Kindlasti tuleks ka k\u00f5rgekasvulisi sorte toestada, siis on ka saak suurem, taimed terved ja ei lamandu.<\/p>\n<div id=\"attachment_41\" style=\"width: 410px\" class=\"wp-caption alignnone\"><img loading=\"lazy\" decoding=\"async\" aria-describedby=\"caption-attachment-41\" class=\"wp-image-41\" src=\"http:\/\/aianduskool.ee\/soprusetera\/wp-content\/uploads\/2017\/02\/Picture1-300x225.png\" width=\"400\" height=\"300\" srcset=\"https:\/\/aianduskool.ee\/soprusetera\/wp-content\/uploads\/2017\/02\/Picture1-300x225.png 300w, https:\/\/aianduskool.ee\/soprusetera\/wp-content\/uploads\/2017\/02\/Picture1-768x576.png 768w, https:\/\/aianduskool.ee\/soprusetera\/wp-content\/uploads\/2017\/02\/Picture1.png 1004w\" sizes=\"auto, (max-width: 400px) 100vw, 400px\" \/><p id=\"caption-attachment-41\" class=\"wp-caption-text\">Foto 1. Koristamis- ja tarbimisk\u00fcpsed kaunad. Foto: T. Albert<\/p><\/div>\n<p><span style=\"color: #ccffcc;\">Tarkused pani kirja \u00f5petaja Tairi Albert<\/span><\/p>\n","protected":false},"excerpt":{"rendered":"<p>S\u00f6\u00f6gihernes\u00a0&#8211; Pisum sativum subsp. sativum var. sativum S\u00f6\u00f6gihernest kutsutakse tihti ka aedherneks v\u00f5i herneks. Hernes p\u00e4rineb\u00a0V\u00e4ike-Aasiast. S\u00f6\u00f6gihernes kuulub liblik\u00f5ieliste sugukonda ja herne perekonda. Hernele meeldivad viljakad, liivarikkad savimullad (nii kerged kui keskmised liivsavimullad). Herneid ei saa kasvatada happelisel (nt. mustikale) sobival mullal, sest hernele meeldib n\u00f5rgalt happeline v\u00f5i neutraalne kasvupinnas (mulla pH 6&#8230;7). Kasvada meeldib hernele valgusrikkas kohas \u2013 varjus venivad taimed v\u00e4lja ning saaki \u2013 maitsvaid hernekaunu ja seemneid, saab sealt v\u00e4he. Seemnete k\u00fclvamisega v\u00f5iks kevadel kiirustada. H\u00e4sti sobib aprilli l\u00f5pp v\u00f5i mai algus. Noored hernetaimed taluvad v\u00e4ikseid\u00a0miinuskraade \u2013 tugevatele taimedele ei tee \u00f6ine -6 \u00baC midagi. Varakult k\u00fclvatud..<\/p>\n","protected":false},"author":2,"featured_media":0,"parent":14,"menu_order":0,"comment_status":"closed","ping_status":"closed","template":"","meta":{"footnotes":""},"class_list":["post-39","page","type-page","status-publish","hentry"],"_links":{"self":[{"href":"https:\/\/aianduskool.ee\/soprusetera\/wp-json\/wp\/v2\/pages\/39","targetHints":{"allow":["GET"]}}],"collection":[{"href":"https:\/\/aianduskool.ee\/soprusetera\/wp-json\/wp\/v2\/pages"}],"about":[{"href":"https:\/\/aianduskool.ee\/soprusetera\/wp-json\/wp\/v2\/types\/page"}],"author":[{"embeddable":true,"href":"https:\/\/aianduskool.ee\/soprusetera\/wp-json\/wp\/v2\/users\/2"}],"replies":[{"embeddable":true,"href":"https:\/\/aianduskool.ee\/soprusetera\/wp-json\/wp\/v2\/comments?post=39"}],"version-history":[{"count":5,"href":"https:\/\/aianduskool.ee\/soprusetera\/wp-json\/wp\/v2\/pages\/39\/revisions"}],"predecessor-version":[{"id":297,"href":"https:\/\/aianduskool.ee\/soprusetera\/wp-json\/wp\/v2\/pages\/39\/revisions\/297"}],"up":[{"embeddable":true,"href":"https:\/\/aianduskool.ee\/soprusetera\/wp-json\/wp\/v2\/pages\/14"}],"wp:attachment":[{"href":"https:\/\/aianduskool.ee\/soprusetera\/wp-json\/wp\/v2\/media?parent=39"}],"curies":[{"name":"wp","href":"https:\/\/api.w.org\/{rel}","templated":true}]}}