{"id":94,"date":"2017-02-13T20:55:45","date_gmt":"2017-02-13T18:55:45","guid":{"rendered":"http:\/\/aianduskool.ee\/soprusetera\/?page_id=94"},"modified":"2017-02-14T19:43:43","modified_gmt":"2017-02-14T17:43:43","slug":"kes-on-erme-ja-kes-on-valma","status":"publish","type":"page","link":"https:\/\/aianduskool.ee\/soprusetera\/artiklid\/kes-on-erme-ja-kes-on-valma\/","title":{"rendered":"Kes on Erme ja kes on Valma?"},"content":{"rendered":"<p><span style=\"color: #ccffcc;\"><strong>ERME<\/strong><\/span><\/p>\n<p>Aretajad: Maia Rauseping, Valve Jaagus, Kaljo Kask<br \/>\nKasvu aeg: keskvarajane, t\u00f5smetest (t\u00e4rkamisest) tehnilise k\u00fcpsuseni kulub 46-57 p\u00e4eva<br \/>\nSordilehel: aastast 2003<br \/>\nSordi tunnused:\u00a0taimede keskmine k\u00f5rgus 65-90 cm, kaunte arv taimel 8-11, kauna pikkus 8-10 cm, kaunas 8-9 seemet, kaun terava otsaga, veidi kaardus, seeme rattakujuline, kollakasroheline kuni kollane<br \/>\nMaitse: hea<br \/>\nHaiguskindlus: vastupidavus herne-laikp\u00f5letikule hea<\/p>\n<p>&nbsp;<\/p>\n<p><span style=\"color: #ccffcc;\"><strong>VALMA<\/strong><\/span><\/p>\n<p>Aretajad:\u00a0Maia Rauseping, Valve Jaagus, Kaljo Kask<br \/>\nKasvu aeg: varajane, t\u00f5usmetest tehnilise k\u00fcpsuseni kulub 40-58 p\u00e4eva<br \/>\nSordileht: aastast 1994<br \/>\nSordi tunnused:\u00a0taimede keskmine k\u00f5rgus 35-55 cm, kaunad on keskmise suurusega, 7-9 cm pikad, veidi kaardunud, teravatipulised, kaunas 6-9 tera, seemned hallikasrohelised, nurgelised<br \/>\nMaitse: hea<br \/>\nHaiguskindlus: keskmiselt vastupidav herne-laikp\u00f5letikule<\/p>\n<p>&nbsp;<\/p>\n<p><em>Allikas: <a href=\"http:\/\/www.etki.ee\/index.php\/eng\/92-sortide-kirjeldused-alam\/126-aedhernes\" target=\"_blank\">Eesti Taimekasvatuse Instituut<\/a><\/em><\/p>\n","protected":false},"excerpt":{"rendered":"<p>ERME Aretajad: Maia Rauseping, Valve Jaagus, Kaljo Kask Kasvu aeg: keskvarajane, t\u00f5smetest (t\u00e4rkamisest) tehnilise k\u00fcpsuseni kulub 46-57 p\u00e4eva Sordilehel: aastast 2003 Sordi tunnused:\u00a0taimede keskmine k\u00f5rgus 65-90 cm, kaunte arv taimel 8-11, kauna pikkus 8-10 cm, kaunas 8-9 seemet, kaun terava otsaga, veidi kaardus, seeme rattakujuline, kollakasroheline kuni kollane Maitse: hea Haiguskindlus: vastupidavus herne-laikp\u00f5letikule hea &nbsp; VALMA Aretajad:\u00a0Maia Rauseping, Valve Jaagus, Kaljo Kask Kasvu aeg: varajane, t\u00f5usmetest tehnilise k\u00fcpsuseni kulub 40-58 p\u00e4eva Sordileht: aastast 1994 Sordi tunnused:\u00a0taimede keskmine k\u00f5rgus 35-55 cm, kaunad on keskmise suurusega, 7-9 cm pikad, veidi kaardunud, teravatipulised, kaunas 6-9 tera, seemned hallikasrohelised, nurgelised Maitse: hea Haiguskindlus: keskmiselt..<\/p>\n","protected":false},"author":2,"featured_media":0,"parent":14,"menu_order":0,"comment_status":"closed","ping_status":"closed","template":"","meta":{"footnotes":""},"class_list":["post-94","page","type-page","status-publish","hentry"],"_links":{"self":[{"href":"https:\/\/aianduskool.ee\/soprusetera\/wp-json\/wp\/v2\/pages\/94","targetHints":{"allow":["GET"]}}],"collection":[{"href":"https:\/\/aianduskool.ee\/soprusetera\/wp-json\/wp\/v2\/pages"}],"about":[{"href":"https:\/\/aianduskool.ee\/soprusetera\/wp-json\/wp\/v2\/types\/page"}],"author":[{"embeddable":true,"href":"https:\/\/aianduskool.ee\/soprusetera\/wp-json\/wp\/v2\/users\/2"}],"replies":[{"embeddable":true,"href":"https:\/\/aianduskool.ee\/soprusetera\/wp-json\/wp\/v2\/comments?post=94"}],"version-history":[{"count":5,"href":"https:\/\/aianduskool.ee\/soprusetera\/wp-json\/wp\/v2\/pages\/94\/revisions"}],"predecessor-version":[{"id":133,"href":"https:\/\/aianduskool.ee\/soprusetera\/wp-json\/wp\/v2\/pages\/94\/revisions\/133"}],"up":[{"embeddable":true,"href":"https:\/\/aianduskool.ee\/soprusetera\/wp-json\/wp\/v2\/pages\/14"}],"wp:attachment":[{"href":"https:\/\/aianduskool.ee\/soprusetera\/wp-json\/wp\/v2\/media?parent=94"}],"curies":[{"name":"wp","href":"https:\/\/api.w.org\/{rel}","templated":true}]}}