{"id":22,"date":"2017-02-08T18:36:05","date_gmt":"2017-02-08T16:36:05","guid":{"rendered":"https:\/\/aianduskool.ee\/soprusetera2020\/?page_id=22"},"modified":"2020-06-25T14:31:19","modified_gmt":"2020-06-25T11:31:19","slug":"katse","status":"publish","type":"page","link":"https:\/\/aianduskool.ee\/soprusetera2020\/katse\/","title":{"rendered":"Katse"},"content":{"rendered":"<h3>Katseandmete kogumine<\/h3>\n<p>Taimeprojektis &#8220;S\u00f5prusetera&#8221; katsetame \u00fcheskoos aedherne\u00a0kahe erineva sordi ja lillherne kasvatamist. Kasvatamise k\u00e4igus j\u00e4lgime taimede kasvu ja arengut ning kogume andmeid.<\/p>\n<p>Aianduskoolilt said kaks pakki aedherne seemneid. Kummaski pakis oli 12 seemet. K\u00fclvamisel jagame m\u00f5lema sordi seemned kaheks (6 tk ja 6 tk). \u00dchtesid enne k\u00fclvamist leotame, teisi aga mitte. Et katseandmed saaksid \u00f5igesti kogutud ja taimed hiljem omavahel segamini ei l\u00e4heks, v\u00f5ib need \u00e4ra nummerdada nii:<br \/>\n* aedhernes <strong>&#8216;Erme&#8217;<\/strong><\/p>\n<ol>\n<li>leotatud seemned<\/li>\n<li>leotamata seemned<\/li>\n<\/ol>\n<p>* aedhernes <strong>&#8216;Valma&#8217;<\/strong><\/p>\n<ol>\n<li>leotatud seemned<\/li>\n<li>leotamata seemned<\/li>\n<\/ol>\n<p>Numbriga 1 t\u00e4histatud seemneid enne k\u00fcvi leotame, numbriga 2 aga mitte.<\/p>\n<p>Lisaks aedhernele said kolmanda paki, milles oli 3 lillherne seemet. Neid seemneid me ei leota vaid k\u00fclvame lihtsalt potti.<br \/>\nKatseandmete kogumiseks v\u00f5id lillherne t\u00e4histada numbriga 3.<\/p>\n<p>Kogu katse k\u00e4igus kogume j\u00e4rgmisi andmeid:<\/p>\n<ol>\n<li>kuup\u00e4ev, mil taimed t\u00e4rkasid (m\u00e4rgime selle kuup\u00e4eva, millal k\u00f5ige esimene taim viiest k\u00fclvatud seemnest t\u00e4rkab)<\/li>\n<li>kuup\u00e4ev, mil tekkis esimene \u00f5is<\/li>\n<li>kuup\u00e4ev, mil avanes esimene \u00f5is<\/li>\n<li>kuup\u00e4ev, mil tekkis esimene vili (hernekaun)<\/li>\n<li>kuup\u00e4ev, mil valmis esimene vili (hernekaun).<\/li>\n<\/ol>\n<p>Taimede kasvatamise ajal hooldame neid ja m\u00f5\u00f5dame k\u00f5rgust ning loendame \u00f5isi ja vilju. Tahame ju teada saada, kelle taimed kasvad k\u00f5ige pikemaks, kasvatavad k\u00f5ige rohkem \u00f5isi ja vilju.<\/p>\n<p>Et oleks selge, kuidas meil taimede kasvatamine edeneb, m\u00f5\u00f5dame veel ka hernetaimede k\u00f5rgust (varre pikkust) kindlatel kuup\u00e4evadel. Nendeks on 16. m\u00e4rts, 23. m\u00e4rts, 30. m\u00e4rts, 6. aprill, 13. aprill, 20. aprill, 27. aprill ja 4. mai. M\u00f5\u00f5dame seda taime, kes t\u00e4rkas esimesena. Kui \u00fchel ja samal p\u00e4eval t\u00e4rkas mitu taime korraga, siis v\u00f5id ise valida, millist edaspidi m\u00f5\u00f5tma hakkad. T\u00e4hista see kindlasti \u00e4ra, et hiljem segamini ei l\u00e4heks.<\/p>\n<p><!--Katseandmeid saab sisestada ainult meie veebikeskkonda sisselogituna.\n\nKatseandmete sisestamine <a href=\"https:\/\/aianduskool.ee\/soprusetera2020\/katse.php\">SIIN<\/a>--><\/p>\n<p>Abitabel katseandmete kogumiseks saad <strong><a href=\"https:\/\/aianduskool-my.sharepoint.com\/:x:\/g\/personal\/katrin_uurman_aianduskool_ee\/Eei58Vaid_NKqgc2RibkzYgBI0KLXFY_ZQ0KLPb0DcNmMA?e=4Jieqi\" target=\"_blank\" rel=\"noopener noreferrer\">SIIT<\/a> <\/strong>endale printida.<\/p>\n<p><span style=\"font-size: 14pt;\">Katseandmed saad edastamiseks sisestada<strong> <a href=\"https:\/\/forms.gle\/gjgoqkpjSJnZ6r5E8\" target=\"_blank\" rel=\"noopener noreferrer\">SIIN<\/a>.\u00a0<\/strong><\/span><\/p>\n<p>Katse tulemustega saab tutvuda <a href=\"https:\/\/aianduskool.ee\/soprusetera2020\/katse-tulemused\/\" target=\"_blank\" rel=\"noopener noreferrer\"><strong>SIIN<\/strong><\/a>.<\/p>\n","protected":false},"excerpt":{"rendered":"<p>Katseandmete kogumine Taimeprojektis &#8220;S\u00f5prusetera&#8221; katsetame \u00fcheskoos aedherne\u00a0kahe erineva sordi ja lillherne kasvatamist. Kasvatamise k\u00e4igus j\u00e4lgime taimede kasvu ja arengut ning kogume andmeid. Aianduskoolilt said kaks pakki aedherne seemneid. Kummaski pakis oli 12 seemet. K\u00fclvamisel jagame m\u00f5lema sordi seemned kaheks (6 tk ja 6 tk). \u00dchtesid enne k\u00fclvamist leotame, teisi aga mitte. Et katseandmed saaksid \u00f5igesti kogutud ja taimed hiljem omavahel segamini ei l\u00e4heks, v\u00f5ib need \u00e4ra nummerdada nii: * aedhernes &#8216;Erme&#8217; leotatud seemned leotamata seemned * aedhernes &#8216;Valma&#8217; leotatud seemned leotamata seemned Numbriga 1 t\u00e4histatud seemneid enne k\u00fcvi leotame, numbriga 2 aga mitte. Lisaks aedhernele said kolmanda paki, milles oli..<\/p>\n","protected":false},"author":2,"featured_media":0,"parent":0,"menu_order":5,"comment_status":"closed","ping_status":"closed","template":"","meta":{"footnotes":""},"class_list":["post-22","page","type-page","status-publish","hentry"],"_links":{"self":[{"href":"https:\/\/aianduskool.ee\/soprusetera2020\/wp-json\/wp\/v2\/pages\/22","targetHints":{"allow":["GET"]}}],"collection":[{"href":"https:\/\/aianduskool.ee\/soprusetera2020\/wp-json\/wp\/v2\/pages"}],"about":[{"href":"https:\/\/aianduskool.ee\/soprusetera2020\/wp-json\/wp\/v2\/types\/page"}],"author":[{"embeddable":true,"href":"https:\/\/aianduskool.ee\/soprusetera2020\/wp-json\/wp\/v2\/users\/2"}],"replies":[{"embeddable":true,"href":"https:\/\/aianduskool.ee\/soprusetera2020\/wp-json\/wp\/v2\/comments?post=22"}],"version-history":[{"count":5,"href":"https:\/\/aianduskool.ee\/soprusetera2020\/wp-json\/wp\/v2\/pages\/22\/revisions"}],"predecessor-version":[{"id":668,"href":"https:\/\/aianduskool.ee\/soprusetera2020\/wp-json\/wp\/v2\/pages\/22\/revisions\/668"}],"wp:attachment":[{"href":"https:\/\/aianduskool.ee\/soprusetera2020\/wp-json\/wp\/v2\/media?parent=22"}],"curies":[{"name":"wp","href":"https:\/\/api.w.org\/{rel}","templated":true}]}}