{"id":5,"date":"2017-02-07T14:18:07","date_gmt":"2017-02-07T12:18:07","guid":{"rendered":"https:\/\/aianduskool.ee\/soprusetera2020\/?page_id=5"},"modified":"2020-05-22T14:36:01","modified_gmt":"2020-05-22T11:36:01","slug":"viktoriin","status":"publish","type":"page","link":"https:\/\/aianduskool.ee\/soprusetera2020\/viktoriin\/","title":{"rendered":"Viktoriin"},"content":{"rendered":"<p>&nbsp;<\/p>\n<p style=\"text-align: center;\">Viktoriin on l\u00f5ppenud! Ait\u00e4h k\u00f5igile osalejatele. Tulemustega saab tutvuda <a href=\"https:\/\/aianduskool.ee\/soprusetera2020\/viktoriini-nadala-kusimus-tulemused\/\"><strong>SIIN.<\/strong><\/a><\/p>\n","protected":false},"excerpt":{"rendered":"<p>&nbsp; Viktoriin on l\u00f5ppenud! Ait\u00e4h k\u00f5igile osalejatele. Tulemustega saab tutvuda SIIN.<\/p>\n","protected":false},"author":1,"featured_media":0,"parent":0,"menu_order":7,"comment_status":"closed","ping_status":"closed","template":"","meta":{"footnotes":""},"class_list":["post-5","page","type-page","status-publish","hentry"],"_links":{"self":[{"href":"https:\/\/aianduskool.ee\/soprusetera2020\/wp-json\/wp\/v2\/pages\/5","targetHints":{"allow":["GET"]}}],"collection":[{"href":"https:\/\/aianduskool.ee\/soprusetera2020\/wp-json\/wp\/v2\/pages"}],"about":[{"href":"https:\/\/aianduskool.ee\/soprusetera2020\/wp-json\/wp\/v2\/types\/page"}],"author":[{"embeddable":true,"href":"https:\/\/aianduskool.ee\/soprusetera2020\/wp-json\/wp\/v2\/users\/1"}],"replies":[{"embeddable":true,"href":"https:\/\/aianduskool.ee\/soprusetera2020\/wp-json\/wp\/v2\/comments?post=5"}],"version-history":[{"count":5,"href":"https:\/\/aianduskool.ee\/soprusetera2020\/wp-json\/wp\/v2\/pages\/5\/revisions"}],"predecessor-version":[{"id":654,"href":"https:\/\/aianduskool.ee\/soprusetera2020\/wp-json\/wp\/v2\/pages\/5\/revisions\/654"}],"wp:attachment":[{"href":"https:\/\/aianduskool.ee\/soprusetera2020\/wp-json\/wp\/v2\/media?parent=5"}],"curies":[{"name":"wp","href":"https:\/\/api.w.org\/{rel}","templated":true}]}}