{"id":540,"date":"2020-02-12T10:05:26","date_gmt":"2020-02-12T08:05:26","guid":{"rendered":"https:\/\/aianduskool.ee\/soprusetera2020\/?page_id=540"},"modified":"2020-02-12T10:05:26","modified_gmt":"2020-02-12T08:05:26","slug":"lillhernes","status":"publish","type":"page","link":"https:\/\/aianduskool.ee\/soprusetera2020\/artiklid\/lillhernes\/","title":{"rendered":"Lillhernes"},"content":{"rendered":"<p>Lillhernes on meeldiva l\u00f5hnaga \u00fcheaastane ronitaim. See kaunite \u00f5itega taim v\u00f5ib kasvada 1-3,5 m k\u00f5rguseks. K\u00f5rge kasvu t\u00f5ttu vajavad need taimed kindlasti toestust. Toele kinnitumiseks on lillherne lehtedel k\u00f6itraod. Need on justkui peened pikad vurrud, mis keerduvad \u00fcmber toe. Toeks v\u00f5ivad looduses olla teised taimed v\u00f5i \u00a0kivid ja kaljud.<\/p>\n<p>Lillherne vartel\u00a0 on kitsad lehti meenutavad tiivad. Botaanikud nimetavadki lillherne vart seet\u00f5ttu tiivuliseks.<\/p>\n<div id=\"attachment_541\" style=\"width: 383px\" class=\"wp-caption alignnone\"><img loading=\"lazy\" decoding=\"async\" aria-describedby=\"caption-attachment-541\" class=\"wp-image-541 \" src=\"https:\/\/aianduskool.ee\/soprusetera2020\/wp-content\/uploads\/2020\/02\/Lillhernes1-298x300.png\" alt=\"\" width=\"373\" height=\"376\" srcset=\"https:\/\/aianduskool.ee\/soprusetera2020\/wp-content\/uploads\/2020\/02\/Lillhernes1-298x300.png 298w, https:\/\/aianduskool.ee\/soprusetera2020\/wp-content\/uploads\/2020\/02\/Lillhernes1-150x150.png 150w, https:\/\/aianduskool.ee\/soprusetera2020\/wp-content\/uploads\/2020\/02\/Lillhernes1.png 407w\" sizes=\"auto, (max-width: 373px) 100vw, 373px\" \/><p id=\"caption-attachment-541\" class=\"wp-caption-text\">Foto 1. Lillherne k\u00f6itraod ja tiivuline vars. Foto autor: Merike Aomets.<\/p><\/div>\n<p>Lilleherne \u00f5ied v\u00f5ivad olla nii roosad, punased, purpursed, valged, sinised, lillad kui ka kirjud. Lillherne \u00f5is n\u00e4eb v\u00e4lja nagu liblikas. Seep\u00e4rast nimetavad botaanikud seda \u00f5it liblikjaks. K\u00f5iki liblikjate \u00f5itega taimi nimetavad\u00a0 botaanikud aga liblik\u00f5ielisteks. K\u00f5igi liblik\u00f5ieliste taimede juurtel elavad m\u00fcgarbakterid. Need aitavad taimede toitumiseks vajalikku l\u00e4mmastikku omastada.<\/p>\n<div id=\"attachment_542\" style=\"width: 1034px\" class=\"wp-caption alignnone\"><img loading=\"lazy\" decoding=\"async\" aria-describedby=\"caption-attachment-542\" class=\"wp-image-542 size-large\" src=\"https:\/\/aianduskool.ee\/soprusetera2020\/wp-content\/uploads\/2020\/02\/lillhernes_2-1024x601.jpg\" alt=\"\" width=\"1024\" height=\"601\" srcset=\"https:\/\/aianduskool.ee\/soprusetera2020\/wp-content\/uploads\/2020\/02\/lillhernes_2-1024x601.jpg 1024w, https:\/\/aianduskool.ee\/soprusetera2020\/wp-content\/uploads\/2020\/02\/lillhernes_2-300x176.jpg 300w, https:\/\/aianduskool.ee\/soprusetera2020\/wp-content\/uploads\/2020\/02\/lillhernes_2-768x451.jpg 768w, https:\/\/aianduskool.ee\/soprusetera2020\/wp-content\/uploads\/2020\/02\/lillhernes_2-1536x902.jpg 1536w, https:\/\/aianduskool.ee\/soprusetera2020\/wp-content\/uploads\/2020\/02\/lillhernes_2-2048x1202.jpg 2048w\" sizes=\"auto, (max-width: 1024px) 100vw, 1024px\" \/><p id=\"caption-attachment-542\" class=\"wp-caption-text\">Foto 2 ja 3. Lillherne \u00f5ied. Fotode autor: Merike Aomets.<\/p><\/div>\n<p>P\u00e4rast \u00f5itsemist kasvab \u00f5ie asemele vili. Nii nagu s\u00f6\u00f6gihernel, on ka lillhernel viljaks kaun. Kauna sees on seemned. Lillherne seemned on s\u00f6\u00f6giherne seemnetest palju v\u00e4iksemad, \u00fcmarad ja tumepruunid. S\u00f6\u00f6giherne seemned k\u00f5lbavad s\u00fc\u00fca. Lillherneste seemned on aga m\u00fcrgised ja kindlasti ei tohi neid s\u00fc\u00fca.<\/p>\n<p>Looduslikult kasvab lillhernes L\u00f5una-Euroopas. Inglased on lillherne oma aedadesse kasvama toonud juba rohkem kui 300 aastat tagasi. Lillhernest on Inglismaal kasvatatud pikka aega hea l\u00f5ikelillena. Suure huvi t\u00f5ttu on mitmete riikide aednikud lillhernest aretanud hulgaliselt imeilusaid sorte.<\/p>\n<p>Lillhernest pole keeruline aias kasvatada. Seemned saab k\u00fclvata otse peenrale s\u00f5ltuvalt ilmastikust mai alguses v\u00f5i keskel. Lillhernele meeldib\u00a0 soe ja p\u00e4ikseline kasvukoht. Taimede kasvamise ajal vajavad nad m\u00f5\u00f5dukat kastmist ja v\u00e4etamist. V\u00e4etisega liialdamisel hakkavad kasvama hoopis lehed ja \u00f5isi j\u00e4\u00e4b v\u00e4heseks. Lillherne taimi saab \u00f5ue istutamiseks ka ettekasvatada, k\u00fclvates seemned aprillis 3-4 kaupa v\u00e4ikestesse pottidesse. Idanemine kestab aknalaual pottides umbes n\u00e4dal ja peenras t\u00e4rkavad taimed 2 n\u00e4dala jooksul.<\/p>\n<p>Taimede istutamisel peenrasse j\u00e4etakse taimede vahele ruumi 20-40 cm. Toas ette kasvatatud taimed istutatakse \u00f5ue p\u00e4rast \u00f6\u00f6k\u00fclmi ehk juunis. Toas ettekasvatatud\u00a0 taimed on \u00f6\u00f6k\u00fclma suhtes tundlikud. Peenrale k\u00fclvatud seemnetest kasvanud taimed ei karda kevadisi \u00f6\u00f6k\u00fclmasid. P\u00fc\u00fca \u00e4ra arvata miks?<\/p>\n<p>Lillherned hakkavad \u00f5itsema juuli keskel ja \u00f5itsevad kuni s\u00fcgiseni. Kui l\u00f5igata \u00f5itsenud \u00f5ied \u00e4ra, kasvab palju uusi \u00f5isi j\u00e4rjest asemele.<\/p>\n<p>Kindlasti tuleb lillhernetaimi toestada, sest tegu on ronitaimedega ja nende varred ei ole \u00a0nii tugevad, et ise p\u00fcsti seista.<\/p>\n<p>&nbsp;<\/p>\n<p><span style=\"color: #ccffcc;\"><strong>Tarkused pani kirja lillekasvatuse \u00f5petaja Merike Aomets<\/strong><\/span><\/p>\n","protected":false},"excerpt":{"rendered":"<p>Lillhernes on meeldiva l\u00f5hnaga \u00fcheaastane ronitaim. See kaunite \u00f5itega taim v\u00f5ib kasvada 1-3,5 m k\u00f5rguseks. K\u00f5rge kasvu t\u00f5ttu vajavad need taimed kindlasti toestust. Toele kinnitumiseks on lillherne lehtedel k\u00f6itraod. Need on justkui peened pikad vurrud, mis keerduvad \u00fcmber toe. Toeks v\u00f5ivad looduses olla teised taimed v\u00f5i \u00a0kivid ja kaljud. Lillherne vartel\u00a0 on kitsad lehti meenutavad tiivad. Botaanikud nimetavadki lillherne vart seet\u00f5ttu tiivuliseks. Lilleherne \u00f5ied v\u00f5ivad olla nii roosad, punased, purpursed, valged, sinised, lillad kui ka kirjud. Lillherne \u00f5is n\u00e4eb v\u00e4lja nagu liblikas. Seep\u00e4rast nimetavad botaanikud seda \u00f5it liblikjaks. K\u00f5iki liblikjate \u00f5itega taimi nimetavad\u00a0 botaanikud aga liblik\u00f5ielisteks. K\u00f5igi liblik\u00f5ieliste taimede juurtel..<\/p>\n","protected":false},"author":2,"featured_media":0,"parent":14,"menu_order":0,"comment_status":"closed","ping_status":"closed","template":"","meta":{"footnotes":""},"class_list":["post-540","page","type-page","status-publish","hentry"],"_links":{"self":[{"href":"https:\/\/aianduskool.ee\/soprusetera2020\/wp-json\/wp\/v2\/pages\/540","targetHints":{"allow":["GET"]}}],"collection":[{"href":"https:\/\/aianduskool.ee\/soprusetera2020\/wp-json\/wp\/v2\/pages"}],"about":[{"href":"https:\/\/aianduskool.ee\/soprusetera2020\/wp-json\/wp\/v2\/types\/page"}],"author":[{"embeddable":true,"href":"https:\/\/aianduskool.ee\/soprusetera2020\/wp-json\/wp\/v2\/users\/2"}],"replies":[{"embeddable":true,"href":"https:\/\/aianduskool.ee\/soprusetera2020\/wp-json\/wp\/v2\/comments?post=540"}],"version-history":[{"count":2,"href":"https:\/\/aianduskool.ee\/soprusetera2020\/wp-json\/wp\/v2\/pages\/540\/revisions"}],"predecessor-version":[{"id":544,"href":"https:\/\/aianduskool.ee\/soprusetera2020\/wp-json\/wp\/v2\/pages\/540\/revisions\/544"}],"up":[{"embeddable":true,"href":"https:\/\/aianduskool.ee\/soprusetera2020\/wp-json\/wp\/v2\/pages\/14"}],"wp:attachment":[{"href":"https:\/\/aianduskool.ee\/soprusetera2020\/wp-json\/wp\/v2\/media?parent=540"}],"curies":[{"name":"wp","href":"https:\/\/api.w.org\/{rel}","templated":true}]}}