{"id":56,"date":"2017-02-12T17:25:00","date_gmt":"2017-02-12T15:25:00","guid":{"rendered":"https:\/\/aianduskool.ee\/soprusetera2020\/?page_id=56"},"modified":"2020-05-26T10:13:38","modified_gmt":"2020-05-26T07:13:38","slug":"konkursid","status":"publish","type":"page","link":"https:\/\/aianduskool.ee\/soprusetera2020\/konkursid\/","title":{"rendered":"Konkursid"},"content":{"rendered":"<p>Taimeprojekti &#8220;S\u00f5prusetera&#8221; ajal toimub mitu konkurssi. N\u00f5uded leiad lingi alt.<\/p>\n<p>Projektip\u00e4eviku konkurss. <a href=\"https:\/\/aianduskool.ee\/soprusetera2020\/projektipaeviku-konkurss-14-02-4-05-2020\/\">N\u00f5uded<\/a>\u00a0 <a href=\"https:\/\/aianduskool.ee\/soprusetera2020\/tulemused-projektipaevik\/\"><strong>TULEMUSED<\/strong><\/a><br \/>\nJoonistamise v\u00f5istlus. <a href=\"https:\/\/aianduskool.ee\/soprusetera2020\/konkurss-liblikoieline-6-03-2-04-2017\/\">N\u00f5uded<\/a>\u00a0 <a href=\"https:\/\/aianduskool.ee\/soprusetera2020\/tulemused\/\"><strong>TULEMUSED<\/strong><\/a><\/p>\n","protected":false},"excerpt":{"rendered":"<p>Taimeprojekti &#8220;S\u00f5prusetera&#8221; ajal toimub mitu konkurssi. N\u00f5uded leiad lingi alt. Projektip\u00e4eviku konkurss. N\u00f5uded\u00a0 TULEMUSED Joonistamise v\u00f5istlus. N\u00f5uded\u00a0 TULEMUSED<\/p>\n","protected":false},"author":2,"featured_media":0,"parent":0,"menu_order":6,"comment_status":"closed","ping_status":"closed","template":"","meta":{"footnotes":""},"class_list":["post-56","page","type-page","status-publish","hentry"],"_links":{"self":[{"href":"https:\/\/aianduskool.ee\/soprusetera2020\/wp-json\/wp\/v2\/pages\/56","targetHints":{"allow":["GET"]}}],"collection":[{"href":"https:\/\/aianduskool.ee\/soprusetera2020\/wp-json\/wp\/v2\/pages"}],"about":[{"href":"https:\/\/aianduskool.ee\/soprusetera2020\/wp-json\/wp\/v2\/types\/page"}],"author":[{"embeddable":true,"href":"https:\/\/aianduskool.ee\/soprusetera2020\/wp-json\/wp\/v2\/users\/2"}],"replies":[{"embeddable":true,"href":"https:\/\/aianduskool.ee\/soprusetera2020\/wp-json\/wp\/v2\/comments?post=56"}],"version-history":[{"count":5,"href":"https:\/\/aianduskool.ee\/soprusetera2020\/wp-json\/wp\/v2\/pages\/56\/revisions"}],"predecessor-version":[{"id":662,"href":"https:\/\/aianduskool.ee\/soprusetera2020\/wp-json\/wp\/v2\/pages\/56\/revisions\/662"}],"wp:attachment":[{"href":"https:\/\/aianduskool.ee\/soprusetera2020\/wp-json\/wp\/v2\/media?parent=56"}],"curies":[{"name":"wp","href":"https:\/\/api.w.org\/{rel}","templated":true}]}}