{"id":124,"date":"2022-03-07T10:21:10","date_gmt":"2022-03-07T08:21:10","guid":{"rendered":"https:\/\/aianduskool.ee\/taimeprojekt2022\/?page_id=124"},"modified":"2022-03-07T10:36:21","modified_gmt":"2022-03-07T08:36:21","slug":"3-nadala-kokkuvote","status":"publish","type":"page","link":"https:\/\/aianduskool.ee\/taimeprojekt2022\/blogid\/3-nadala-kokkuvote\/","title":{"rendered":"3. N\u00c4DALA KOKKUV\u00d5TE"},"content":{"rendered":"<p>Head s\u00f5brad!<\/p>\n<p>Aeg on juba kolmas projekti n\u00e4dal kokku v\u00f5tta.<\/p>\n<p>Kolmas projekti n\u00e4dal m\u00f6\u00f6dus rahulikult- koolis oli vaheaeg. Taimede eest hoolitseti, t\u00e4ideti katseandmete tabelit, jagati p\u00f5nevaid blogisid.<\/p>\n<p><strong>Mis juhtub projekti neljandal n\u00e4dalal?<\/strong><\/p>\n<p>Projekti kodulehele ilmus taas uus viktoriini k\u00fcsimus ja n\u00e4dala nipp.<br \/>\nUurime maitsetaimi, \u00f5pime selgeks taime osad (taime osade \u00f5ppimiseks on projekti kodulehel olemas \u00f5ppevideo) ja kogume katseandmeid.<\/p>\n<p>T\u00f6\u00f6d, mida tuleb teha vajadusep\u00f5hiselt on taimede kastmine ja taimede varjutamine p\u00e4ikeselisel p\u00e4eval. Kevadine ere p\u00e4ike kipub taimi \u201cp\u00f5letama\u201d. Selle tulemusena tekivad lehtedele pleekinud laigud, hiljem lehed kuivavad.<\/p>\n<p>Vajadusel, huvi korral lugege meie projekti kodulehel olevaid artikleid ja vaadake videoid ning uurige blogidest, kuidas kaaslastel maitsetaimede kasvatamine edeneb.<\/p>\n<p>Igasuguste k\u00fcsimuste ja murede korral p\u00f6\u00f6rduge ikka projekti meeskonna poole (sobrad@aianduskool.ee).<\/p>\n<p>Projekti meeskond soovib k\u00f5igile p\u00e4ikeselist kevadeootust!<\/p>\n","protected":false},"excerpt":{"rendered":"<p>Head s\u00f5brad! Aeg on juba kolmas projekti n\u00e4dal kokku v\u00f5tta. Kolmas projekti n\u00e4dal m\u00f6\u00f6dus rahulikult- koolis oli vaheaeg. Taimede eest hoolitseti, t\u00e4ideti katseandmete tabelit, jagati p\u00f5nevaid blogisid. Mis juhtub projekti neljandal n\u00e4dalal? Projekti kodulehele ilmus taas uus viktoriini k\u00fcsimus ja n\u00e4dala nipp. Uurime maitsetaimi, \u00f5pime selgeks taime osad (taime osade \u00f5ppimiseks on projekti kodulehel olemas \u00f5ppevideo) ja kogume katseandmeid. T\u00f6\u00f6d, mida tuleb teha vajadusep\u00f5hiselt on taimede kastmine ja taimede varjutamine p\u00e4ikeselisel p\u00e4eval. Kevadine ere p\u00e4ike kipub taimi \u201cp\u00f5letama\u201d. Selle tulemusena tekivad lehtedele pleekinud laigud, hiljem lehed kuivavad. Vajadusel, huvi korral lugege meie projekti kodulehel olevaid artikleid ja vaadake videoid ning..<\/p>\n","protected":false},"author":2,"featured_media":0,"parent":24,"menu_order":0,"comment_status":"closed","ping_status":"closed","template":"","meta":{"footnotes":""},"class_list":["post-124","page","type-page","status-publish","hentry"],"_links":{"self":[{"href":"https:\/\/aianduskool.ee\/taimeprojekt2022\/wp-json\/wp\/v2\/pages\/124","targetHints":{"allow":["GET"]}}],"collection":[{"href":"https:\/\/aianduskool.ee\/taimeprojekt2022\/wp-json\/wp\/v2\/pages"}],"about":[{"href":"https:\/\/aianduskool.ee\/taimeprojekt2022\/wp-json\/wp\/v2\/types\/page"}],"author":[{"embeddable":true,"href":"https:\/\/aianduskool.ee\/taimeprojekt2022\/wp-json\/wp\/v2\/users\/2"}],"replies":[{"embeddable":true,"href":"https:\/\/aianduskool.ee\/taimeprojekt2022\/wp-json\/wp\/v2\/comments?post=124"}],"version-history":[{"count":5,"href":"https:\/\/aianduskool.ee\/taimeprojekt2022\/wp-json\/wp\/v2\/pages\/124\/revisions"}],"predecessor-version":[{"id":130,"href":"https:\/\/aianduskool.ee\/taimeprojekt2022\/wp-json\/wp\/v2\/pages\/124\/revisions\/130"}],"up":[{"embeddable":true,"href":"https:\/\/aianduskool.ee\/taimeprojekt2022\/wp-json\/wp\/v2\/pages\/24"}],"wp:attachment":[{"href":"https:\/\/aianduskool.ee\/taimeprojekt2022\/wp-json\/wp\/v2\/media?parent=124"}],"curies":[{"name":"wp","href":"https:\/\/api.w.org\/{rel}","templated":true}]}}