{"id":135,"date":"2022-03-14T10:48:16","date_gmt":"2022-03-14T08:48:16","guid":{"rendered":"https:\/\/aianduskool.ee\/taimeprojekt2022\/?page_id=135"},"modified":"2022-03-14T10:53:25","modified_gmt":"2022-03-14T08:53:25","slug":"4-nadala-kokkuvote","status":"publish","type":"page","link":"https:\/\/aianduskool.ee\/taimeprojekt2022\/blogid\/4-nadala-kokkuvote\/","title":{"rendered":"4. N\u00c4DALA KOKKUV\u00d5TE"},"content":{"rendered":"<p>Armsad s\u00f5brad!<\/p>\n<p>N\u00e4dal m\u00f6\u00f6dus t\u00f6iselt ja kevade ootuses.<\/p>\n<p>Meile saabus r\u00f5\u00f5msaid teateid taimede hoogsast kasvamisest.<\/p>\n<p>M\u00f5nedel gruppidel oli probleeme kahjuritega, kes tahtsid maitsetaimedest oma osa saada- tegeldi kahjurite kindlaks tegemise ja t\u00f5rjumisega (selle tarbeks sai kodulehele lisatud vastavad infomaterjalid).<\/p>\n<p><strong>Mis juhtub projekti viiendal n\u00e4dalal?\u00a0<\/strong><\/p>\n<p>Kuigi kevade alguseni on veel pisut aega, siis v\u00f5ib kinnitada, et esimesed r\u00e4ndlinnud (kiivitajad, sookured) on juba tagasi j\u00f5udnud- see t\u00e4hendab, et kevad on kohe kohe talvest v\u00f5itu saamas ja oodata on \u00fcha soojemaid ilmasid- taimede kasvuks ja arenguks vajalikku valgust on iga p\u00e4evaga \u00fcha enam \ud83d\ude42\u00a0\u00dcha enam tuleb hakata\u00a0<strong>t\u00e4helepanu p\u00f6\u00f6rama p\u00e4ikesele<\/strong>. Kindlasti j\u00e4lgi, et taimed p\u00e4ikesep\u00f5letust ei saa. Selleks t\u00f5sta taimed p\u00e4ikeselisel p\u00e4eval aknalaualt eemale.<\/p>\n<p>Soojemate ilmade t\u00f5ttu p\u00f6\u00f6ra enam t\u00e4helepanu ka\u00a0<strong>kastmisele.<\/strong>\u00a0Soojas ruumis, sooja ilmaga kuivab muld potis kiiremini, mist\u00f5ttu on tarvis ka rohkem kasta. Kastmisel l\u00e4htu reeglist: v\u00e4hem on rohkem. See t\u00e4hendab, et kasta \u00fche korraga rohkem, mitte iga p\u00e4ev ja natuke. J\u00e4lgi, et muld t\u00e4ielikult m\u00e4rguks. Alustaldrikule valgunud \u00fcleliigne vesi kalla \u00e4ra. See soodustab liigniiskuse tekkimist, samuti leinas\u00e4\u00e4sklaste levikut.<\/p>\n<p><strong>Aeg on alustada maitsetaimedest pistikute tegemisega. <\/strong><\/p>\n<p>Kindlasti vaata j\u00e4rele, millal taimed \u00fcmber istutasid. Esimene pistikute tegemine tasuks ette v\u00f5tta kui \u00fcmberistutamisest on m\u00f6\u00f6dunud 2-3 n\u00e4dalat. Pistikute tegemise \u00f5ppevideot vaata meie projekti kodulehelt. Tee pistik ka vette, et n\u00e4ha kuidas taime juured arenema hakkavad.<\/p>\n<p>Sel n\u00e4dalal kogume kokku ka k\u00f5ige ilusamad emakeelsed s\u00f5nad. Selleks lisa oma lemmikud aadressil: https:\/\/www.menti.com\/42bjy918d4 &#8211; vastuseid ootame 18.m\u00e4rtsi kella 12.00-ni.<\/p>\n<p>Endiselt on k\u00e4imas projektip\u00e4eviku konkurss. Kui sa ei ole oma projektip\u00e4eviku linki veel saatnud, siis saada see aadressile:\u00a0<a href=\"mailto:sobrad@aianduskool.ee\">sobrad@aianduskool.ee<\/a><\/p>\n<p>Ja \u00e4ra unusta n\u00e4dala k\u00fcsimusele vastamast!<\/p>\n<p>&nbsp;<\/p>\n<p><strong>Projekti meeskond soovib maitsetaime s\u00f5pradele r\u00f5\u00f5mu igasse p\u00e4eva ning palju vahvaid tegevusi,<br \/>\n<\/strong><strong>mida s\u00f5prade ja vanematega jagada.\u00a0<\/strong><\/p>\n<p>&nbsp;<\/p>\n","protected":false},"excerpt":{"rendered":"<p>Armsad s\u00f5brad! N\u00e4dal m\u00f6\u00f6dus t\u00f6iselt ja kevade ootuses. Meile saabus r\u00f5\u00f5msaid teateid taimede hoogsast kasvamisest. M\u00f5nedel gruppidel oli probleeme kahjuritega, kes tahtsid maitsetaimedest oma osa saada- tegeldi kahjurite kindlaks tegemise ja t\u00f5rjumisega (selle tarbeks sai kodulehele lisatud vastavad infomaterjalid). Mis juhtub projekti viiendal n\u00e4dalal?\u00a0 Kuigi kevade alguseni on veel pisut aega, siis v\u00f5ib kinnitada, et esimesed r\u00e4ndlinnud (kiivitajad, sookured) on juba tagasi j\u00f5udnud- see t\u00e4hendab, et kevad on kohe kohe talvest v\u00f5itu saamas ja oodata on \u00fcha soojemaid ilmasid- taimede kasvuks ja arenguks vajalikku valgust on iga p\u00e4evaga \u00fcha enam \ud83d\ude42\u00a0\u00dcha enam tuleb hakata\u00a0t\u00e4helepanu p\u00f6\u00f6rama p\u00e4ikesele. Kindlasti j\u00e4lgi, et taimed..<\/p>\n","protected":false},"author":2,"featured_media":0,"parent":24,"menu_order":0,"comment_status":"closed","ping_status":"closed","template":"","meta":{"footnotes":""},"class_list":["post-135","page","type-page","status-publish","hentry"],"_links":{"self":[{"href":"https:\/\/aianduskool.ee\/taimeprojekt2022\/wp-json\/wp\/v2\/pages\/135","targetHints":{"allow":["GET"]}}],"collection":[{"href":"https:\/\/aianduskool.ee\/taimeprojekt2022\/wp-json\/wp\/v2\/pages"}],"about":[{"href":"https:\/\/aianduskool.ee\/taimeprojekt2022\/wp-json\/wp\/v2\/types\/page"}],"author":[{"embeddable":true,"href":"https:\/\/aianduskool.ee\/taimeprojekt2022\/wp-json\/wp\/v2\/users\/2"}],"replies":[{"embeddable":true,"href":"https:\/\/aianduskool.ee\/taimeprojekt2022\/wp-json\/wp\/v2\/comments?post=135"}],"version-history":[{"count":2,"href":"https:\/\/aianduskool.ee\/taimeprojekt2022\/wp-json\/wp\/v2\/pages\/135\/revisions"}],"predecessor-version":[{"id":138,"href":"https:\/\/aianduskool.ee\/taimeprojekt2022\/wp-json\/wp\/v2\/pages\/135\/revisions\/138"}],"up":[{"embeddable":true,"href":"https:\/\/aianduskool.ee\/taimeprojekt2022\/wp-json\/wp\/v2\/pages\/24"}],"wp:attachment":[{"href":"https:\/\/aianduskool.ee\/taimeprojekt2022\/wp-json\/wp\/v2\/media?parent=135"}],"curies":[{"name":"wp","href":"https:\/\/api.w.org\/{rel}","templated":true}]}}