{"id":145,"date":"2022-03-21T11:56:30","date_gmt":"2022-03-21T09:56:30","guid":{"rendered":"https:\/\/aianduskool.ee\/taimeprojekt2022\/?page_id=145"},"modified":"2022-03-21T12:00:40","modified_gmt":"2022-03-21T10:00:40","slug":"5-nadala-kokkuvote","status":"publish","type":"page","link":"https:\/\/aianduskool.ee\/taimeprojekt2022\/blogid\/5-nadala-kokkuvote\/","title":{"rendered":"5.N\u00c4DALA KOKKUV\u00d5TE"},"content":{"rendered":"<p>Armsad s\u00f5brad!<\/p>\n<p>N\u00e4dal on taaskord m\u00f6\u00f6dunud linnutiivul ning aeg on see kokku v\u00f5tta.<\/p>\n<p>Viies projektin\u00e4dal m\u00f6\u00f6dus t\u00f6iselt ja kevade ootuses. Maitsetaimedest tehti esimene &#8220;ring&#8221; pistikuid. N\u00fc\u00fcd tuleb oodata ja uurida, kuidas need kasvama hakkavad.<\/p>\n<p>M\u00f5nedel gruppidel oli endiselt probleeme kahjuritega, kes tahtsid maitsetaimedest oma osa saada- tegeldi kahjurite kindlaks tegemise ja t\u00f5rjumisega (selle tarbeks sai kodulehele lisatud vastavad infomaterjalid).<\/p>\n<p>Emakeele n\u00e4dala raames otsisime ilusaid eesti keelseid s\u00f5nu. Vastanute arvates k\u00f5lavad meie emakeeles eriti ilusti s\u00f5nad <span style=\"color: #ffcc00;\">ema, armas ja armastus<\/span> \ud83d\ude42<\/p>\n<p>Algas kevad ja nauditi p\u00e4ikesepaistet.<\/p>\n<p>&nbsp;<\/p>\n<p><strong>Mis juhtub projekti kuuendal n\u00e4dalal?\u00a0<\/strong><\/p>\n<p>Endiselt p\u00f6\u00f6rake t\u00e4helepanu p\u00e4ikesele, et teie maitsetaimed (ja tehtud pistikud) p\u00e4ikesep\u00f5letust ei saaks! Selleks t\u00f5sta taimed p\u00e4ikeselisel p\u00e4eval aknalaualt eemale.<\/p>\n<p>Soojemate ilmade t\u00f5ttu p\u00f6\u00f6ra enam t\u00e4helepanu ka\u00a0<strong>kastmisele.<\/strong>\u00a0Soojas ruumis, sooja ilmaga kuivab muld potis kiiremini, mist\u00f5ttu on tarvis ka rohkem kasta. Kastmisel l\u00e4htu reeglist: v\u00e4hem on rohkem. See t\u00e4hendab, et kasta \u00fche korraga rohkem, mitte iga p\u00e4ev ja natuke. J\u00e4lgi, et muld t\u00e4ielikult m\u00e4rguks. Alustaldrikule valgunud \u00fcleliigne vesi kalla \u00e4ra. See soodustab liigniiskuse tekkimist, samuti leinas\u00e4\u00e4sklaste levikut.<\/p>\n<p>Endiselt on k\u00e4imas projektip\u00e4eviku konkurss. Kui sa ei ole oma projektip\u00e4eviku linki veel saatnud, siis saada see aadressile:\u00a0<a href=\"mailto:sobrad@aianduskool.ee\">sobrad@aianduskool.ee<\/a><\/p>\n<p>T\u00e4ida katseandmete tabelit: v\u00f5rdle temperatuuri ja valgustugevuse muutusi- valgust ja soojust on iga n\u00e4dalaga aina rohkem \ud83d\ude42<\/p>\n<p>Ja \u00e4ra unusta n\u00e4dala k\u00fcsimusele vastamast ning n\u00e4dala nipile pilku heitmast!<\/p>\n<p><strong>Projekti meeskond soovib r\u00f5\u00f5msat alanud kevadet!<\/strong><strong>\u00a0<\/strong><\/p>\n","protected":false},"excerpt":{"rendered":"<p>Armsad s\u00f5brad! N\u00e4dal on taaskord m\u00f6\u00f6dunud linnutiivul ning aeg on see kokku v\u00f5tta. Viies projektin\u00e4dal m\u00f6\u00f6dus t\u00f6iselt ja kevade ootuses. Maitsetaimedest tehti esimene &#8220;ring&#8221; pistikuid. N\u00fc\u00fcd tuleb oodata ja uurida, kuidas need kasvama hakkavad. M\u00f5nedel gruppidel oli endiselt probleeme kahjuritega, kes tahtsid maitsetaimedest oma osa saada- tegeldi kahjurite kindlaks tegemise ja t\u00f5rjumisega (selle tarbeks sai kodulehele lisatud vastavad infomaterjalid). Emakeele n\u00e4dala raames otsisime ilusaid eesti keelseid s\u00f5nu. Vastanute arvates k\u00f5lavad meie emakeeles eriti ilusti s\u00f5nad ema, armas ja armastus \ud83d\ude42 Algas kevad ja nauditi p\u00e4ikesepaistet. &nbsp; Mis juhtub projekti kuuendal n\u00e4dalal?\u00a0 Endiselt p\u00f6\u00f6rake t\u00e4helepanu p\u00e4ikesele, et teie maitsetaimed (ja tehtud..<\/p>\n","protected":false},"author":2,"featured_media":0,"parent":24,"menu_order":0,"comment_status":"closed","ping_status":"closed","template":"","meta":{"footnotes":""},"class_list":["post-145","page","type-page","status-publish","hentry"],"_links":{"self":[{"href":"https:\/\/aianduskool.ee\/taimeprojekt2022\/wp-json\/wp\/v2\/pages\/145","targetHints":{"allow":["GET"]}}],"collection":[{"href":"https:\/\/aianduskool.ee\/taimeprojekt2022\/wp-json\/wp\/v2\/pages"}],"about":[{"href":"https:\/\/aianduskool.ee\/taimeprojekt2022\/wp-json\/wp\/v2\/types\/page"}],"author":[{"embeddable":true,"href":"https:\/\/aianduskool.ee\/taimeprojekt2022\/wp-json\/wp\/v2\/users\/2"}],"replies":[{"embeddable":true,"href":"https:\/\/aianduskool.ee\/taimeprojekt2022\/wp-json\/wp\/v2\/comments?post=145"}],"version-history":[{"count":3,"href":"https:\/\/aianduskool.ee\/taimeprojekt2022\/wp-json\/wp\/v2\/pages\/145\/revisions"}],"predecessor-version":[{"id":149,"href":"https:\/\/aianduskool.ee\/taimeprojekt2022\/wp-json\/wp\/v2\/pages\/145\/revisions\/149"}],"up":[{"embeddable":true,"href":"https:\/\/aianduskool.ee\/taimeprojekt2022\/wp-json\/wp\/v2\/pages\/24"}],"wp:attachment":[{"href":"https:\/\/aianduskool.ee\/taimeprojekt2022\/wp-json\/wp\/v2\/media?parent=145"}],"curies":[{"name":"wp","href":"https:\/\/api.w.org\/{rel}","templated":true}]}}