{"id":159,"date":"2022-03-28T07:46:46","date_gmt":"2022-03-28T04:46:46","guid":{"rendered":"https:\/\/aianduskool.ee\/taimeprojekt2022\/?page_id=159"},"modified":"2022-03-28T07:56:05","modified_gmt":"2022-03-28T04:56:05","slug":"6-nadala-kokkuvote","status":"publish","type":"page","link":"https:\/\/aianduskool.ee\/taimeprojekt2022\/blogid\/6-nadala-kokkuvote\/","title":{"rendered":"6.N\u00c4DALA KOKKUV\u00d5TE"},"content":{"rendered":"<p>Head s\u00f5brad!<\/p>\n<p>Kuuendal projektin\u00e4dalal tegelesime maitsetaimedelt pistikute v\u00f5tmisega. Pistikute kasvama panemiseks kasutati erinevaid topse ja anumaid- taaskasutus oli populaarne ja selle \u00fcle on meil v\u00e4ga hea meel! Tegeleti ka kahjurite tuvastamise ja t\u00f5rjumisega.<\/p>\n<p>Mis juhtub projekti seitsmendal n\u00e4dalal?<\/p>\n<p>Seitsmendal n\u00e4dalal vaatleme, kuidas tehtud pistikud kasvama l\u00e4hevad. Kindlasti on n\u00fc\u00fcd paljudele maitsetaimede s\u00f5pradel <strong>k\u00e4tte j\u00f5udnud aeg, mil peab hakkama emataimi v\u00e4etama.<\/strong> V\u00e4etislahuste tegemisel tutvuge kindlasti hoolikalt v\u00e4etisepakendil olevate juhistega, et lahus saaks just selline, mis aitaks taimel edasi kasvada (toitaineid ei tohiks lahuses olla liiga v\u00e4he v\u00f5i vastupidi liiga palju). V\u00e4etamisalast abi saab ka meie kodulehelt vastava \u00f5ppevideo n\u00e4ol.<\/p>\n<p>Vaata n\u00e4dala nippi, t\u00e4ida katseandmete tabelit ja \u00e4ra unusta vastamast viktoriini k\u00fcsimusele \ud83d\ude42<\/p>\n<p>Maitsetaimedega s\u00f5braks! projekti 7.n\u00e4dalal algab ka loomekonkurss, mis kestab 17.aprillini. Loomekonkursi tingimusi ja kategooriaid vaata rubriigist <a href=\"https:\/\/aianduskool.ee\/taimeprojekt2022\/konkursid\/\">&#8220;Konkursid&#8221;.<\/a><\/p>\n<p>Endiselt on k\u00e4imas projektip\u00e4eviku konkurss. Kui sa ei ole oma projektip\u00e4eviku linki veel saatnud, siis saada see aadressile:\u00a0<a href=\"mailto:sobrad@aianduskool.ee\">sobrad@aianduskool.ee<\/a><\/p>\n<p>Taimeprojekti meeskond soovib lennukaid loomeideid ja toredat n\u00e4dalat!<\/p>\n<p>&nbsp;<\/p>\n","protected":false},"excerpt":{"rendered":"<p>Head s\u00f5brad! Kuuendal projektin\u00e4dalal tegelesime maitsetaimedelt pistikute v\u00f5tmisega. Pistikute kasvama panemiseks kasutati erinevaid topse ja anumaid- taaskasutus oli populaarne ja selle \u00fcle on meil v\u00e4ga hea meel! Tegeleti ka kahjurite tuvastamise ja t\u00f5rjumisega. Mis juhtub projekti seitsmendal n\u00e4dalal? Seitsmendal n\u00e4dalal vaatleme, kuidas tehtud pistikud kasvama l\u00e4hevad. Kindlasti on n\u00fc\u00fcd paljudele maitsetaimede s\u00f5pradel k\u00e4tte j\u00f5udnud aeg, mil peab hakkama emataimi v\u00e4etama. V\u00e4etislahuste tegemisel tutvuge kindlasti hoolikalt v\u00e4etisepakendil olevate juhistega, et lahus saaks just selline, mis aitaks taimel edasi kasvada (toitaineid ei tohiks lahuses olla liiga v\u00e4he v\u00f5i vastupidi liiga palju). V\u00e4etamisalast abi saab ka meie kodulehelt vastava \u00f5ppevideo n\u00e4ol. Vaata n\u00e4dala..<\/p>\n","protected":false},"author":2,"featured_media":0,"parent":24,"menu_order":0,"comment_status":"closed","ping_status":"closed","template":"","meta":{"footnotes":""},"class_list":["post-159","page","type-page","status-publish","hentry"],"_links":{"self":[{"href":"https:\/\/aianduskool.ee\/taimeprojekt2022\/wp-json\/wp\/v2\/pages\/159","targetHints":{"allow":["GET"]}}],"collection":[{"href":"https:\/\/aianduskool.ee\/taimeprojekt2022\/wp-json\/wp\/v2\/pages"}],"about":[{"href":"https:\/\/aianduskool.ee\/taimeprojekt2022\/wp-json\/wp\/v2\/types\/page"}],"author":[{"embeddable":true,"href":"https:\/\/aianduskool.ee\/taimeprojekt2022\/wp-json\/wp\/v2\/users\/2"}],"replies":[{"embeddable":true,"href":"https:\/\/aianduskool.ee\/taimeprojekt2022\/wp-json\/wp\/v2\/comments?post=159"}],"version-history":[{"count":5,"href":"https:\/\/aianduskool.ee\/taimeprojekt2022\/wp-json\/wp\/v2\/pages\/159\/revisions"}],"predecessor-version":[{"id":167,"href":"https:\/\/aianduskool.ee\/taimeprojekt2022\/wp-json\/wp\/v2\/pages\/159\/revisions\/167"}],"up":[{"embeddable":true,"href":"https:\/\/aianduskool.ee\/taimeprojekt2022\/wp-json\/wp\/v2\/pages\/24"}],"wp:attachment":[{"href":"https:\/\/aianduskool.ee\/taimeprojekt2022\/wp-json\/wp\/v2\/media?parent=159"}],"curies":[{"name":"wp","href":"https:\/\/api.w.org\/{rel}","templated":true}]}}