{"id":177,"date":"2022-04-05T14:57:45","date_gmt":"2022-04-05T11:57:45","guid":{"rendered":"https:\/\/aianduskool.ee\/taimeprojekt2022\/?page_id=177"},"modified":"2022-04-05T15:05:44","modified_gmt":"2022-04-05T12:05:44","slug":"7-nadala-kokkuvote","status":"publish","type":"page","link":"https:\/\/aianduskool.ee\/taimeprojekt2022\/blogid\/7-nadala-kokkuvote\/","title":{"rendered":"7.N\u00c4DALA KOKKUV\u00d5TE"},"content":{"rendered":"<p>Hea s\u00f5ber!<\/p>\n<p>K\u00e4es on taaskord aeg eelmine n\u00e4dal kokku v\u00f5tta.<br \/>\n7. n\u00e4dalal tegelesime tavap\u00e4raste tegevustega \u2013 hooldati (kasteti, v\u00e4etati) ja uuriti taimi. J\u00e4lgiti tehtud pistikute juurdumist.<br \/>\nKuna aprill on naljakuu, siis j\u00e4rgnevatel n\u00e4dalatel v\u00f5ib naljajutte r\u00e4\u00e4kida (ning ka seda meie projekti Facebooki lehel jagada). Hea tuju turgutab immuunsuss\u00fcsteemi \ud83d\ude42<br \/>\nAlgas loomekonkurss, mis kestab 17.aprillini. Konkursit\u00f6\u00f6 tingimusi vaata <a href=\"https:\/\/aianduskool.ee\/taimeprojekt2022\/konkursid\/\">siit.<\/a> Juba on laekunud usinamate maitsetaimede s\u00f5prade looming.<\/p>\n<p>&nbsp;<\/p>\n<p><strong>Mis juhtub projekti kaheksandal n\u00e4dalal?\u00a0<\/strong><\/p>\n<p>Kaheksandal n\u00e4dalal j\u00e4tkame maitsetaimede emataimede ja tehtud pistikute kasvatamise ja j\u00e4lgimisega. Kui pistikud on juba kenasti juurdunud v\u00f5id asuda tegema ettevalmistusi nende potistamiseks. Kindlasti vajab emataim juba v\u00e4etist, et uusi k\u00fclgv\u00f5rseid kasvatama hakata- anna talle &#8220;toitu&#8221;. V\u00e4etamiseks vajalik \u00f5ppevideo on leitav projekti kodulehelt.<br \/>\nJ\u00e4tkuvad projektip\u00e4eviku ja loomekonkurss.<br \/>\nKindlasti uuri, mida \u00fctleb n\u00e4dala nipp ning vasta uuele viktoriinik\u00fcsimusele, t\u00e4ida projektip\u00e4evikut!<\/p>\n<p>&nbsp;<\/p>\n<p><strong>Taimeprojekti meeskond soovib Sulle p\u00e4ikeselist ja p\u00f5nevat n\u00e4dalat!\u00a0<\/strong><\/p>\n","protected":false},"excerpt":{"rendered":"<p>Hea s\u00f5ber! K\u00e4es on taaskord aeg eelmine n\u00e4dal kokku v\u00f5tta. 7. n\u00e4dalal tegelesime tavap\u00e4raste tegevustega \u2013 hooldati (kasteti, v\u00e4etati) ja uuriti taimi. J\u00e4lgiti tehtud pistikute juurdumist. Kuna aprill on naljakuu, siis j\u00e4rgnevatel n\u00e4dalatel v\u00f5ib naljajutte r\u00e4\u00e4kida (ning ka seda meie projekti Facebooki lehel jagada). Hea tuju turgutab immuunsuss\u00fcsteemi \ud83d\ude42 Algas loomekonkurss, mis kestab 17.aprillini. Konkursit\u00f6\u00f6 tingimusi vaata siit. Juba on laekunud usinamate maitsetaimede s\u00f5prade looming. &nbsp; Mis juhtub projekti kaheksandal n\u00e4dalal?\u00a0 Kaheksandal n\u00e4dalal j\u00e4tkame maitsetaimede emataimede ja tehtud pistikute kasvatamise ja j\u00e4lgimisega. Kui pistikud on juba kenasti juurdunud v\u00f5id asuda tegema ettevalmistusi nende potistamiseks. Kindlasti vajab emataim juba v\u00e4etist, et..<\/p>\n","protected":false},"author":2,"featured_media":0,"parent":24,"menu_order":0,"comment_status":"closed","ping_status":"closed","template":"","meta":{"footnotes":""},"class_list":["post-177","page","type-page","status-publish","hentry"],"_links":{"self":[{"href":"https:\/\/aianduskool.ee\/taimeprojekt2022\/wp-json\/wp\/v2\/pages\/177","targetHints":{"allow":["GET"]}}],"collection":[{"href":"https:\/\/aianduskool.ee\/taimeprojekt2022\/wp-json\/wp\/v2\/pages"}],"about":[{"href":"https:\/\/aianduskool.ee\/taimeprojekt2022\/wp-json\/wp\/v2\/types\/page"}],"author":[{"embeddable":true,"href":"https:\/\/aianduskool.ee\/taimeprojekt2022\/wp-json\/wp\/v2\/users\/2"}],"replies":[{"embeddable":true,"href":"https:\/\/aianduskool.ee\/taimeprojekt2022\/wp-json\/wp\/v2\/comments?post=177"}],"version-history":[{"count":4,"href":"https:\/\/aianduskool.ee\/taimeprojekt2022\/wp-json\/wp\/v2\/pages\/177\/revisions"}],"predecessor-version":[{"id":181,"href":"https:\/\/aianduskool.ee\/taimeprojekt2022\/wp-json\/wp\/v2\/pages\/177\/revisions\/181"}],"up":[{"embeddable":true,"href":"https:\/\/aianduskool.ee\/taimeprojekt2022\/wp-json\/wp\/v2\/pages\/24"}],"wp:attachment":[{"href":"https:\/\/aianduskool.ee\/taimeprojekt2022\/wp-json\/wp\/v2\/media?parent=177"}],"curies":[{"name":"wp","href":"https:\/\/api.w.org\/{rel}","templated":true}]}}