{"id":199,"date":"2022-05-03T20:25:51","date_gmt":"2022-05-03T17:25:51","guid":{"rendered":"https:\/\/aianduskool.ee\/taimeprojekt2022\/?page_id=199"},"modified":"2022-05-03T20:25:51","modified_gmt":"2022-05-03T17:25:51","slug":"9-10-ja-11-nadala-kokkuvote","status":"publish","type":"page","link":"https:\/\/aianduskool.ee\/taimeprojekt2022\/blogid\/9-10-ja-11-nadala-kokkuvote\/","title":{"rendered":"9., 10. JA 11. N\u00c4DALA KOKKUV\u00d5TE"},"content":{"rendered":"<p>Head s\u00f5brad!<\/p>\n<p>9. projektin\u00e4dalal tegelesime tavap\u00e4raste tegevustega \u2013 hooldasime ja uurisime taimi, j\u00e4lgisime n\u00e4dala nippi ja vastasime viktoriini k\u00fcsimusele. Loomekonkursile saadeti viimased t\u00f6\u00f6d.<\/p>\n<p>10. n\u00e4dalal tegeleti juurdunud pistikute potistamisega. M\u00f5ned r\u00fchmad tegid ka uue ringi pistikuid. Emataimi kosutati toitainetega. Saime ka teateid, et kahjuritest jagu saamine alati ei \u00f5nnestu. Prooviti erinevaid nippe. Julgemad istutasid maitsetaimed \u00f5ue.<\/p>\n<p>11. projektin\u00e4dalal oli koolivaheaeg, mist\u00f5ttu said koolilapsed aja maha v\u00f5tta ning puhata ja kevadet nautida. Vaheajast hoolimata vajasid taimed siiski hooldamist. Uut viktoriini k\u00fcsimust me vaheaja t\u00f5ttu ei esitanud. K\u00fcll aga sai vastata eelnevatele, kui see veel tegemata oli (ja saab veel praegugi- kuni 8.maini).<\/p>\n<p>Veel saab esitada projekti blogisid konkursile.<\/p>\n<p><strong>Projekti l\u00f5puni on j\u00e4\u00e4nud ainult 1 n\u00e4dal!<\/strong><\/p>\n","protected":false},"excerpt":{"rendered":"<p>Head s\u00f5brad! 9. projektin\u00e4dalal tegelesime tavap\u00e4raste tegevustega \u2013 hooldasime ja uurisime taimi, j\u00e4lgisime n\u00e4dala nippi ja vastasime viktoriini k\u00fcsimusele. Loomekonkursile saadeti viimased t\u00f6\u00f6d. 10. n\u00e4dalal tegeleti juurdunud pistikute potistamisega. M\u00f5ned r\u00fchmad tegid ka uue ringi pistikuid. Emataimi kosutati toitainetega. Saime ka teateid, et kahjuritest jagu saamine alati ei \u00f5nnestu. Prooviti erinevaid nippe. Julgemad istutasid maitsetaimed \u00f5ue. 11. projektin\u00e4dalal oli koolivaheaeg, mist\u00f5ttu said koolilapsed aja maha v\u00f5tta ning puhata ja kevadet nautida. Vaheajast hoolimata vajasid taimed siiski hooldamist. Uut viktoriini k\u00fcsimust me vaheaja t\u00f5ttu ei esitanud. K\u00fcll aga sai vastata eelnevatele, kui see veel tegemata oli (ja saab veel praegugi- kuni..<\/p>\n","protected":false},"author":2,"featured_media":0,"parent":24,"menu_order":0,"comment_status":"closed","ping_status":"closed","template":"","meta":{"footnotes":""},"class_list":["post-199","page","type-page","status-publish","hentry"],"_links":{"self":[{"href":"https:\/\/aianduskool.ee\/taimeprojekt2022\/wp-json\/wp\/v2\/pages\/199","targetHints":{"allow":["GET"]}}],"collection":[{"href":"https:\/\/aianduskool.ee\/taimeprojekt2022\/wp-json\/wp\/v2\/pages"}],"about":[{"href":"https:\/\/aianduskool.ee\/taimeprojekt2022\/wp-json\/wp\/v2\/types\/page"}],"author":[{"embeddable":true,"href":"https:\/\/aianduskool.ee\/taimeprojekt2022\/wp-json\/wp\/v2\/users\/2"}],"replies":[{"embeddable":true,"href":"https:\/\/aianduskool.ee\/taimeprojekt2022\/wp-json\/wp\/v2\/comments?post=199"}],"version-history":[{"count":1,"href":"https:\/\/aianduskool.ee\/taimeprojekt2022\/wp-json\/wp\/v2\/pages\/199\/revisions"}],"predecessor-version":[{"id":200,"href":"https:\/\/aianduskool.ee\/taimeprojekt2022\/wp-json\/wp\/v2\/pages\/199\/revisions\/200"}],"up":[{"embeddable":true,"href":"https:\/\/aianduskool.ee\/taimeprojekt2022\/wp-json\/wp\/v2\/pages\/24"}],"wp:attachment":[{"href":"https:\/\/aianduskool.ee\/taimeprojekt2022\/wp-json\/wp\/v2\/media?parent=199"}],"curies":[{"name":"wp","href":"https:\/\/api.w.org\/{rel}","templated":true}]}}