{"id":20,"date":"2022-01-13T16:07:48","date_gmt":"2022-01-13T14:07:48","guid":{"rendered":"https:\/\/aianduskool.ee\/taimeprojekt2022\/?page_id=20"},"modified":"2022-05-17T14:42:59","modified_gmt":"2022-05-17T11:42:59","slug":"konkursid","status":"publish","type":"page","link":"https:\/\/aianduskool.ee\/taimeprojekt2022\/konkursid\/","title":{"rendered":"Konkursid"},"content":{"rendered":"<p>Taimeprojekti \u201cMaitsetaimedega s\u00f5braks!\u201d ajal toimub mitmeid konkursse. N\u00f5uded leiad linkide alt.<\/p>\n<p>Projektip\u00e4eviku konkurss.\u00a0\u00a0<a href=\"https:\/\/aianduskool.ee\/taimeprojekt2022\/?page_id=51\">N\u00d5UDED<\/a>.<\/p>\n<p>Loomingu konkurss (joonistus, meem). <a href=\"https:\/\/aianduskool.ee\/taimeprojekt2022\/?page_id=58\">N\u00d5UDED.<\/a><\/p>\n<p>&nbsp;<\/p>\n<p>Selle-aastane projekt on ametlikult l\u00f5ppenud. Projekti k\u00e4igus toimunud konkursitele esitatud t\u00f6\u00f6d on \u00fcle vaadatud ja on aeg vahvamad neist \u00e4ra m\u00e4rkida.<\/p>\n<p>Esmalt t\u00e4name k\u00f5iki, kes konkursitel osalesid. K\u00f5ik t\u00f6\u00f6d olid vahvad ja oman\u00e4olised. \u017d\u00fcrii ja fortuuna koost\u00f6\u00f6s soovime \u00e4ra m\u00e4rkida neist j\u00e4rgnevad.<\/p>\n<p>Vahvamateks joonistusteks lasteaia kategoorias valiti:<\/p>\n<ol>\n<li><strong>Loore Varik, K\u00f5rvek\u00fcla Lasteaed<\/strong><\/li>\n<li><strong>Kregor K\u00fcbar, Tartu Lasteaed Helika<\/strong><\/li>\n<li><strong>Indriid Leini, Koosa Lasteaed<\/strong><\/li>\n<\/ol>\n<p>Kooli kategoorias:<\/p>\n<ol>\n<li><strong>Daniil Vlassov, Sillam\u00e4e Eesti P\u00f5hikool<\/strong><\/li>\n<li><strong>Anita Umanets, Valga P\u00f5hikool<\/strong><\/li>\n<li><strong>Ave-Ly Aron, Lauka P\u00f5hikool<\/strong><\/li>\n<\/ol>\n<p>Eripreemiad p\u00e4lvisid:<\/p>\n<p>Pelguranna lasteaed<\/p>\n<p>Viru Nigula lasteaed<\/p>\n<p>Neeme mudila lasteaed<\/p>\n<p>&nbsp;<\/p>\n<p>Projektip\u00e4eviku konkursil osutusid \u00f5nnelikeks v\u00e4ljavalituteks:<\/p>\n<ol>\n<li><strong>Tartu T\u00e4htvere lasteaed, Pokude r\u00fchm<\/strong><\/li>\n<li><strong>R\u00f5ngu lasteaed Pihlakobar, R\u00f5\u00f5muritsikate r\u00fchm<\/strong><\/li>\n<li><strong>Tallinna Meelespea lasteaed, Naksitrallide r\u00fchm<\/strong><\/li>\n<li><strong>Pelguranna lasteaed, Leiutajate ja M\u00f5mmikute r\u00fchmad<\/strong><\/li>\n<\/ol>\n<p>K\u00f5igi projektip\u00e4evikul konkursil osalejate vahel loositi v\u00e4lja <strong>Click and Grow nutiaed<\/strong>, mille v\u00f5itis <strong>Tartu lasteaed Helika, M\u00f5mmikute r\u00fchm<\/strong>.<\/p>\n<p>Ait\u00e4h k\u00f5igile osalejatele toreda projekti eest!<\/p>\n<p>Taimeprojekti meeskond<\/p>\n","protected":false},"excerpt":{"rendered":"<p>Taimeprojekti \u201cMaitsetaimedega s\u00f5braks!\u201d ajal toimub mitmeid konkursse. N\u00f5uded leiad linkide alt. Projektip\u00e4eviku konkurss.\u00a0\u00a0N\u00d5UDED. Loomingu konkurss (joonistus, meem). N\u00d5UDED. &nbsp; Selle-aastane projekt on ametlikult l\u00f5ppenud. Projekti k\u00e4igus toimunud konkursitele esitatud t\u00f6\u00f6d on \u00fcle vaadatud ja on aeg vahvamad neist \u00e4ra m\u00e4rkida. Esmalt t\u00e4name k\u00f5iki, kes konkursitel osalesid. K\u00f5ik t\u00f6\u00f6d olid vahvad ja oman\u00e4olised. \u017d\u00fcrii ja fortuuna koost\u00f6\u00f6s soovime \u00e4ra m\u00e4rkida neist j\u00e4rgnevad. Vahvamateks joonistusteks lasteaia kategoorias valiti: Loore Varik, K\u00f5rvek\u00fcla Lasteaed Kregor K\u00fcbar, Tartu Lasteaed Helika Indriid Leini, Koosa Lasteaed Kooli kategoorias: Daniil Vlassov, Sillam\u00e4e Eesti P\u00f5hikool Anita Umanets, Valga P\u00f5hikool Ave-Ly Aron, Lauka P\u00f5hikool Eripreemiad p\u00e4lvisid: Pelguranna lasteaed Viru Nigula..<\/p>\n","protected":false},"author":1,"featured_media":0,"parent":0,"menu_order":6,"comment_status":"closed","ping_status":"closed","template":"","meta":{"footnotes":""},"class_list":["post-20","page","type-page","status-publish","hentry"],"_links":{"self":[{"href":"https:\/\/aianduskool.ee\/taimeprojekt2022\/wp-json\/wp\/v2\/pages\/20","targetHints":{"allow":["GET"]}}],"collection":[{"href":"https:\/\/aianduskool.ee\/taimeprojekt2022\/wp-json\/wp\/v2\/pages"}],"about":[{"href":"https:\/\/aianduskool.ee\/taimeprojekt2022\/wp-json\/wp\/v2\/types\/page"}],"author":[{"embeddable":true,"href":"https:\/\/aianduskool.ee\/taimeprojekt2022\/wp-json\/wp\/v2\/users\/1"}],"replies":[{"embeddable":true,"href":"https:\/\/aianduskool.ee\/taimeprojekt2022\/wp-json\/wp\/v2\/comments?post=20"}],"version-history":[{"count":5,"href":"https:\/\/aianduskool.ee\/taimeprojekt2022\/wp-json\/wp\/v2\/pages\/20\/revisions"}],"predecessor-version":[{"id":212,"href":"https:\/\/aianduskool.ee\/taimeprojekt2022\/wp-json\/wp\/v2\/pages\/20\/revisions\/212"}],"wp:attachment":[{"href":"https:\/\/aianduskool.ee\/taimeprojekt2022\/wp-json\/wp\/v2\/media?parent=20"}],"curies":[{"name":"wp","href":"https:\/\/api.w.org\/{rel}","templated":true}]}}