{"id":92,"date":"2022-02-21T12:27:55","date_gmt":"2022-02-21T10:27:55","guid":{"rendered":"https:\/\/aianduskool.ee\/taimeprojekt2022\/?page_id=92"},"modified":"2022-02-21T12:34:42","modified_gmt":"2022-02-21T10:34:42","slug":"esimese-nadala-kokkuvote","status":"publish","type":"page","link":"https:\/\/aianduskool.ee\/taimeprojekt2022\/blogid\/esimese-nadala-kokkuvote\/","title":{"rendered":"ESIMESE N\u00c4DALA KOKKUV\u00d5TE"},"content":{"rendered":"<h2><\/h2>\n<p><span style=\"font-size: 16px;\">Armsad maitsetaimede s\u00f5brad! On aeg esimene projektin\u00e4dal kokku v\u00f5tta.<\/span><\/p>\n<div class=\"post-content\">\n<p>Esimene projektin\u00e4dal (14-20.02) oli t\u00e4is p\u00f5nevust, palju uut ja huvitavat!<strong> 14. veebruarist<\/strong> algas meie \u00fchine maitsetaimede kasvatamine.<\/p>\n<p>Esimese n\u00e4dala alustasime ka katseandmete kogumist (leia tabel \u201cKatse\u201d lehelt). Tabelisse tuli kirja panna taime kasvukoha ilmakaar, alustada temperatuuri ja valgushulga m\u00f5\u00f5tmistega. Usinamad istutasid \u00fcmber emataime. Istutuskuup\u00e4ev tuli samuti katseandmete tabelisse lisada. Oluline on, et igal n\u00e4dalal katseandmeid kogute. Nii saame teada, kuidas ja kui kiiresti taimed kasvavad ja arenevad.<\/p>\n<p>Taimi ei ole tarvis praegu v\u00e4etada. V\u00e4etamise kohta jagame t\u00e4psemaid \u00f5petusi siis, kui v\u00e4etamise aeg hakkab k\u00e4tte j\u00f5udma. Praegu on oluline, et taim veepuudusesse ei j\u00e4\u00e4ks ning p\u00e4ikeselistel p\u00e4evadel p\u00e4ikesep\u00f5letust ei saaks \u2013 taimed vajavad palju valgust aga ei talu otsest p\u00e4ikesevalgust. P\u00e4ikeselisel p\u00e4eval t\u00f5stke taimed aknast veidi eemale. Maitsetaimed vajavad k\u00fcll vett, kuid liigniiskus p\u00f5hjustab juurem\u00e4danikku. Liigniiskuse v\u00e4ltimiseks tuleb p\u00e4rast kastmist alustaldrikule valgunud vesi \u00e4ra kallata. Liigniiskuses taimede juured j\u00e4\u00e4vad hapnikupuudusesse ning tekivad m\u00e4danikud, mille tagaj\u00e4rjel juured h\u00e4vivad. Juurte h\u00e4vimine toob omakorda kaasa aga kogu taime h\u00e4vimise. Kastmisvajadus s\u00f5ltub ruumi temperatuurist. Soojemas ruumis tuleb kasta tihedamalt, veidi jahedamas ruumis harvem. Kastmisel l\u00e4htume ikka reeglist \u2013 \u00fcks kord ja korralikult, mitte iga p\u00e4ev ja natuke.<\/p>\n<p>Lisaks taimede kasvatamisele algas meil ka viktoriin. Kellel on veel viktoriini esimesele k\u00fcsimusele vastamata, siis tasub seda teha n\u00fc\u00fcd.<\/p>\n<p>Algas<a href=\"https:\/\/aianduskool.ee\/taimeprojekt2022\/konkursid\/51-2\/\">\u00a0projektip\u00e4eviku konkurss<\/a>\u00a0\u2013 see kestab projekti l\u00f5puni.<\/p>\n<p>Mida aga toob teine projekti n\u00e4dal (21.-27.02.)? J\u00e4lgige taimede kastmisvajadus ja t\u00e4itke katse tabelit (kui seda veel tehtud pole). Istutage projekti emataimed suuremasse potti. Selleks vaadake \u00f5ppevideot nr. 1 (varsti n\u00e4htav projekti kodulehel rubriigist videod). T\u00e4itke projektip\u00e4evikut, et meiegi saaksime aimu, kuidas projektis osalemine kulgeb. Otsige projekti kodulehelt \u00fcles uus n\u00e4dala nipp ja vastake viktoriini k\u00fcsimustele.<\/p>\n<p>Igasuguste k\u00fcsimuste ja murede korral p\u00f6\u00f6rduge ikka projekti meeskonna poole (sobrad@aianduskool.ee).<\/p>\n<p>&nbsp;<\/p>\n<p>Projekti meeskond soovib k\u00f5igile m\u00f5nusat taimede kasvatamise katsetamist!<\/p>\n<\/div>\n","protected":false},"excerpt":{"rendered":"<p>Armsad maitsetaimede s\u00f5brad! On aeg esimene projektin\u00e4dal kokku v\u00f5tta. Esimene projektin\u00e4dal (14-20.02) oli t\u00e4is p\u00f5nevust, palju uut ja huvitavat! 14. veebruarist algas meie \u00fchine maitsetaimede kasvatamine. Esimese n\u00e4dala alustasime ka katseandmete kogumist (leia tabel \u201cKatse\u201d lehelt). Tabelisse tuli kirja panna taime kasvukoha ilmakaar, alustada temperatuuri ja valgushulga m\u00f5\u00f5tmistega. Usinamad istutasid \u00fcmber emataime. Istutuskuup\u00e4ev tuli samuti katseandmete tabelisse lisada. Oluline on, et igal n\u00e4dalal katseandmeid kogute. Nii saame teada, kuidas ja kui kiiresti taimed kasvavad ja arenevad. Taimi ei ole tarvis praegu v\u00e4etada. V\u00e4etamise kohta jagame t\u00e4psemaid \u00f5petusi siis, kui v\u00e4etamise aeg hakkab k\u00e4tte j\u00f5udma. Praegu on oluline, et taim veepuudusesse..<\/p>\n","protected":false},"author":2,"featured_media":0,"parent":24,"menu_order":0,"comment_status":"closed","ping_status":"closed","template":"","meta":{"footnotes":""},"class_list":["post-92","page","type-page","status-publish","hentry"],"_links":{"self":[{"href":"https:\/\/aianduskool.ee\/taimeprojekt2022\/wp-json\/wp\/v2\/pages\/92","targetHints":{"allow":["GET"]}}],"collection":[{"href":"https:\/\/aianduskool.ee\/taimeprojekt2022\/wp-json\/wp\/v2\/pages"}],"about":[{"href":"https:\/\/aianduskool.ee\/taimeprojekt2022\/wp-json\/wp\/v2\/types\/page"}],"author":[{"embeddable":true,"href":"https:\/\/aianduskool.ee\/taimeprojekt2022\/wp-json\/wp\/v2\/users\/2"}],"replies":[{"embeddable":true,"href":"https:\/\/aianduskool.ee\/taimeprojekt2022\/wp-json\/wp\/v2\/comments?post=92"}],"version-history":[{"count":3,"href":"https:\/\/aianduskool.ee\/taimeprojekt2022\/wp-json\/wp\/v2\/pages\/92\/revisions"}],"predecessor-version":[{"id":96,"href":"https:\/\/aianduskool.ee\/taimeprojekt2022\/wp-json\/wp\/v2\/pages\/92\/revisions\/96"}],"up":[{"embeddable":true,"href":"https:\/\/aianduskool.ee\/taimeprojekt2022\/wp-json\/wp\/v2\/pages\/24"}],"wp:attachment":[{"href":"https:\/\/aianduskool.ee\/taimeprojekt2022\/wp-json\/wp\/v2\/media?parent=92"}],"curies":[{"name":"wp","href":"https:\/\/api.w.org\/{rel}","templated":true}]}}