{"id":97,"date":"2022-02-21T13:13:10","date_gmt":"2022-02-21T11:13:10","guid":{"rendered":"https:\/\/aianduskool.ee\/taimeprojekt2022\/?page_id=97"},"modified":"2022-02-21T13:32:21","modified_gmt":"2022-02-21T11:32:21","slug":"click-grow","status":"publish","type":"page","link":"https:\/\/aianduskool.ee\/taimeprojekt2022\/artiklid\/click-grow\/","title":{"rendered":"Click &#038; Grow"},"content":{"rendered":"<p>Click &amp; Grow on nutikaid taimekasvatusseadmeid tootev ettev\u00f5tte Eestis, kelle missiooniks on looduse ja inimeste \u00fchendamine l\u00e4bi tubase aianduse. Click &amp; Grow abil kasvatatakse igal aastal miljoneid taimi enam kui 150 erinevas riigis \u00fcle maailma.<\/p>\n<p>Click &amp; Grow taimekapslites kasutatav substraat Smart Soil on inspireeritud NASA Tehnoloogiast, tagamaks taimede kasvuks ideaalse keskkkonna.<span class=\"Y2IQFc\" lang=\"et\"> Smart Soil hoiab vett nanostruktuuri sees \u00fchtlaselt jaotunud, nii et taimejuurtel on kogu aeg juurdep\u00e4\u00e4s veele. See tagab, et taimedel on ideaalne pH-tase ja optimaalne vee, hapniku ja toitainete konfiguratsioon- taimedele on eluks vajalik kogu aeg k\u00e4ttesaadav. Kasvukeskkond on valmistatud looduslikest taastuvatest materjalidest ega sisalda pestitsiide, fungitsiide, hormoone ega muid kahjulikke aineid.<\/span><\/p>\n<p>Click &amp; Grow taimeaedades saab omale kasvatamiseks valida enam kui <span class=\"Y2IQFc\" lang=\"et\">75 maitsetaime, lille, lehtk\u00f6\u00f6givilja ja muu hulgast just sobiva.<\/span><\/p>\n<p>Lase oma fantaasial lennata!<\/p>\n<p>Rohkem infot vaata siit: <a href=\"https:\/\/eu.clickandgrow.com\/\">https:\/\/eu.clickandgrow.com\/\u00a0<\/a><\/p>\n","protected":false},"excerpt":{"rendered":"<p>Click &amp; Grow on nutikaid taimekasvatusseadmeid tootev ettev\u00f5tte Eestis, kelle missiooniks on looduse ja inimeste \u00fchendamine l\u00e4bi tubase aianduse. Click &amp; Grow abil kasvatatakse igal aastal miljoneid taimi enam kui 150 erinevas riigis \u00fcle maailma. Click &amp; Grow taimekapslites kasutatav substraat Smart Soil on inspireeritud NASA Tehnoloogiast, tagamaks taimede kasvuks ideaalse keskkkonna. Smart Soil hoiab vett nanostruktuuri sees \u00fchtlaselt jaotunud, nii et taimejuurtel on kogu aeg juurdep\u00e4\u00e4s veele. See tagab, et taimedel on ideaalne pH-tase ja optimaalne vee, hapniku ja toitainete konfiguratsioon- taimedele on eluks vajalik kogu aeg k\u00e4ttesaadav. Kasvukeskkond on valmistatud looduslikest taastuvatest materjalidest ega sisalda pestitsiide, fungitsiide, hormoone..<\/p>\n","protected":false},"author":2,"featured_media":0,"parent":12,"menu_order":0,"comment_status":"closed","ping_status":"closed","template":"","meta":{"footnotes":""},"class_list":["post-97","page","type-page","status-publish","hentry"],"_links":{"self":[{"href":"https:\/\/aianduskool.ee\/taimeprojekt2022\/wp-json\/wp\/v2\/pages\/97","targetHints":{"allow":["GET"]}}],"collection":[{"href":"https:\/\/aianduskool.ee\/taimeprojekt2022\/wp-json\/wp\/v2\/pages"}],"about":[{"href":"https:\/\/aianduskool.ee\/taimeprojekt2022\/wp-json\/wp\/v2\/types\/page"}],"author":[{"embeddable":true,"href":"https:\/\/aianduskool.ee\/taimeprojekt2022\/wp-json\/wp\/v2\/users\/2"}],"replies":[{"embeddable":true,"href":"https:\/\/aianduskool.ee\/taimeprojekt2022\/wp-json\/wp\/v2\/comments?post=97"}],"version-history":[{"count":1,"href":"https:\/\/aianduskool.ee\/taimeprojekt2022\/wp-json\/wp\/v2\/pages\/97\/revisions"}],"predecessor-version":[{"id":98,"href":"https:\/\/aianduskool.ee\/taimeprojekt2022\/wp-json\/wp\/v2\/pages\/97\/revisions\/98"}],"up":[{"embeddable":true,"href":"https:\/\/aianduskool.ee\/taimeprojekt2022\/wp-json\/wp\/v2\/pages\/12"}],"wp:attachment":[{"href":"https:\/\/aianduskool.ee\/taimeprojekt2022\/wp-json\/wp\/v2\/media?parent=97"}],"curies":[{"name":"wp","href":"https:\/\/api.w.org\/{rel}","templated":true}]}}