{"id":11,"date":"2016-10-02T16:25:50","date_gmt":"2016-10-02T13:25:50","guid":{"rendered":"http:\/\/aianduskool.ee\/toalilled\/?page_id=11"},"modified":"2019-10-24T12:33:56","modified_gmt":"2019-10-24T09:33:56","slug":"ulesanded","status":"publish","type":"page","link":"https:\/\/aianduskool.ee\/toalilled\/ulesanded\/","title":{"rendered":"\u00dclesanded"},"content":{"rendered":"<p>\u00dclesandeid ja t\u00e4htaegu vaata men\u00fc\u00fcst, kursuse veebiklassist (Office 365 OneNote) v\u00f5i \u00f5ppeinfos\u00fcsteemist <a href=\"https:\/\/tahvel.edu.ee\/#\/\" target=\"_blank\" rel=\"noopener noreferrer\">TAHVEL<\/a>.<\/p>\n","protected":false},"excerpt":{"rendered":"<p>\u00dclesandeid ja t\u00e4htaegu vaata men\u00fc\u00fcst, kursuse veebiklassist (Office 365 OneNote) v\u00f5i \u00f5ppeinfos\u00fcsteemist TAHVEL.<\/p>\n","protected":false},"author":2,"featured_media":0,"parent":0,"menu_order":0,"comment_status":"closed","ping_status":"closed","template":"","meta":{"footnotes":""},"class_list":["post-11","page","type-page","status-publish","hentry"],"_links":{"self":[{"href":"https:\/\/aianduskool.ee\/toalilled\/wp-json\/wp\/v2\/pages\/11","targetHints":{"allow":["GET"]}}],"collection":[{"href":"https:\/\/aianduskool.ee\/toalilled\/wp-json\/wp\/v2\/pages"}],"about":[{"href":"https:\/\/aianduskool.ee\/toalilled\/wp-json\/wp\/v2\/types\/page"}],"author":[{"embeddable":true,"href":"https:\/\/aianduskool.ee\/toalilled\/wp-json\/wp\/v2\/users\/2"}],"replies":[{"embeddable":true,"href":"https:\/\/aianduskool.ee\/toalilled\/wp-json\/wp\/v2\/comments?post=11"}],"version-history":[{"count":3,"href":"https:\/\/aianduskool.ee\/toalilled\/wp-json\/wp\/v2\/pages\/11\/revisions"}],"predecessor-version":[{"id":552,"href":"https:\/\/aianduskool.ee\/toalilled\/wp-json\/wp\/v2\/pages\/11\/revisions\/552"}],"wp:attachment":[{"href":"https:\/\/aianduskool.ee\/toalilled\/wp-json\/wp\/v2\/media?parent=11"}],"curies":[{"name":"wp","href":"https:\/\/api.w.org\/{rel}","templated":true}]}}