{"id":167,"date":"2017-08-12T18:32:56","date_gmt":"2017-08-12T15:32:56","guid":{"rendered":"http:\/\/aianduskool.ee\/toalilled\/?page_id=167"},"modified":"2017-08-12T18:41:30","modified_gmt":"2017-08-12T15:41:30","slug":"puhastamine","status":"publish","type":"page","link":"https:\/\/aianduskool.ee\/toalilled\/oppematerjalid\/teema-2-toataimede-hooldusvotted\/puhastamine\/","title":{"rendered":"Puhastamine"},"content":{"rendered":"<p><span style=\"color: #000000;\">Taimi tuleb aeg-ajalt tolmust puhastada. Tolmuga kaetud taimed on inetud, samuti ei j\u00f5ua valgus tolmu all olevate lehtedeni, \u00f5hul\u00f5hed ummistuvad ning taimede normaalne elutegevus on h\u00e4iritud. Samuti hakkavad hooletusse j\u00e4etud taimedel h\u00f5lpsasti arenema mitmesugused kahjurid ja haigused.\u00a0<\/span><\/p>\n<div id=\"attachment_171\" style=\"width: 260px\" class=\"wp-caption alignright\"><a href=\"http:\/\/aianduskool.ee\/toalilled\/wp-content\/uploads\/2017\/08\/How-To-Clean-Your-Houseplants-Article-Primary-Image.jpg\"><img loading=\"lazy\" decoding=\"async\" aria-describedby=\"caption-attachment-171\" class=\"wp-image-171 size-full\" src=\"http:\/\/aianduskool.ee\/toalilled\/wp-content\/uploads\/2017\/08\/How-To-Clean-Your-Houseplants-Article-Primary-Image.jpg\" alt=\"\" width=\"250\" height=\"190\" \/><\/a><p id=\"caption-attachment-171\" class=\"wp-caption-text\">Kummiviigipuu puhastamine niiske lapiga. Allikas: https:\/\/www.bayeradvanced.com\/articles\/how-to-clean-your-houseplants<\/p><\/div>\n<p><span style=\"color: #000000;\">Esmalt eemaldatakse lehtedelt tolm kuiva lapiga, seej\u00e4rel t\u00f5mmatakse lehtede pealmised ja lumised k\u00fcljed \u00fcle niiske lapiga. Puhastamiseks kasutatav vesi peab olema toatemperatuuril . V\u00f5imalike kahjurite t\u00f5rjeks v\u00f5ib vee hulka lisada 1 liitri vee kohta 5 grammi rohelist seep &#8220;RS&#8221;. Taimelehtede puhastamisel v\u00e4ltida seebivahu sattumist mullale, sest see on juurtele kahjulik. M\u00f5ne tunni m\u00f6\u00f6dudes v\u00f5i ka j\u00e4rgmisel p\u00e4eval tuleb taimede lehed veelkord puhta veega nn \u00fcle pesta. Roheline seep &#8220;RS&#8221; v\u00f5ib ummistada \u00f5hul\u00f5hed. Suurematel taimedel pestakse ka t\u00fcve ja oksi. Piserdamine puhastamisena ei toimi.\u00a0<\/span><\/p>\n<p>&nbsp;<\/p>\n<p><span style=\"color: #000000;\">Tugevaid lehti v\u00f5ib p\u00e4rast pesemist veel kuiva lapiga \u00fcle p\u00fchkida. Nii ei j\u00e4\u00e4 lehtedele veetilkasid ning lehed hakkavad l\u00e4ikima.\u00a0<\/span><br \/>\n<span style=\"color: #000000;\">T\u00fclikam on puhastada v\u00e4ikeste lehtedega taimi (nt m\u00fcrt). Sellistel taimedel ei saa lehti \u00fche kaupa puhastada. Sellisel juhul v\u00f5ib taime tagurpidi p\u00f6\u00f6rata ja puhastatav osa nt vee\u00e4mbris puhastada.\u00a0<\/span><\/p>\n<div id=\"attachment_173\" style=\"width: 260px\" class=\"wp-caption alignright\"><a href=\"http:\/\/aianduskool.ee\/toalilled\/wp-content\/uploads\/2017\/08\/brushes-for-cleaning-cacti-3-300x225.jpg\"><img loading=\"lazy\" decoding=\"async\" aria-describedby=\"caption-attachment-173\" class=\"wp-image-173\" src=\"http:\/\/aianduskool.ee\/toalilled\/wp-content\/uploads\/2017\/08\/brushes-for-cleaning-cacti-3-300x225-300x225.jpg\" alt=\"\" width=\"250\" height=\"188\" \/><\/a><p id=\"caption-attachment-173\" class=\"wp-caption-text\">Kaktuse puhastamine pintsliga. Allikas: http:\/\/www.desertplantsofavalon.com\/how-to-keep-your-cacti-and-succulents-clean\/<\/p><\/div>\n<p><span style=\"color: #000000;\">\u00d5rnade ja karvaste lehtedega taimi (nt s\u00e4ntpoolia, kuningbegoonia jt) veega ei puhastata. Sellistelt taimedelt eemaldatakse tolm puhumise teel v\u00f5i v\u00e4ikse pintsli abil. Samu meetodeid saab kasutada ka kaktusete puhastamisel. <\/span><\/p>\n<p>&nbsp;<\/p>\n<p>&nbsp;<\/p>\n<p>&nbsp;<\/p>\n<p><span style=\"color: #000000;\">Talvel pestakse taimi hommikul v\u00f5i p\u00e4eval, et lehestik j\u00f5uaks \u00f5htuks \u00e4ra kuivada. <\/span><br \/>\n<span style=\"color: #000000;\">Enne pesemist\/ puhastamist eemaldatakse taimelt k\u00f5ik koltunud ja kuivanud lehed ning n\u00e4rbunud \u00f5ied.\u00a0<\/span><span style=\"color: #000000;\">Aeg-ajalt tasub puhastada ka potte ja potialuseid.\u00a0<\/span><br \/>\n<span style=\"color: #000000;\">Taimede puhastamine tuleb ette v\u00f5tta v\u00e4hemalt kord kuus.\u00a0<\/span><\/p>\n","protected":false},"excerpt":{"rendered":"<p>Taimi tuleb aeg-ajalt tolmust puhastada. Tolmuga kaetud taimed on inetud, samuti ei j\u00f5ua valgus tolmu all olevate lehtedeni, \u00f5hul\u00f5hed ummistuvad ning taimede normaalne elutegevus on h\u00e4iritud. Samuti hakkavad hooletusse j\u00e4etud taimedel h\u00f5lpsasti arenema mitmesugused kahjurid ja haigused.\u00a0 Esmalt eemaldatakse lehtedelt tolm kuiva lapiga, seej\u00e4rel t\u00f5mmatakse lehtede pealmised ja lumised k\u00fcljed \u00fcle niiske lapiga. Puhastamiseks kasutatav [&hellip;]<\/p>\n","protected":false},"author":2,"featured_media":0,"parent":153,"menu_order":0,"comment_status":"closed","ping_status":"closed","template":"","meta":{"footnotes":""},"class_list":["post-167","page","type-page","status-publish","hentry"],"_links":{"self":[{"href":"https:\/\/aianduskool.ee\/toalilled\/wp-json\/wp\/v2\/pages\/167","targetHints":{"allow":["GET"]}}],"collection":[{"href":"https:\/\/aianduskool.ee\/toalilled\/wp-json\/wp\/v2\/pages"}],"about":[{"href":"https:\/\/aianduskool.ee\/toalilled\/wp-json\/wp\/v2\/types\/page"}],"author":[{"embeddable":true,"href":"https:\/\/aianduskool.ee\/toalilled\/wp-json\/wp\/v2\/users\/2"}],"replies":[{"embeddable":true,"href":"https:\/\/aianduskool.ee\/toalilled\/wp-json\/wp\/v2\/comments?post=167"}],"version-history":[{"count":5,"href":"https:\/\/aianduskool.ee\/toalilled\/wp-json\/wp\/v2\/pages\/167\/revisions"}],"predecessor-version":[{"id":181,"href":"https:\/\/aianduskool.ee\/toalilled\/wp-json\/wp\/v2\/pages\/167\/revisions\/181"}],"up":[{"embeddable":true,"href":"https:\/\/aianduskool.ee\/toalilled\/wp-json\/wp\/v2\/pages\/153"}],"wp:attachment":[{"href":"https:\/\/aianduskool.ee\/toalilled\/wp-json\/wp\/v2\/media?parent=167"}],"curies":[{"name":"wp","href":"https:\/\/api.w.org\/{rel}","templated":true}]}}